{"id":870,"date":"2014-06-24T17:21:41","date_gmt":"2014-06-24T15:21:41","guid":{"rendered":"http:\/\/l-netwbn.bplaced.net\/wordpress\/?page_id=870"},"modified":"2023-03-16T12:47:49","modified_gmt":"2023-03-16T10:47:49","slug":"schulungsprogramm","status":"publish","type":"page","link":"https:\/\/l-net.net\/index.php\/schulungsprogramm\/","title":{"rendered":"<span style=\"font-family:Arial\">Schulungsprogramm f\u00fcr Firmen<\/span>"},"content":{"rendered":"<pre><span style=\"font-family: 'Arial'; font-size: 0.8em;\"><span style=\"color: #339966;\"> <a title=\"Home\" href=\"https:\/\/l-net.net\/\"><span style=\"color: #339966;\">Home <\/span><\/a><\/span>\u00bb<a title=\"Lotus Notes bei L-Net\" href=\"https:\/\/l-net.net\/index.php\/lotus-notes-bei-l-net\/\"><span style=\"color: #339966;\"> Lotus Notes<\/span><\/a> \u00bb <span style=\"color: #339966;\"><a title=\"Dienstleistungen\" href=\"https:\/\/l-net.net\/index.php\/lotus-notes-dienstleistungen\/\"><span style=\"color: #339966;\">Dienstleistungen <\/span><\/a><\/span>\u00bb <span style=\"color: #339966;\"><a title=\"Schulungen\" href=\"https:\/\/l-net.net\/index.php\/schulungen\/\"><span style=\"color: #339966;\">Schulungen<\/span><\/a><\/span> \u00bb <span style=\"color: #000000;\">Schulungsprogramm f\u00fcr Firmen<\/span><\/span><\/pre>\n<p>&nbsp;<\/p>\n<p>Das aktuelle Schulungsprogramm f\u00fcr unsere Gesch\u00e4ftskunden:<\/p>\n<p>&nbsp;<\/p>\n<p><!-- EO bodyContentZMSCustom_layouttableitem --> <!-- BO bodyContentZMSCustom_layouttableitem --><\/p>\n<table class=\"layouttable\" cellspacing=\"0\" cellpadding=\"3\" border=\"0\">\n<tbody>\n<tr>\n<td style=\"background-color: #eeeeee;\" valign=\"top\">\n<p id=\"cell694\"><b>Bereich<\/b><\/p>\n<\/td>\n<td style=\"background-color: #eeeeee;\" valign=\"top\">\n<p id=\"cell567\"><b>Inhalt<\/b><\/p>\n<\/td>\n<td style=\"background-color: #eeeeee;\" valign=\"top\">\n<p id=\"cell571\"><b>Dauer<\/b><\/p>\n<\/td>\n<\/tr>\n<tr><!-- BO bodyContentZMSCustom_layouttableitem --><\/p>\n<td style=\"background-color: #ffffff;\" valign=\"top\">&nbsp;<\/td>\n<td style=\"background-color: #ffffff;\" valign=\"top\">&nbsp;<\/td>\n<td style=\"background-color: #ffffff;\" valign=\"top\">&nbsp;<\/td>\n<\/tr>\n<tr><!-- BO bodyContentZMSCustom_layouttableitem --><\/p>\n<td style=\"background-color: #eeeeee;\" valign=\"top\">\n<h3 id=\"cell869\"><b><span style=\"font-family: Arial;\">HCL Notes Domino<\/span><\/b><\/h3>\n<\/td>\n<td style=\"background-color: #ffffff;\" valign=\"top\">\n<p id=\"cell871\">HCL Notes f\u00fcr Einsteiger<br \/>\nHCL Notes f\u00fcr Fortgeschrittene<br \/>\nWorkshop HCL Notes<\/p>\n<\/td>\n<td style=\"background-color: #ffffff;\" valign=\"top\">\n<p id=\"cell873\">2 Tage<br \/>\n2 Tage<br \/>\nnach Absprache<\/p>\n<\/td>\n<\/tr>\n<tr><!-- BO bodyContentZMSCustom_layouttableitem --><\/p>\n<td style=\"background-color: #ffffff;\" valign=\"top\">&nbsp;<\/td>\n<td style=\"background-color: #ffffff;\" valign=\"top\">&nbsp;<\/td>\n<td style=\"background-color: #ffffff;\" valign=\"top\">&nbsp;<\/td>\n<\/tr>\n<tr><!-- BO bodyContentZMSCustom_layouttableitem --><\/p>\n<td style=\"background-color: #eeeeee;\" valign=\"top\">\n<h3 id=\"cell878\"><b><span style=\"font-family: Arial;\">Microsoft Office<\/span><\/b><\/h3>\n<\/td>\n<td style=\"background-color: #ffffff;\" valign=\"top\">\n<p id=\"cell880\">Word f\u00fcr Einsteiger<br \/>\nWord f\u00fcr Fortgeschrittene<br \/>\nExcel f\u00fcr Einsteiger<br \/>\nExcel f\u00fcr Fortgeschrittene<br \/>\nAccess f\u00fcr Einsteiger<br \/>\nAccess f\u00fcr Fortgeschrittene<br \/>\nPowerpoint f\u00fcr Einsteiger<br \/>\nPowerpoint f\u00fcr Fortgeschrittene<br \/>\nVisio f\u00fcr Einsteiger<br \/>\nVisio f\u00fcr Fortgeschrittene<br \/>\nProject f\u00fcr Einsteiger<br \/>\nProject f\u00fcr Fortgeschrittene<\/p>\n<\/td>\n<td style=\"background-color: #ffffff;\" valign=\"top\">\n<p id=\"cell883\">2 Tage<br \/>\n2 Tage<br \/>\n2 Tage<br \/>\n2 Tage<br \/>\n2 Tage<br \/>\n3 Tage<br \/>\n2 Tage<br \/>\n2 Tage<br \/>\n2 Tage<br \/>\n2 Tage<br \/>\n2 Tage<br \/>\n2 Tage<\/p>\n<\/td>\n<\/tr>\n<tr><!-- BO bodyContentZMSCustom_layouttableitem --><\/p>\n<td style=\"background-color: #ffffff;\" valign=\"top\">&nbsp;<\/td>\n<td style=\"background-color: #ffffff;\" valign=\"top\">&nbsp;<\/td>\n<td style=\"background-color: #ffffff;\" valign=\"top\">&nbsp;<\/td>\n<\/tr>\n<tr><!-- BO bodyContentZMSCustom_layouttableitem --><\/p>\n<td style=\"background-color: #eeeeee;\" valign=\"top\">\n<h3 id=\"cell888\"><b><span style=\"font-family: Arial;\">System Administration<\/span><\/b><\/h3>\n<\/td>\n<td style=\"background-color: #ffffff;\" valign=\"top\">\n<p id=\"cell890\">HCL Domino Administration 1<br \/>\nHCL Domino Administration 2<br \/>\nWorkshop HCL Domino<br \/>\nVorbereitung auf CLS Zertifizierung<\/p>\n<p>Microsoft Server Administration 1<br \/>\nMicrosoft Server Administration 2<br \/>\nWorkshop Microsoft Server<\/td>\n<td style=\"background-color: #ffffff;\" valign=\"top\">\n<p id=\"cell892\">2 Tage<br \/>\n3 Tage<br \/>\nnach Absprache<br \/>\n2 Tage<\/p>\n<p>2 Tage<br \/>\n3 Tage<br \/>\nnach Absprache<\/td>\n<\/tr>\n<tr><!-- BO bodyContentZMSCustom_layouttableitem --><\/p>\n<td style=\"background-color: #ffffff;\" valign=\"top\">&nbsp;<\/td>\n<td style=\"background-color: #ffffff;\" valign=\"top\">&nbsp;<\/td>\n<td style=\"background-color: #ffffff;\" valign=\"top\">&nbsp;<\/td>\n<\/tr>\n<tr><!-- BO bodyContentZMSCustom_layouttableitem --><\/p>\n<td style=\"background-color: #eeeeee;\" valign=\"top\">\n<h3 id=\"cell897\"><b><span style=\"font-family: Arial;\">Programmierung<\/span><\/b><\/h3>\n<\/td>\n<td style=\"background-color: #ffffff;\" valign=\"top\">\n<p id=\"cell899\">HCL Notes Datenbankentwicklung 1<br \/>\nHCL Notes Datenbankentwicklung 2<br \/>\nHCL Notes Web Entwicklung 1<br \/>\nHCL Notes Web Entwicklung 2<br \/>\nWorkshop HCL Notes DBEntwicklung<\/p>\n<p>Microsoft .NET Anwendungsentwicklung 1<br \/>\nMicrosoft .NET Anwendungsentwicklung 2<\/td>\n<td style=\"background-color: #ffffff;\" valign=\"top\">\n<p id=\"cell901\">2 Tage<br \/>\n3 Tage<br \/>\n2 Tage<br \/>\n3 Tage<br \/>\nnach Absprache<\/p>\n<p>3 Tage<br \/>\n4 Tage<\/td>\n<\/tr>\n<tr><!-- BO bodyContentZMSCustom_layouttableitem --><\/p>\n<td style=\"background-color: #ffffff;\" valign=\"top\">&nbsp;<\/td>\n<td style=\"background-color: #ffffff;\" valign=\"top\">&nbsp;<\/td>\n<td style=\"background-color: #ffffff;\" valign=\"top\">&nbsp;<\/td>\n<\/tr>\n<tr><!-- BO bodyContentZMSCustom_layouttableitem --><\/p>\n<td style=\"background-color: #eeeeee;\" valign=\"top\">\n<h3 id=\"cell907\"><b><span style=\"font-family: Arial;\">Grundlagen<\/span><\/b><\/h3>\n<\/td>\n<td style=\"background-color: #ffffff;\" valign=\"top\">\n<p id=\"cell909\">PC-Grundlagen<br \/>\nWindows f\u00fcr Einsteiger<br \/>\nWorkshop: WLan sicher einrichten<br \/>\nLinux f\u00fcr Einsteiger<\/p>\n<\/td>\n<td style=\"background-color: #ffffff;\" valign=\"top\">\n<p id=\"cell911\">1 Tag<br \/>\n2 Tage<br \/>\n1 Tag<br \/>\n2 Tage<\/p>\n<\/td>\n<\/tr>\n<tr><!-- BO bodyContentZMSCustom_layouttableitem --><\/p>\n<td style=\"background-color: #ffffff;\" valign=\"top\">&nbsp;<\/td>\n<td style=\"background-color: #ffffff;\" valign=\"top\">&nbsp;<\/td>\n<td style=\"background-color: #ffffff;\" valign=\"top\">&nbsp;<\/td>\n<\/tr>\n<tr><!-- BO bodyContentZMSCustom_layouttableitem --><\/p>\n<td style=\"background-color: #eeeeee;\" valign=\"top\">\n<h3 id=\"cell916\"><b><span style=\"font-family: Arial;\">Grafik \/<br \/>\nPublishing<\/span><\/b><\/h3>\n<\/td>\n<td style=\"background-color: #ffffff;\" valign=\"top\">\n<p id=\"cell918\">Adobe Photoshop f\u00fcr Einsteiger<br \/>\nAdobe Photoshop f\u00fcr Fortgeschrittene<\/p>\n<\/td>\n<td style=\"background-color: #ffffff;\" valign=\"top\">\n<p id=\"cell921\">2 Tage<br \/>\n2 Tage<\/p>\n<\/td>\n<\/tr>\n<\/tbody>\n<\/table>\n","protected":false},"excerpt":{"rendered":"<p>Home \u00bb Lotus Notes \u00bb Dienstleistungen \u00bb Schulungen \u00bb Schulungsprogramm f\u00fcr Firmen &nbsp; Das aktuelle Schulungsprogramm f\u00fcr unsere Gesch\u00e4ftskunden: &nbsp; Bereich Inhalt Dauer &nbsp; &nbsp; &nbsp; HCL Notes Domino HCL Notes f\u00fcr Einsteiger HCL Notes f\u00fcr Fortgeschrittene Workshop HCL Notes 2 Tage 2 Tage nach Absprache &nbsp; &nbsp; &nbsp; Microsoft Office Word f\u00fcr Einsteiger Word [&hellip;]<\/p>\n","protected":false},"author":1,"featured_media":0,"parent":0,"menu_order":0,"comment_status":"closed","ping_status":"open","template":"","meta":{"footnotes":""},"class_list":["post-870","page","type-page","status-publish","hentry"],"_links":{"self":[{"href":"https:\/\/l-net.net\/index.php\/wp-json\/wp\/v2\/pages\/870","targetHints":{"allow":["GET"]}}],"collection":[{"href":"https:\/\/l-net.net\/index.php\/wp-json\/wp\/v2\/pages"}],"about":[{"href":"https:\/\/l-net.net\/index.php\/wp-json\/wp\/v2\/types\/page"}],"author":[{"embeddable":true,"href":"https:\/\/l-net.net\/index.php\/wp-json\/wp\/v2\/users\/1"}],"replies":[{"embeddable":true,"href":"https:\/\/l-net.net\/index.php\/wp-json\/wp\/v2\/comments?post=870"}],"version-history":[{"count":24,"href":"https:\/\/l-net.net\/index.php\/wp-json\/wp\/v2\/pages\/870\/revisions"}],"predecessor-version":[{"id":5935,"href":"https:\/\/l-net.net\/index.php\/wp-json\/wp\/v2\/pages\/870\/revisions\/5935"}],"wp:attachment":[{"href":"https:\/\/l-net.net\/index.php\/wp-json\/wp\/v2\/media?parent=870"}],"curies":[{"name":"wp","href":"https:\/\/api.w.org\/{rel}","templated":true}]}}