{"id":828,"date":"2014-06-24T16:27:42","date_gmt":"2014-06-24T14:27:42","guid":{"rendered":"http:\/\/l-netwbn.bplaced.net\/wordpress\/?page_id=828"},"modified":"2020-06-17T15:23:32","modified_gmt":"2020-06-17T13:23:32","slug":"beratung-hcl-notes-domino","status":"publish","type":"page","link":"https:\/\/l-net.net\/index.php\/beratung-hcl-notes-domino\/","title":{"rendered":"<span style=\"font-family:Arial\">Beratung HCL Notes Domino<\/span>"},"content":{"rendered":"<pre><span style=\"font-family: 'Arial'; font-size: 0.82em;\"> <span style=\"color: #339966;\"><a title=\"Home\" href=\"https:\/\/l-net.net\/\"><span style=\"color: #339966;\">Home<\/span><\/a><\/span> \u00bb <a title=\"Notes Domino bei L-Net\" href=\"https:\/\/l-net.net\/index.php\/lotus-notes-bei-l-net\/\"><span style=\"color: #339966;\">HCL Notes Domino<\/span><\/a> \u00bb <span style=\"color: #339966;\"><a title=\"Dienstleistungen\" href=\"https:\/\/l-net.net\/index.php\/lotus-notes-dienstleistungen\/\"><span style=\"color: #339966;\">Dienstleistungen <\/span><\/a><\/span>\u00bb <span style=\"color: #339966;\"><a title=\"Beratung\" href=\"https:\/\/l-net.net\/index.php\/beratung\/\"><span style=\"color: #339966;\">Beratung<\/span><\/a><\/span> \u00bb <span style=\"color: #000000;\">Beratung HCL Notes Domino<\/span><\/span><\/pre>\n<p>&nbsp;<\/p>\n<h3><span style=\"font-family: Arial;\">Welchen Nutzen bringt mir HCL Notes Domino?<\/span><\/h3>\n<p><span style=\"font-family: Arial;\">Diese wie auch weitere Fragen von allen Interessenten und Kunden beantworten wir sehr gerne, denn die M\u00f6glichkeiten von Notes Domino gehen heute weit \u00fcber E-Mail und Kalender hinaus.<\/span><br \/>\n<span style=\"font-family: Arial;\">L-Net ber\u00e4t Sie z.B.:<\/span><\/p>\n<ul>\n<li>wo Ihnen der Einsatz von HCL Notes Domino einen echten Mehrwert generiert<\/li>\n<li>warum eine individuelle L\u00f6sung besser und sogar kosteng\u00fcnstiger sein kann<\/li>\n<li>wann und wie Sie auf eine neue Notes-Version migrieren sollten<\/li>\n<\/ul>\n<p>&nbsp;<br \/>\n<span style=\"font-family: Arial;\">Die marktf\u00fchrende HCL Notes Domino-Kompetenz von L-Net Informationssysteme beruht auf langj\u00e4hrigen <span style=\"color: #008000;\"><a title=\"Beispielprojekte Notes Domino\" href=\"https:\/\/l-net.net\/index.php\/beispielprojekte\/\"><span style=\"color: #008000;\">Projekterfahrungen<\/span><\/a><\/span> mit allen L\u00f6sungen der Notes-Produktfamilie.<\/span><\/p>\n<p>Rufen Sie uns an. Wir beraten Sie gerne.<\/p>\n<h3><\/h3>\n","protected":false},"excerpt":{"rendered":"<p>Home \u00bb HCL Notes Domino \u00bb Dienstleistungen \u00bb Beratung \u00bb Beratung HCL Notes Domino &nbsp; Welchen Nutzen bringt mir HCL Notes Domino? Diese wie auch weitere Fragen von allen Interessenten und Kunden beantworten wir sehr gerne, denn die M\u00f6glichkeiten von Notes Domino gehen heute weit \u00fcber E-Mail und Kalender hinaus. L-Net ber\u00e4t Sie z.B.: wo [&hellip;]<\/p>\n","protected":false},"author":1,"featured_media":0,"parent":0,"menu_order":0,"comment_status":"closed","ping_status":"closed","template":"","meta":{"footnotes":""},"class_list":["post-828","page","type-page","status-publish","hentry"],"_links":{"self":[{"href":"https:\/\/l-net.net\/index.php\/wp-json\/wp\/v2\/pages\/828","targetHints":{"allow":["GET"]}}],"collection":[{"href":"https:\/\/l-net.net\/index.php\/wp-json\/wp\/v2\/pages"}],"about":[{"href":"https:\/\/l-net.net\/index.php\/wp-json\/wp\/v2\/types\/page"}],"author":[{"embeddable":true,"href":"https:\/\/l-net.net\/index.php\/wp-json\/wp\/v2\/users\/1"}],"replies":[{"embeddable":true,"href":"https:\/\/l-net.net\/index.php\/wp-json\/wp\/v2\/comments?post=828"}],"version-history":[{"count":51,"href":"https:\/\/l-net.net\/index.php\/wp-json\/wp\/v2\/pages\/828\/revisions"}],"predecessor-version":[{"id":5101,"href":"https:\/\/l-net.net\/index.php\/wp-json\/wp\/v2\/pages\/828\/revisions\/5101"}],"wp:attachment":[{"href":"https:\/\/l-net.net\/index.php\/wp-json\/wp\/v2\/media?parent=828"}],"curies":[{"name":"wp","href":"https:\/\/api.w.org\/{rel}","templated":true}]}}