{"id":74,"date":"2014-06-13T17:00:58","date_gmt":"2014-06-13T15:00:58","guid":{"rendered":"http:\/\/l-netwbn.bplaced.net\/wordpress\/?page_id=74"},"modified":"2020-09-09T13:16:02","modified_gmt":"2020-09-09T11:16:02","slug":"l-net-unternehmen","status":"publish","type":"page","link":"https:\/\/l-net.net\/index.php\/l-net-unternehmen\/","title":{"rendered":"<span style=\"font-family:Arial\">Willkommen bei L-Net <\/span>"},"content":{"rendered":"<pre><span style=\"font-family: 'Arial'; font-size: 0.82em;\"> <span style=\"color: #339966;\"><a title=\"Home\" href=\"https:\/\/l-net.net\/\"><span style=\"color: #339966;\">Home<\/span><\/a><\/span> \u00bb <span style=\"color: #000000;\">Unternehmen<\/span><\/span><\/pre>\n<h3><a href=\"https:\/\/l-net.net\/wp-content\/uploads\/2014\/06\/L-Net_Wiesbaden_Unternehmen.jpg\"><img loading=\"lazy\" decoding=\"async\" class=\"alignleft wp-image-3154 \" title=\"L-Net Unternehmen\" src=\"https:\/\/l-net.net\/wp-content\/uploads\/2014\/06\/L-Net_Wiesbaden_Unternehmen.jpg\" alt=\"L-Net Unternehmen\" width=\"263\" height=\"370\" srcset=\"https:\/\/l-net.net\/wp-content\/uploads\/2014\/06\/L-Net_Wiesbaden_Unternehmen.jpg 292w, https:\/\/l-net.net\/wp-content\/uploads\/2014\/06\/L-Net_Wiesbaden_Unternehmen-213x300.jpg 213w\" sizes=\"auto, (max-width: 263px) 100vw, 263px\" \/><\/a><\/h3>\n<h2><span style=\"font-family: Arial;\">L-Net &#8211; das Expertenteam f\u00fcr Notes Domino und SEO<br \/>\n<\/span><\/h2>\n<p><span style=\"font-family: Arial;\">Sie wollen Ihre Gesch\u00e4ftsprozesse optimieren und Ihre Effizienz steigern? Oder ein neues IT-Projekt? Vielleicht tr\u00e4umen Sie von einer eigenen Firma und ben\u00f6tigen eine Internetpr\u00e4senz?<br \/>\n<\/span><\/p>\n<p><span style=\"font-family: Arial;\">Dann sind Sie bei uns richtig! Wir helfen Ihnen gern!<\/span><\/p>\n<p><span style=\"font-family: Arial;\">Sie genie\u00dfen bei uns exzellente<span style=\"color: #008000;\"> <a title=\"L-Net IT-Dienstleistungen\" href=\"https:\/\/l-net.net\/index.php\/lotus-notes-dienstleistungen\/\"><span style=\"color: #008000;\">IT-Dienstleistungen <\/span><\/a><\/span>im Bereich HCL Notes Domino, Webseitenerstellung und SEO. Zudem stehen wir Ihnen auch bei anderen komplexen IT- Projekten jederzeit zur Seite. Abgestimmt auf Ihre individuellen Bed\u00fcrfnisse unterst\u00fctzen wir Sie, Ihre Arbeitszeit effizienter zu nutzen und damit den wirtschaftlichen Erfolg zu steigern. Hierbei setzen wir auf technologische Trends von Notes Domino, die sich in den Aktualisierungen und Verbesserungen unserer<span style=\"color: #008000;\"><a title=\"L-Net Produkte auf HCL Domino Basis\" href=\"https:\/\/l-net.net\/index.php\/l-net-produkte-fuer-lotus-notes\/\"><span style=\"color: #008000;\"> Produkte <\/span><\/a><\/span>wiederfinden.<\/span><\/p>\n<p>Unsere Schwerpunkte:<\/p>\n<div class=\"eds-animate edsanimate-sis-hidden \" data-eds-entry-animation=\"bounceInLeft\" data-eds-entry-delay=\"0\" data-eds-entry-duration=\"1.5\" data-eds-entry-timing=\"ease\" data-eds-exit-animation=\"\" data-eds-exit-delay=\"\" data-eds-exit-duration=\"\" data-eds-exit-timing=\"\" data-eds-repeat-count=\"1\" data-eds-keep=\"yes\" data-eds-animate-on=\"scroll\" data-eds-scroll-offset=\"75\">\n<h4 style=\"text-align: center;\"><span style=\"color: #339966;\"><a title=\"Notes Domino bei L-Net\" href=\"https:\/\/l-net.net\/index.php\/lotus-notes-bei-l-net\/\"><span style=\"color: #339966;\"><span style=\"font-family: Arial;\">Notes Domino<\/span><\/span><\/a><\/span><\/h4>\n<\/div>\n<div class=\"eds-animate edsanimate-sis-hidden \" data-eds-entry-animation=\"bounceInRight\" data-eds-entry-delay=\"0\" data-eds-entry-duration=\"1.5\" data-eds-entry-timing=\"ease\" data-eds-exit-animation=\"\" data-eds-exit-delay=\"\" data-eds-exit-duration=\"\" data-eds-exit-timing=\"\" data-eds-repeat-count=\"1\" data-eds-keep=\"yes\" data-eds-animate-on=\"scroll\" data-eds-scroll-offset=\"75\">\n<h4 style=\"text-align: center;\"><a title=\"L-Net.digital Online Marketing L\u00f6sungen von L-Net in Wiesbaden\" href=\"http:\/\/l-net.digital\" target=\"_blank\" rel=\"noopener noreferrer\"> <span style=\"color: #339966;\"><span style=\"color: #339966;\"><span style=\"font-family: Arial;\">Webseiten Service<\/span><\/span><\/span><\/a><\/h4>\n<\/div>\n","protected":false},"excerpt":{"rendered":"<p>Home \u00bb Unternehmen L-Net &#8211; das Expertenteam f\u00fcr Notes Domino und SEO Sie wollen Ihre Gesch\u00e4ftsprozesse optimieren und Ihre Effizienz steigern? Oder ein neues IT-Projekt? Vielleicht tr\u00e4umen Sie von einer eigenen Firma und ben\u00f6tigen eine Internetpr\u00e4senz? Dann sind Sie bei uns richtig! Wir helfen Ihnen gern! Sie genie\u00dfen bei uns exzellente IT-Dienstleistungen im Bereich HCL [&hellip;]<\/p>\n","protected":false},"author":1,"featured_media":0,"parent":0,"menu_order":1,"comment_status":"closed","ping_status":"open","template":"","meta":{"footnotes":""},"class_list":["post-74","page","type-page","status-publish","hentry"],"_links":{"self":[{"href":"https:\/\/l-net.net\/index.php\/wp-json\/wp\/v2\/pages\/74","targetHints":{"allow":["GET"]}}],"collection":[{"href":"https:\/\/l-net.net\/index.php\/wp-json\/wp\/v2\/pages"}],"about":[{"href":"https:\/\/l-net.net\/index.php\/wp-json\/wp\/v2\/types\/page"}],"author":[{"embeddable":true,"href":"https:\/\/l-net.net\/index.php\/wp-json\/wp\/v2\/users\/1"}],"replies":[{"embeddable":true,"href":"https:\/\/l-net.net\/index.php\/wp-json\/wp\/v2\/comments?post=74"}],"version-history":[{"count":96,"href":"https:\/\/l-net.net\/index.php\/wp-json\/wp\/v2\/pages\/74\/revisions"}],"predecessor-version":[{"id":5312,"href":"https:\/\/l-net.net\/index.php\/wp-json\/wp\/v2\/pages\/74\/revisions\/5312"}],"wp:attachment":[{"href":"https:\/\/l-net.net\/index.php\/wp-json\/wp\/v2\/media?parent=74"}],"curies":[{"name":"wp","href":"https:\/\/api.w.org\/{rel}","templated":true}]}}