{"id":662,"date":"2014-06-23T13:04:05","date_gmt":"2014-06-23T11:04:05","guid":{"rendered":"http:\/\/l-netwbn.bplaced.net\/wordpress\/?page_id=662"},"modified":"2023-03-16T11:49:17","modified_gmt":"2023-03-16T09:49:17","slug":"rechtliche-hinweise","status":"publish","type":"page","link":"https:\/\/l-net.net\/index.php\/rechtliche-hinweise\/","title":{"rendered":"<span style=\"font-family:Arial\">Rechtliche Hinweise<\/span>"},"content":{"rendered":"<p>&nbsp;&nbsp;<\/p>\n<ol start=\"1\">\n<b><\/p>\n<li>Inhalt des Onlineangebotes<\/li>\n<p><\/b><\/ol>\n<p style=\"padding-left: 30px;\">L-Net \u00fcbernimmt keinerlei Gew\u00e4hr f\u00fcr die Aktualit\u00e4t, Korrektheit, Vollst\u00e4ndigkeit oder Qualit\u00e4t der bereitgestellten Informationen. Haftungsanspr\u00fcche gegen L-Net, die sich auf Sch\u00e4den materieller oder ideeller Art beziehen, welche durch die Nutzung oder Nichtnutzung der dargebotenen Informationen bzw. durch die Nutzung fehlerhafter und unvollst\u00e4ndiger Informationen verursacht wurden, sind grunds\u00e4tzlich ausgeschlossen, sofern seitens L-Net kein nachweislich vors\u00e4tzliches oder grob fahrl\u00e4ssiges Verschulden vorliegt. Ausgeschlossen ist auch jegliche Haftung f\u00fcr entgangenen Gewinn, Betriebsunterbrechung, Verlust von Programmen oder sonstigen Daten in Ihren Informationssystemen.<\/p>\n<p style=\"padding-left: 30px;\">Alle Angebote sind freibleibend und unverbindlich. L-Net beh\u00e4lt es sich ausdr\u00fccklich vor, Teile der Seiten oder das gesamte Angebot ohne gesonderte Ank\u00fcndigung zu ver\u00e4ndern, zu erg\u00e4nzen, zu l\u00f6schen oder die Ver\u00f6ffentlichung zeitweise oder endg\u00fcltig einzustellen. Dies gilt auch f\u00fcr Verbesserungen und\/oder \u00c4nderungen an den Produkten bzw. Programmen, die auf diesen Webseiten beschrieben sind.<\/p>\n<p>&nbsp;<\/p>\n<ol start=\"2\">\n<b><\/p>\n<li>&nbsp;Verweise und Links<\/li>\n<p><\/b><\/ol>\n<p style=\"padding-left: 30px;\">Die L-Net Informationssysteme GmbH \u00fcbernimmt f\u00fcr die Inhalte von anderen Webseiten, auf die mittels Hyperlink verwiesen wird, keine Haftung f\u00fcr irgendwelche direkten oder indirekten Folgesch\u00e4den.<\/p>\n<p>&nbsp;<\/p>\n<ol start=\"3\">\n<b><\/p>\n<li>&nbsp;Urheberrecht<\/li>\n<p><\/b><\/ol>\n<p style=\"padding-left: 30px;\">Inhalt und Struktur der Webseiten der L-Net Informationssysteme GmbH sind urheberrechtlich gesch\u00fctzt. Die Vervielf\u00e4ltigung von Informationen oder Daten, insbesondere die Verwendung von Texten, Textteilen oder Bildmaterial, bedarf der vorherigen Zustimmung der L-Net Informationssysteme GmbH. L-Net ist bestrebt, in allen Publikationen die Urheberrechte der verwendeten Grafiken, Sounds und Texte zu beachten, von L-Net selbst erstellte Grafiken, Sounds und Texte zu nutzen oder auf lizenzfreie Grafiken, Sounds und Texte zur\u00fcckzugreifen. Sollte sich auf den jeweiligen Seiten dennoch eine ungekennzeichnete, aber durch fremdes Copyright gesch\u00fctzte Grafik, ein Sound oder Text befinden, so konnte das Copyright von L-Net nicht festgestellt werden. Im Falle einer solchen unbeabsichtigten Copyrightverletzung wird L-Net das entsprechende Objekt nach Benachrichtigung aus seiner Publikation entfernen bzw. mit dem entsprechenden Copyright kenntlich machen.<\/p>\n<p>&nbsp;<\/p>\n<ol start=\"4\">\n<b><\/p>\n<li>Rechtswirksamkeit dieses Haftungsausschlusses<\/li>\n<p><\/b><\/ol>\n<p style=\"padding-left: 30px;\">Sofern Teile oder einzelne Formulierungen dieses Textes der geltenden Rechtslage nicht, nicht mehr oder nicht vollst\u00e4ndig entsprechen sollten, bleiben die \u00fcbrigen Teile des Dokumentes in ihrem Inhalt und ihrer G\u00fcltigkeit davon unber\u00fchrt.<\/p>\n","protected":false},"excerpt":{"rendered":"<p>&nbsp;&nbsp; Inhalt des Onlineangebotes L-Net \u00fcbernimmt keinerlei Gew\u00e4hr f\u00fcr die Aktualit\u00e4t, Korrektheit, Vollst\u00e4ndigkeit oder Qualit\u00e4t der bereitgestellten Informationen. Haftungsanspr\u00fcche gegen L-Net, die sich auf Sch\u00e4den materieller oder ideeller Art beziehen, welche durch die Nutzung oder Nichtnutzung der dargebotenen Informationen bzw. durch die Nutzung fehlerhafter und unvollst\u00e4ndiger Informationen verursacht wurden, sind grunds\u00e4tzlich ausgeschlossen, sofern seitens L-Net [&hellip;]<\/p>\n","protected":false},"author":1,"featured_media":0,"parent":0,"menu_order":0,"comment_status":"closed","ping_status":"closed","template":"","meta":{"footnotes":""},"class_list":["post-662","page","type-page","status-publish","hentry"],"_links":{"self":[{"href":"https:\/\/l-net.net\/index.php\/wp-json\/wp\/v2\/pages\/662","targetHints":{"allow":["GET"]}}],"collection":[{"href":"https:\/\/l-net.net\/index.php\/wp-json\/wp\/v2\/pages"}],"about":[{"href":"https:\/\/l-net.net\/index.php\/wp-json\/wp\/v2\/types\/page"}],"author":[{"embeddable":true,"href":"https:\/\/l-net.net\/index.php\/wp-json\/wp\/v2\/users\/1"}],"replies":[{"embeddable":true,"href":"https:\/\/l-net.net\/index.php\/wp-json\/wp\/v2\/comments?post=662"}],"version-history":[{"count":18,"href":"https:\/\/l-net.net\/index.php\/wp-json\/wp\/v2\/pages\/662\/revisions"}],"predecessor-version":[{"id":5919,"href":"https:\/\/l-net.net\/index.php\/wp-json\/wp\/v2\/pages\/662\/revisions\/5919"}],"wp:attachment":[{"href":"https:\/\/l-net.net\/index.php\/wp-json\/wp\/v2\/media?parent=662"}],"curies":[{"name":"wp","href":"https:\/\/api.w.org\/{rel}","templated":true}]}}