{"id":651,"date":"2014-06-23T12:54:50","date_gmt":"2014-06-23T10:54:50","guid":{"rendered":"http:\/\/l-netwbn.bplaced.net\/wordpress\/?page_id=651"},"modified":"2025-07-14T11:46:20","modified_gmt":"2025-07-14T09:46:20","slug":"impressum","status":"publish","type":"page","link":"https:\/\/l-net.net\/index.php\/impressum\/","title":{"rendered":"<span style=\"font-family:Arial\">Impressum<\/span>"},"content":{"rendered":"<pre><span style=\"font-family: 'Arial'; font-size: 0.82em;\"><span style=\"color: #339966;\"><a title=\"Home\" href=\"https:\/\/l-net.net\/\"><span style=\"color: #339966;\">Home<\/span><\/a><\/span> \u00bb <span style=\"color: #339966;\"><a title=\"L-Net Unternehmen\" href=\"https:\/\/l-net.net\/index.php\/l-net-unternehmen\/\"><span style=\"color: #339966;\">Unternehmen<\/span><\/a><\/span> \u00bb<span style=\"color: #000000;\"> Impressum<\/span><\/span><\/pre>\n<p>&nbsp;<\/p>\n<p><strong><span style=\"font-family: 'Arial'; font-size: 1.5em;\">L-Net Informationssysteme GmbH<\/span><\/strong><br \/>\n<span style=\"font-family: 'Arial'; font-size: 0.95em;\">Am Wiesengrund 9<br \/>\n65510 Idstein<\/span><br \/>\n<span style=\"font-family: 'Arial'; font-size: 0.95em;\">Deutschland<\/span><\/p>\n<p><span style=\"font-family: 'Arial'; font-size: 0.95em;\">Tel. +49-611-23634220<\/span><br \/>\n<span style=\"font-family: 'Arial'; font-size: 0.95em;\">E-Mail: <a href=\"mailto:info@L-Net.net\"><span style=\"color: #074738;\">info@L-Net.net<\/span><\/a><\/span><\/p>\n<p><span style=\"font-family: 'Arial'; font-size: 0.95em;\">Gesch\u00e4ftsf\u00fchrer: Thomas H\u00f6hmann<\/span><br \/>\n<span style=\"font-family: 'Arial'; font-size: 0.95em;\">Gerichtsstand: Amtsgericht Wiesbaden HRB 10447<\/span><br \/>\n<span style=\"font-family: 'Arial'; font-size: 0.95em;\">Umsatzsteuer-Identifikationsnummer: DE188151911<\/span><\/p>\n<p><span style=\"font-family: 'Arial'; font-size: 0.95em;\">Gerichtsstand: Amtsgericht Wiesbaden HRB 10447<\/span><br \/>\n<span style=\"font-family: 'Arial'; font-size: 0.95em;\">Umsatzsteuer-Identifikationsnummer: DE188151911<\/span><\/p>\n<p><strong><span style=\"font-family: 'Arial'; font-size: 0.95em;\"> Bildnachweis <\/span><\/strong><\/p>\n<p><span style=\"font-family: 'Arial'; font-size: 0.95em;\">Bilder, die auf unserer Website Verwendung finden, stammen von:<\/span><\/p>\n<ul>\n<li>L-Net (Kontakt, Anreise, L-Net Produktreihe)<\/li>\n<li>unseren Kunden und Partnern (Referenzen und Partner)<\/li>\n<li>Fotolia.com<\/li>\n<li>pixabay.com (Beitr\u00e4ge)<\/li>\n<li>unsplash.com (Beitr\u00e4ge)<\/li>\n<\/ul>\n<p><span style=\"font-family: 'Arial'; font-size: 0.95em;\">Angaben zu den Urhebern der auf der Webseite verwendeten Bildern:<\/span><\/p>\n<p>Startseite Slider &#8211; <span style=\"text-align: left;\"><a href=\"http:\/\/de.fotolia.com\/id\/53455112\">53455112<\/a><em>\u00a9 opolja &#8211; Fotolia.com<\/em><\/span><br \/>\nStartseite Slider &#8211; <span style=\"text-align: left;\"><a href=\"http:\/\/de.fotolia.com\/id\/52402403\">52402403<\/a><em>\u00a9 everythingpossible &#8211; Fotolia.com<\/em><\/span><br \/>\nStartseite Slider &#8211; <span style=\"text-align: left;\"><a href=\"http:\/\/de.fotolia.com\/id\/61884825\">61884825<\/a><em>\u00a9 Sergey Nivens &#8211; Fotolia.com<\/em><\/span><br \/>\nStartseite Slider &#8211; <span style=\"text-align: left;\"><a href=\"http:\/\/de.fotolia.com\/id\/60086932\">60086932<\/a><em>\u00a9 Sergey Nivens &#8211; Fotolia.com<\/em><\/span><br \/>\nStartseite Projekte &#8211; <a href=\"http:\/\/de.fotolia.com\/id\/57716265\">57716265<\/a><em>\u00a9 Dmitry Erashov &#8211; Fotolia.com<\/em><br \/>\nStartseite Aktuelles &#8211; <span style=\"text-align: left;\"><a href=\"http:\/\/de.fotolia.com\/id\/65111720\">65111720<\/a><em>\u00a9 ra2 studio &#8211; Fotolia.com<\/em><\/span><br \/>\nKundenbereich &#8211; <span style=\"text-align: left;\"><a href=\"http:\/\/de.fotolia.com\/id\/57947843\">57947843<\/a><em>\u00a9 valentint &#8211; Fotolia.com<\/em><\/span><br \/>\nPhilosophie &#8211; <span style=\"text-align: left;\"><a href=\"http:\/\/de.fotolia.com\/id\/52653402\">52653402<\/a><em>\u00a9 Marek &#8211; Fotolia.com<\/em><\/span><br \/>\nSeminare &#8211; <span style=\"text-align: left;\"><a href=\"http:\/\/de.fotolia.com\/id\/39422166\">39422166<\/a><em>\u00a9 goodluz &#8211; Fotolia.com<\/em><\/span><br \/>\nMobile Applikationen &#8211; <span style=\"text-align: left;\"><a href=\"http:\/\/de.fotolia.com\/id\/53186767\">53186767<\/a><em>\u00a9 THesIMPLIFY &#8211; Fotolia.com<\/em><\/span><br \/>\nUnternehmen &#8211; <span style=\"text-align: left;\"><a href=\"http:\/\/de.fotolia.com\/id\/62986693\">62986693<\/a><em>\u00a9 opolja &#8211; Fotolia.com<\/em><\/span><br \/>\nSoftwareentwicklung &#8211; <span style=\"text-align: left;\"><a href=\"http:\/\/de.fotolia.com\/id\/47997325\">47997325<\/a><em>\u00a9 Sergey Nivens &#8211; Fotolia.com<\/em><\/span><br \/>\nIT-Dienstleistungen &#8211; <span style=\"text-align: left;\"><a href=\"http:\/\/de.fotolia.com\/id\/47805892\">47805892<\/a><em>\u00a9 Sergey Nivens &#8211; Fotolia.com<\/em><\/span><br \/>\nBeratung &#8211; <span style=\"text-align: left;\"><a href=\"http:\/\/de.fotolia.com\/id\/7614999\">7614999<\/a><em>\u00a9 pressmaster &#8211; Fotolia.com<\/em><\/span><br \/>\nTipp der Woche &#8211; <span style=\"text-align: left;\"><a href=\"http:\/\/de.fotolia.com\/id\/60596468\">60596468<\/a><em>\u00a9 everythingpossible &#8211; Fotolia.com<\/em><\/span><br \/>\nKarriere &#8211; <span style=\"text-align: left;\"><a href=\"http:\/\/de.fotolia.com\/id\/65308163\">65308163<\/a><em>\u00a9 Brian Jackson &#8211; Fotolia.com<\/em><\/span><br \/>\nSupport &#8211; <span style=\"text-align: left;\"><a href=\"http:\/\/de.fotolia.com\/id\/60787676\">60787676<\/a><em>\u00a9 Yuriy Shevtsov &#8211; Fotolia.com<\/em><\/span><br \/>\nL-Net Produkte &#8211; <span style=\"text-align: left;\"><a href=\"http:\/\/de.fotolia.com\/id\/55704351\">55704351<\/a><em>\u00a9 Sergey Nivens &#8211; Fotolia.com<\/em><\/span><br \/>\nSEO &#8211; <span class=\"trunc-string\"><a href=\"https:\/\/de.fotolia.com\/id\/85250587\">85250587<\/a> <\/span><em>\u00a9 Sunny studio &#8211; <span style=\"text-align: left;\"><em>Fotolia.com<\/em><\/span><\/em><br \/>\nWebseitenbetreuung &#8211; <span class=\"trunc-string\"><a href=\"https:\/\/de.fotolia.com\/id\/84445057\"> 84445057<\/a> <\/span><em>\u00a9 kenterville <\/em><span style=\"text-align: left;\"><em> &#8211; Fotolia.com<\/em><\/span><br \/>\nMehrfach Repliken auf einem Server vermeiden (1) &#8211; <span class=\"trunc-string\"><a href=\"https:\/\/pixabay.com\/de\/vectors\/datenbank-lagerung-datenspeicherung-152091\/\"> 152091<\/a> <\/span><span style=\"text-align: left;\"><em> &#8211; pixabay.com<\/em><\/span><br \/>\nMehrfach Repliken auf einem Server vermeiden (2) &#8211; <span class=\"trunc-string\"><a href=\"https:\/\/pixabay.com\/de\/illustrations\/mail-nachricht-e-mail-1454731\/\"> 1454731<\/a> <\/span><span style=\"text-align: left;\"><em> &#8211; pixabay.com<\/em><\/span><br \/>\nDatenbank im Basic Modus \u00f6ffnen (1) &#8211; <span class=\"trunc-string\"><a href=\"https:\/\/pixabay.com\/de\/vectors\/datenbank-lagerung-datenspeicherung-152091\"> 152091<\/a> <\/span><span style=\"text-align: left;\"><em> &#8211; pixabay.com<\/em><\/span><br \/>\nDatenbank im Basic Modus \u00f6ffnen (2) &#8211; <span class=\"trunc-string\"><a href=\"https:\/\/pixabay.com\/de\/vectors\/falsch-fehler-fehlt-fehlend-error-2061131\/\"> 2061131<\/a> <\/span><span style=\"text-align: left;\"><em> &#8211; pixabay.com<\/em><\/span><br \/>\nUmstieg von Windows 7 auf Windows 10 &#8211; <span class=\"trunc-string\"><a href=\"https:\/\/pixabay.com\/de\/illustrations\/hintergrund-windows-10-zehn-720224\/\"> 720224<\/a> <\/span><span style=\"text-align: left;\"><em> &#8211; pixabay.com<\/em><\/span><br \/>\niPad kann jetzt Notesanwendungen bedienen &#8211; <span class=\"trunc-string\"><a href=\"https:\/\/unsplash.com\/photos\/MCzoo60m-Nw\/\"> MCzoo60m-Nw<\/a> <\/span><span style=\"text-align: left;\"><em> &#8211; unsplash.com<\/em><\/span><\/p>\n","protected":false},"excerpt":{"rendered":"<p>Home \u00bb Unternehmen \u00bb Impressum &nbsp; L-Net Informationssysteme GmbH Am Wiesengrund 9 65510 Idstein Deutschland Tel. +49-611-23634220 E-Mail: info@L-Net.net Gesch\u00e4ftsf\u00fchrer: Thomas H\u00f6hmann Gerichtsstand: Amtsgericht Wiesbaden HRB 10447 Umsatzsteuer-Identifikationsnummer: DE188151911 Gerichtsstand: Amtsgericht Wiesbaden HRB 10447 Umsatzsteuer-Identifikationsnummer: DE188151911 Bildnachweis Bilder, die auf unserer Website Verwendung finden, stammen von: L-Net (Kontakt, Anreise, L-Net Produktreihe) unseren Kunden und Partnern [&hellip;]<\/p>\n","protected":false},"author":1,"featured_media":0,"parent":0,"menu_order":0,"comment_status":"closed","ping_status":"closed","template":"","meta":{"footnotes":""},"class_list":["post-651","page","type-page","status-publish","hentry"],"_links":{"self":[{"href":"https:\/\/l-net.net\/index.php\/wp-json\/wp\/v2\/pages\/651","targetHints":{"allow":["GET"]}}],"collection":[{"href":"https:\/\/l-net.net\/index.php\/wp-json\/wp\/v2\/pages"}],"about":[{"href":"https:\/\/l-net.net\/index.php\/wp-json\/wp\/v2\/types\/page"}],"author":[{"embeddable":true,"href":"https:\/\/l-net.net\/index.php\/wp-json\/wp\/v2\/users\/1"}],"replies":[{"embeddable":true,"href":"https:\/\/l-net.net\/index.php\/wp-json\/wp\/v2\/comments?post=651"}],"version-history":[{"count":70,"href":"https:\/\/l-net.net\/index.php\/wp-json\/wp\/v2\/pages\/651\/revisions"}],"predecessor-version":[{"id":7111,"href":"https:\/\/l-net.net\/index.php\/wp-json\/wp\/v2\/pages\/651\/revisions\/7111"}],"wp:attachment":[{"href":"https:\/\/l-net.net\/index.php\/wp-json\/wp\/v2\/media?parent=651"}],"curies":[{"name":"wp","href":"https:\/\/api.w.org\/{rel}","templated":true}]}}