{"id":4563,"date":"2018-05-21T22:31:31","date_gmt":"2018-05-21T20:31:31","guid":{"rendered":"http:\/\/l-net.net\/?page_id=4563"},"modified":"2025-07-14T11:16:32","modified_gmt":"2025-07-14T09:16:32","slug":"datenschutz","status":"publish","type":"page","link":"https:\/\/l-net.net\/index.php\/datenschutz\/","title":{"rendered":"<span style=\"font-family:Arial\">Datenschutz<\/span>"},"content":{"rendered":"<p>Die L-Net Informationssysteme GmbH nimmt Ihren Datenschutz sehr ernst und behandelt Ihre personenbezogenen Daten vertraulich und entsprechend der gesetzlichen Vorschriften.<\/p>\n<p>Bedenken Sie, dass die Daten\u00fcbertragung im Internet grunds\u00e4tzlich mit Sicherheitsl\u00fccken bedacht sein kann. Ein vollumf\u00e4nglicher Schutz vor dem Zugriff durch Fremde ist nicht realisierbar.<\/p>\n<p><strong>Zugriffsdaten<\/strong><\/p>\n<p style=\"margin: 0cm 0cm 21.0pt 0cm;\">Die Nutzung unserer Webseite ist in der Regel ohne Angabe personenbezogener Daten m\u00f6glich. Durch den Besuch unserer Webseite k\u00f6nnen folgende Informationen auf dem Server gespeichert werden:<\/p>\n<p>(1) Informationen \u00fcber den Browsertyp und die verwendete Version<br \/>\n(2) Das Betriebssystem des Nutzers<br \/>\n(3) Den Internet-Service-Provider des Nutzers<br \/>\n(4) Die IP-Adresse des Nutzers<br \/>\n(5) Datum und Uhrzeit des Zugriffs<br \/>\n(6) Websites, von denen das System des Nutzers auf unsere Internetseite gelangt<br \/>\n(7) Websites, die vom System des Nutzers \u00fcber unsere Website aufgerufen werden<\/p>\n<p>Dies stellt keine Auswertung personenbezogener Daten (z.B. Name, Anschrift oder E-Mail Adresse) dar. <span style=\"font-size: 11.0pt; font-family: 'Arial','sans-serif'; color: #333333;\">Die erhobenen Daten dienen lediglich statistischen Auswertungen und zur Verbesserung der Website. Der Websitebetreiber beh\u00e4lt sich allerdings vor, die Server-Logfiles nachtr\u00e4glich zu \u00fcberpr\u00fcfen, sollten konkrete Anhaltspunkte auf eine rechtswidrige Nutzung hinweisen.<\/span><\/p>\n<p>Die Speicherung in Logfiles erfolgt, um die Funktionsf\u00e4higkeit der Website sicherzustellen. Zudem dienen uns die Daten zur Optimierung der Website und zur Sicherstellung der Sicherheit unserer informationstechnischen Systeme. Eine Auswertung der Daten zu Marketingzwecken findet in diesem Zusammenhang nicht statt.<\/p>\n<p>In diesen Zwecken liegt auch unser berechtigtes Interesse an der Datenverarbeitung nach Art. 6 Abs. 1 lit. f DSGVO.<\/p>\n<p><strong>Personenbezogene Daten<\/strong><\/p>\n<p>Sofern auf unseren Seiten personenbezogene Daten (beispielsweise Name, Anschrift, Telefonnummr oder E-Mail-Adressen) erhoben werden, werden diese ohne Ihre ausdr\u00fcckliche Zustimmung nicht an Dritte weitergegeben. F\u00fcr die Sicherheit der Daten\u00fcbertragung im Internet k\u00f6nnen wir keine Gew\u00e4hr \u00fcbernehmen, insbesondere besteht bei der \u00dcbertragung von Daten per E-Mail die Gefahr des Zugriffs durch Dritte. Ein l\u00fcckenloser Schutz der Daten vor dem Zugriff Dritter ist nicht m\u00f6glich. Wir \u00fcbernehmen keine Haftung f\u00fcr die durch solche Sicherheitsl\u00fccken entstehenden Sch\u00e4den.<br \/>\nWenn Sie uns per Kontaktformular Anfragen zukommen lassen, werden Ihre Angaben aus dem Anfrageformular inklusive der von Ihnen dort angegebenen Kontaktdaten zwecks Bearbeitung der Anfrage und f\u00fcr den Fall von Anschlussfragen bei uns gespeichert. Diese Daten geben wir nicht ohne Ihre Einwilligung weiter.<\/p>\n<p><strong>Rechtsgrundlage f\u00fcr die Verarbeitung personenbezogener Daten<\/strong><\/p>\n<p>Soweit wir f\u00fcr Verarbeitungsvorg\u00e4nge personenbezogener Daten eine Einwilligung der betroffenen Person einholen, dient Art. 6 Abs. 1 lit. a EU-Datenschutzgrundverordnung (DSGVO) als Rechtsgrundlage.<br \/>\nBei der Verarbeitung von personenbezogenen Daten, die zur Erf\u00fcllung eines Vertrages, dessen Vertragspartei die betroffene Person ist, erforderlich ist, dient Art. 6 Abs. 1 lit. b DSGVO als Rechtsgrundlage. Dies gilt auch f\u00fcr Verarbeitungsvorg\u00e4nge, die zur Durchf\u00fchrung vorvertraglicher Ma\u00dfnahmen erforderlich sind.<br \/>\nSoweit eine Verarbeitung personenbezogener Daten zur Erf\u00fcllung einer rechtlichen Verpflichtung erforderlich ist, der unser Unternehmen unterliegt, dient Art. 6 Abs. 1 lit. c DSGVO als Rechtsgrundlage.<br \/>\nF\u00fcr den Fall, dass lebenswichtige Interessen der betroffenen Person oder einer anderen nat\u00fcrlichen Person eine Verarbeitung personenbezogener Daten erforderlich machen, dient Art. 6 Abs. 1 lit. d DSGVO als Rechtsgrundlage.<br \/>\nIst die Verarbeitung zur Wahrung eines berechtigten Interesses unseres Unternehmens oder eines Dritten erforderlich und \u00fcberwiegen die Interessen, Grundrechte und Grundfreiheiten des Betroffenen das erstgenannte Interesse nicht, so dient Art. 6 Abs. 1 lit. f DSGVO als Rechtsgrundlage f\u00fcr die Verarbeitung.<br \/>\nRechtsgrundlage f\u00fcr die Verarbeitung der Daten, die im Zuge einer \u00dcbersendung einer E-Mail \u00fcbermittelt werden, ist Art. 6 Abs. 1 lit. f DSGVO. Zielt der E-Mail-Kontakt auf den Abschluss eines Vertrages ab, so ist zus\u00e4tzliche Rechtsgrundlage f\u00fcr die Verarbeitung Art. 6 Abs. 1 lit. b DSGVO.<\/p>\n<p><strong>Kommentare und Beitr\u00e4ge<\/strong><\/p>\n<p>Hinterlassen Sie auf dieser Website einen Beitrag oder Kommentar, wird Ihre IP-Adresse gespeichert. Dies dient der Sicherheit des Websitebetreibers: Verst\u00f6\u00dft Ihr Text gegen das Recht, m\u00f6chte er Ihre Identit\u00e4t nachverfolgen k\u00f6nnen.<\/p>\n<p><strong>Abonnements<\/strong><\/p>\n<p>Sie haben die M\u00f6glichkeit, sowohl die gesamte Website als auch Nachfolgekommentare auf Ihren Beitrag zu abonnieren. Sie erhalten eine E-Mail zur Best\u00e4tigung Ihrer E-Mail-Adresse. Neben dieser werden keine weiteren Daten erhoben. Die gespeicherten Daten werden nicht an Dritte weitergereicht. Sie k\u00f6nnen ein Abonnement jederzeit abbestellen.<\/p>\n<p><strong>Datenl\u00f6schung und Speicherdauer<\/strong><\/p>\n<p>Die personenbezogenen Daten der betroffenen Person werden gel\u00f6scht oder gesperrt, sobald der Zweck der Speicherung entf\u00e4llt. Eine Sperrung oder L\u00f6schung der Daten erfolgt auch dann, wenn eine durch die genannten Normen vorgeschriebene Speicherfrist abl\u00e4uft, es sei denn, dass eine Erforderlichkeit zur weiteren Speicherung der Daten f\u00fcr einen Vertragsabschluss oder eine Vertragserf\u00fcllung besteht.<\/p>\n<p><strong>Recht auf Information \u00fcber Ihre pers\u00f6nlichen Daten, Berichtigung, Sperrung bzw. L\u00f6schung<\/strong><\/p>\n<p>Sie k\u00f6nnen jederzeit Auskunft \u00fcber die zu Ihrer Person gespeicherten Daten( Herkunft, Empf\u00e4nger, Zweck) verlangen. Dar\u00fcber hinaus haben Sie nach Ma\u00dfgabe der gesetzlichen Bestimmungen ein Recht auf Berichtigung, Sperrung bzw. L\u00f6schung Ihrer Daten.<\/p>\n<p>Wenn Sie uns pers\u00f6nliche Daten gesendet haben und Ausk\u00fcnfte, ob und wie die Daten verarbeiten werden oder die Berichtigung\/Sperrung\/L\u00f6schung Ihrer Daten w\u00fcnschen, wenden Sie sich bitte per E-Mail an die Impressum genannte Kontaktadresse.<\/p>\n<p><strong>Recht auf Widerruf der datenschutzrechtlichen Einwilligungserkl\u00e4rung<\/strong><\/p>\n<p>Sie haben das Recht, Ihre datenschutzrechtliche Einwilligungserkl\u00e4rung jederzeit zu widerrufen. Durch den Widerruf der Einwilligung wird die Rechtm\u00e4\u00dfigkeit der aufgrund der Einwilligung bis zum Widerruf erfolgten Verarbeitung nicht ber\u00fchrt.<\/p>\n<p><strong>Recht auf Beschwerde bei der zust\u00e4ndigen Aufsichtsbeh\u00f6rde<\/strong><\/p>\n<p>Im Falle eines datenschutzrechtlichen Versto\u00dfes haben Sie Recht uf Beschwerde bei der zust\u00e4ndigen Aufsichtsbeh\u00f6rde. Die zust\u00e4ndige Aufsichtsbeh\u00f6rde ist der Landesdatenschutzbeauftragte des Bundeslandes, in dem sich der Sitz unseres Unternehmens befindet. Unter folgendem Link finden Sie eine Liste der Datenschutzbeauftragten. sowie deren Kontaktdaten bereit: https:\/\/www.bfdi.bund.de\/DE\/Infothek\/Anschriften_Links\/anschriften_links-node.html.<\/p>\n<p><strong>Kommentare<\/strong><\/p>\n<p>Wenn Nutzer Kommentare auf unserer Website hinterlassen, sammeln wir neben den Daten (Name, Mail, Adresse), die im Anmelde-Formular angezeigt werden, au\u00dferdem die IP-Adresse des Besuchers und den User-Agent-String (damit wird der Browser identifiziert), um die Erkennung von Spam zu unterst\u00fctzen.<\/p>\n<p>Aus der angebenen E-Mail-Adresse kann eine anonymisierte Zeichenfolge erstellt (auch Hash genannt) und dem Gravatar-Dienst \u00fcbergeben werden, um zu pr\u00fcfen, ob Sie diesen benutzen. Die Datenschutzerkl\u00e4rung des Gravatar-Dienstes: <a href=\"https:\/\/automattic.com\/privacy\/\">https:\/\/automattic.com\/privacy\/<\/a>. Nachdem Ihr Kommentar freigegeben wurde, ist Ihr Profilbild \u00f6ffentlich im Kontext deines Kommentars sichtbar.<\/p>\n<p>Besucher-Kommentare k\u00f6nnten von einem automatisierten Dienst zur Spam-Erkennung untersucht werden. Dies dient der Sicherheit des Websitebetreibers: Verst\u00f6\u00dft Ihr Text gegen das Recht, m\u00f6chten wir Ihre Identit\u00e4t nachverfolgen k\u00f6nnen.<\/p>\n<p><strong>Abonnements<\/strong><\/p>\n<p>Sie haben die M\u00f6glichkeit, sowohl die gesamte Website als die Beitr\u00e4ge zu abonnieren. Sie erhalten eine E-Mail zur Best\u00e4tigung Ihrer E-Mail-Adresse. Neben dieser Mailadresse werden keine weiteren Daten erhoben. Die gespeicherten Daten werden nicht an Dritte weitergereicht. Sie k\u00f6nnen ein Abonnement jederzeit abbestellen.<\/p>\n<p><strong>Kontaktaufnahme<\/strong><\/p>\n<p>Im Rahmen der Kontaktaufnahme z.B. per Kontaktformular oder E-Mail werden die Angaben des Nutzers, wie Name, Mail, Telefon, Adresse gespeichert und verarbeitet um die Kontaktanfrage zu bearbeiten. Als rechtliche Vorlage gilt hierf\u00fcr Art. 6 Abs. 1 lit. b) DSGVO.<\/p>\n<p>Die Anfrage wird gel\u00f6scht, sofern diese abgewickelt wird und nicht mehr erforderlich ist.<\/p>\n<p><strong>Cookies<\/strong><\/p>\n<p>Diese Website verwendet Cookies. Dabei handelt es sich um kleine Textdateien, welche auf Ihrem Endger\u00e4t gespeichert werden. Ihr Browser greift auf diese Dateien zu. Durch den Einsatz von Cookies erh\u00f6ht sich die Benutzerfreundlichkeit und Sicherheit dieser Website.<\/p>\n<p>Wir setzen Cookies ein, um unsere Website nutzerfreundlicher zu gestalten. Einige Elemente unserer Internetseite erfordern es, dass der aufrufende Browser auch nach einem Seitenwechsel identifiziert werden kann.<\/p>\n<p>In den Cookies werden dabei folgende Daten gespeichert und \u00fcbermittelt:<\/p>\n<ul>\n<li style=\"font-size: 13px;\">Spracheinstellungen<\/li>\n<li style=\"font-size: 13px;\">Log-In-Informationen<em>:<\/em><\/li>\n<\/ul>\n<p>Wir verwenden auf unserer Website dar\u00fcber hinaus Cookies, die eine Analyse des Surfverhaltens der Nutzer erm\u00f6glichen.<\/p>\n<p>Auf diese Weise k\u00f6nnen folgende Daten \u00fcbermittelt werden:<\/p>\n<ul>\n<li style=\"font-size: 13px;\">Eingegebene Suchbegriffe<\/li>\n<li style=\"font-size: 13px;\">H\u00e4ufigkeit von Seitenaufrufen<\/li>\n<li style=\"font-size: 13px;\">Historie des Seitenaufrus (von welcher Seite kam der Nutzer)<\/li>\n<\/ul>\n<p>Wenn Sie einen Kommentar auf unserer Website schreiben, kann das eine Einwilligung sein, Ihren Namen, E-Mail-Adresse und Website in Cookies zu speichern. Dies ist eine Komfortfunktion, damit du nicht, wenn du einen weiteren Kommentar schreibst, all diese Daten erneut eingeben musst. Diese Cookies werden ein Jahr lang gespeichert.<br \/>\nFalls Sie ein Konto haben und sich auf dieser Website anmelden, werden wir ein tempor\u00e4res Cookie setzen, um festzustellen, ob Ihrer Browser Cookies akzeptiert. Dieses Cookie enth\u00e4lt keine personenbezogenen Daten und wird verworfen, wenn Sie Ihren Browser schlie\u00dfen.<br \/>\nWenn Sie sich anmelden, werden wir einige Cookies einrichten, um die Anmeldeinformationen und Anzeigeoptionen zu speichern. Anmelde-Cookies verfallen nach zwei Tagen und Cookies f\u00fcr die Anzeigeoptionen nach einem Jahr. Falls Sie bei der Anmeldung \u201eAngemeldet bleiben\u201c ausw\u00e4hlen, wird deine Anmeldung zwei Wochen lang aufrechterhalten. Mit der Abmeldung aus deinem Konto werden die Anmelde-Cookies gel\u00f6scht.<\/p>\n<p>G\u00e4ngige Browser bieten die Einstellungsoption, Cookies nicht zuzulassen. Hinweis: Es ist nicht gew\u00e4hrleistet, dass Sie auf alle Funktionen dieser Website ohne Einschr\u00e4nkungen zugreifen k\u00f6nnen, wenn Sie entsprechende Einstellungen vornehmen.<\/p>\n<p><strong> Nutzung von social media<\/strong><\/p>\n<p><u>Facebook<\/u><br \/>\nAuf unseren Seiten sind Plugins des sozialen Netzwerks Facebook, Anbieter Facebook Inc., 1 Hacker Way,<\/p>\n<p>Menlo Park, California 94025, USA, integriert. Die Facebook-Plugins erkennen Sie an dem Facebook-Logo oder dem \u201eLike-Button\u201c (\u201eGef\u00e4llt mir\u201c) auf unserer Seite. Eine \u00dcbersicht \u00fcber die Facebook-Plugins finden Sie hier: <a href=\"http:\/\/developers.facebook.com\/docs\/plugins\/\">http:\/\/developers.facebook.com\/docs\/plugins\/<\/a>.<\/p>\n<p>Wenn Sie unsere Seiten besuchen, wird \u00fcber das Plugin eine direkte Verbindung zwischen Ihrem Browser und dem Facebook-Server hergestellt. Facebook erh\u00e4lt dadurch die Information, dass Sie mit Ihrer IP-Adresse unsere Seite besucht haben. Wenn Sie den Facebook \u201eLike-Button\u201c anklicken w\u00e4hrend Sie in Ihrem Facebook-Account eingeloggt sind, k\u00f6nnen Sie die Inhalte unserer Seiten auf Ihrem Facebook-Profil verlinken. Dadurch kann Facebook den Besuch unserer Seiten Ihrem Benutzerkonto zuordnen. Wir weisen darauf hin, dass wir als Anbieter der Seiten keine Kenntnis vom Inhalt der \u00fcbermittelten Daten sowie deren Nutzung durch Facebook erhalten. Weitere Informationen hierzu finden Sie in der Datenschutzerkl\u00e4rung von Facebook unter http:\/\/de-de.facebook.com\/policy.php.<\/p>\n<p>Wenn Sie nicht w\u00fcnschen, dass Facebook den Besuch unserer Seiten Ihrem Facebook- Nutzerkonto zuordnen kann, loggen Sie sich bitte aus Ihrem Facebook-Benutzerkonto aus.<\/p>\n<p><u>Xing<\/u><br \/>\nInnerhalb unserer Webseite wurde die Schaltfl\u00e4che des Dienstes Xing, angeboten durch die XING AG, Dammtorstra\u00dfe 29-32, 20354 Hamburg, Deutschland, eingebunden. Wenn Sie auf diese Schaltfl\u00e4che klicken, werden Sie mit dem Dienst Xing verbunden. In dem Fall, dass Sie Mitglied der Plattform Xing sind, kann Xing den Aufruf den dortigen Profilen der Nutzer zuordnen. Datenschutzerkl\u00e4rung von Xing: <a href=\"https:\/\/www.xing.com\/app\/share?op=data_protection\">https:\/\/www.xing.com\/app\/share?op=data_protection.<\/a>.<\/p>\n<p><u>LinkedIn<\/u><br \/>\nInnerhalb unserer Webseite wurde die Schaltfl\u00e4che des Dienstes Linkedin, angeboten durch die inkedIn Ireland Unlimited Company Wilton Place, Dublin 2, Irland, eingebunden. Wenn Sie auf diese Schaltfl\u00e4che klicken, werden Sie mit dem Dienst Linkedin verbunden. In dem Fall, dass Sie Mitglied der Plattform Linkedin sind, kann Linkedin den Aufruf den dortigen Profilen der Nutzer zuordnen. Datenschutzerkl\u00e4rung von LinkedIn: <a href=\"https:\/\/www.linkedin.com\/legal\/privacy-policy\">https:\/\/www.linkedin.com\/legal\/privacy-policy.<\/a>, Opt-Out: <a href=\"https:\/\/www.linkedin.com\/psettings\/guest-controls\/retargeting-opt-out\">https:\/\/www.linkedin.com\/psettings\/guest-controls\/retargeting-opt-out<\/a>.<\/p>\n<p><strong>Nutzung von Google Maps<\/strong><\/p>\n<p>Auf unserer Website verwenden wir das Produkt Google Maps der Google Ireland Limited, Gordon House, Barrow Street, Dublin 4, Irland.<br \/>\nGoogle Maps erm\u00f6glicht die visuelle Darstellung von geografischen Informationen. Beim Aufruf der Karte werden Daten, insbesondere Ihre IP-Adresse, an Server von Google \u00fcbertragen und dort gespeichert. Dies kann auch eine \u00dcbertragung an die Server der Google LLC in den USA beinhalten.<\/p>\n<p>Die Nutzung von Google Maps erfolgt im Interesse einer ansprechenden Darstellung unseres Online-Angebots und einer leichten Auffindbarkeit der von uns auf der Website angegebenen Orte. Dies stellt ein berechtigtes Interesse im Sinne von Art. 6 Abs. 1 lit. f DSGVO dar. Sofern eine Einwilligung abgefragt wurde (z.B. \u00fcber ein Consent-Tool), erfolgt die Verarbeitung ausschlie\u00dflich auf Grundlage von Art. 6 Abs. 1 lit. a DSGVO; die Einwilligung ist jederzeit widerrufbar.<\/p>\n<p>Weitere Informationen zur Datenverarbeitung durch Google finden Sie in der Datenschutzerkl\u00e4rung von Google: https:\/\/policies.google.com\/privacy<\/p>\n<p><strong>Kontakt<\/strong><\/p>\n<p>Wenn Sie Fragen, Anmerkungen oder sonstige Anfragen bez\u00fcglich dieser Datenschutzrichtlinie haben, kontaktieren Sie uns unter:<\/p>\n<p>L-Net Informationssysteme GmbH<br \/>\nAm Wiesengrund 9<br \/>\n65510 Idstein<br \/>\nTel. 0611 &#8211; 23634220<br \/>\nMail: info@l-net.net<\/p>\n","protected":false},"excerpt":{"rendered":"<p>Die L-Net Informationssysteme GmbH nimmt Ihren Datenschutz sehr ernst und behandelt Ihre personenbezogenen Daten vertraulich und entsprechend der gesetzlichen Vorschriften. Bedenken Sie, dass die Daten\u00fcbertragung im Internet grunds\u00e4tzlich mit Sicherheitsl\u00fccken bedacht sein kann. Ein vollumf\u00e4nglicher Schutz vor dem Zugriff durch Fremde ist nicht realisierbar. Zugriffsdaten Die Nutzung unserer Webseite ist in der Regel ohne Angabe [&hellip;]<\/p>\n","protected":false},"author":1,"featured_media":0,"parent":0,"menu_order":0,"comment_status":"closed","ping_status":"closed","template":"","meta":{"footnotes":""},"class_list":["post-4563","page","type-page","status-publish","hentry"],"_links":{"self":[{"href":"https:\/\/l-net.net\/index.php\/wp-json\/wp\/v2\/pages\/4563","targetHints":{"allow":["GET"]}}],"collection":[{"href":"https:\/\/l-net.net\/index.php\/wp-json\/wp\/v2\/pages"}],"about":[{"href":"https:\/\/l-net.net\/index.php\/wp-json\/wp\/v2\/types\/page"}],"author":[{"embeddable":true,"href":"https:\/\/l-net.net\/index.php\/wp-json\/wp\/v2\/users\/1"}],"replies":[{"embeddable":true,"href":"https:\/\/l-net.net\/index.php\/wp-json\/wp\/v2\/comments?post=4563"}],"version-history":[{"count":39,"href":"https:\/\/l-net.net\/index.php\/wp-json\/wp\/v2\/pages\/4563\/revisions"}],"predecessor-version":[{"id":7104,"href":"https:\/\/l-net.net\/index.php\/wp-json\/wp\/v2\/pages\/4563\/revisions\/7104"}],"wp:attachment":[{"href":"https:\/\/l-net.net\/index.php\/wp-json\/wp\/v2\/media?parent=4563"}],"curies":[{"name":"wp","href":"https:\/\/api.w.org\/{rel}","templated":true}]}}