{"id":4205,"date":"2016-04-26T16:04:16","date_gmt":"2016-04-26T14:04:16","guid":{"rendered":"http:\/\/l-net.net\/?page_id=4205"},"modified":"2020-08-19T11:12:52","modified_gmt":"2020-08-19T09:12:52","slug":"fuhrparkverwaltung-fuer-notes","status":"publish","type":"page","link":"https:\/\/l-net.net\/index.php\/fuhrparkverwaltung-fuer-notes\/","title":{"rendered":"<span style=\"font-family:Arial\">Fuhrparkverwaltung f\u00fcr HCL Notes Domino<\/span>"},"content":{"rendered":"<pre><span style=\"font-family: 'Arial'; font-size: 0.8em;\"><span style=\"color: #339966;\"><a title=\"Home\" href=\"https:\/\/l-net.net\/\"><span style=\"color: #339966;\">Home<\/span><\/a> <\/span>\u00bb <a title=\"HCL Notes Domino bei L-Net\" href=\"https:\/\/l-net.net\/index.php\/lotus-notes-bei-l-net\/\"><span style=\"color: #339966;\">HCL Notes Domino<\/span><\/a> \u00bb <a title=\"L-Net Produkte auf Basis Notes Domino \" href=\"https:\/\/l-net.net\/index.php\/l-net-produkte-fuer-notes\/\"><span style=\"color: #339966;\">L-Net Produkte<\/span><\/a> <\/span><span style=\"font-family: Arial; font-size: 0.82em;\"> \u00bb <span style=\"color: #000000;\">Fuhrparkverwaltung<\/span><\/span><\/pre>\n<h2><span style=\"color: #000000;\"><span style=\"font-family: Arial;\">L-Net Fuhrparkverwaltung<img loading=\"lazy\" decoding=\"async\" class=\"alignright size-full wp-image-4490\" src=\"https:\/\/l-net.net\/wp-content\/uploads\/2017\/05\/L-Net-Fuhrparkverwaltung-Kachel.png\" alt=\"L-Net Fuhrparkverwaltung Lotus NotesKachel\" width=\"117\" height=\"118\"\/><\/span><\/span><\/h2>\n<p><strong><span style=\"color: #000000;\">Fuhrparkverwaltung auf Basis von HCL Notes Domino<\/span><\/strong><\/p>\n<p><span style=\"color: #000000;\">Mit dieser Anwendung k\u00f6nnen Sie auf einfache Weise Fahrzeugdaten technischer und wirtschaftlicher Art erfassen, sowie wichtige Termine wie T\u00dcV\/ASU, Inspektionen, Abl\u00e4ufe von Vertr\u00e4gen, etc. sicher \u00fcberwachen. Eine Aufgabenzuweisung und die Speicherung einer Historie erfolgen automatisch.<\/span><\/p>\n<p><span style=\"color: #000000;\">Die Fahrzeuge k\u00f6nnen von allen Mitarbeitern verwaltet, Pool-Fahrzeuge reserviert bzw. ausgeliehen werden. Ansichten und Masken lassen sich nach Absprache an kundenspezifische Erfordernisse anpassen.<\/span><\/p>\n<div><\/div>\n<hr \/>\n<div><\/div>\n<h3><span style=\"color: #000000;\"><span style=\"font-family: Arial;\">L-Net Fuhrpark Highlights<\/span><\/span><\/h3>\n<ul>\n<li style=\"list-style-type: none;\">\n<ul>\n<li>Erfassen und Verwalten Ihres Fahrzeugbestandes<a href=\"https:\/\/l-net.net\/wp-content\/uploads\/2017\/05\/L-Net-Fuhrparkverwaltung-Fahrzeugdaten.png\"><img loading=\"lazy\" decoding=\"async\" class=\"alignright wp-image-4493\" src=\"https:\/\/l-net.net\/wp-content\/uploads\/2017\/05\/L-Net-Fuhrparkverwaltung-Fahrzeugdaten.png\" alt=\"L-Net Fuhrparkverwaltung Fahrzeugdaten\" width=\"271\" height=\"53\"\/><\/a><\/li>\n<li>R\u00e4der (Reifen und Felgen)<\/li>\n<li>Tankkarten und Tankkartenanbieter<\/li>\n<li>Mietfahrzeuge<\/li>\n<li>Werkstattbesuche<a href=\"https:\/\/l-net.net\/wp-content\/uploads\/2017\/05\/L-Net-Fuhrparkverwaltung-Fahrzeugmaske.png\"><img loading=\"lazy\" decoding=\"async\" class=\"alignright  wp-image-4506\" src=\"https:\/\/l-net.net\/wp-content\/uploads\/2017\/05\/L-Net-Fuhrparkverwaltung-Fahrzeugmaske.png\" alt=\"L-Net Fuhrparkverwaltung f\u00fcr Lotus Notes Fahrzeug\" width=\"124\" height=\"96\"\/><\/a><\/li>\n<li>Unf\u00e4lle und Strafzettel<\/li>\n<li>Standortmanagement, z.B. f\u00fcr mehrere Niederlassungen<\/li>\n<li>Festlegen und \u00dcberwachung von Wartung, Inspektion, T\u00dcV, etc. mit Intervallzeiten<\/li>\n<li>Terminmanagement<a href=\"https:\/\/l-net.net\/wp-content\/uploads\/2017\/05\/L-Net-Fuhrparkverwaltung-Tankkarte1.png\"><img loading=\"lazy\" decoding=\"async\" class=\"wp-image-4496 alignright\" src=\"https:\/\/l-net.net\/wp-content\/uploads\/2017\/05\/L-Net-Fuhrparkverwaltung-Tankkarte1.png\" alt=\"L-Net Fuhrparkverwaltung Tankkarte\" width=\"153\" height=\"85\"\/><\/a><\/li>\n<li>Fahrerdokumente mit und ohne Notes-Konto<\/li>\n<li>Ausleihfunktion f\u00fcr Pool- und Mietfahrzeuge<\/li>\n<li>Darstellung entliehener Fahrzeuge im Kalender und Diagramm<\/li>\n<li>Termineintr\u00e4ge zugewiesener Fahrzeuge im pers\u00f6nlichen Notes-Kalender<\/li>\n<li>Suchfunktionen<a href=\"https:\/\/l-net.net\/wp-content\/uploads\/2017\/05\/L-Net-Fuhrparkverwaltung-Maske-Ausleihe.png\"><img loading=\"lazy\" decoding=\"async\" class=\"alignright wp-image-4498\" src=\"https:\/\/l-net.net\/wp-content\/uploads\/2017\/05\/L-Net-Fuhrparkverwaltung-Maske-Ausleihe.png\" alt=\"L-Net Fuhrparkverwaltung Fahrzeugausleihe\" width=\"274\" height=\"67\"\/><\/a><\/li>\n<li>statistische Auswertungen von Ausleihen<\/li>\n<li>Exportfunktion f\u00fcr Fahrzeugdaten und anfallende Kosten<\/li>\n<\/ul>\n<\/li>\n<\/ul>\n<p><a href=\"https:\/\/l-net.net\/wp-content\/uploads\/2017\/05\/L-Net-Fuhrparkverwaltung-Diagramm-Ausleihe.png\"><img loading=\"lazy\" decoding=\"async\" class=\"alignright wp-image-4498\" src=\"https:\/\/l-net.net\/wp-content\/uploads\/2017\/05\/L-Net-Fuhrparkverwaltung-Diagramm-Ausleihe.png\" alt=\"L-Net Fuhrparkverwaltung Fahrzeugausleihe\" width=\"274\" height=\"67\"\/><\/a><\/p>\n<div><\/div>\n<div><\/div>\n","protected":false},"excerpt":{"rendered":"<p>Home \u00bb HCL Notes Domino \u00bb L-Net Produkte \u00bb Fuhrparkverwaltung L-Net Fuhrparkverwaltung Fuhrparkverwaltung auf Basis von HCL Notes Domino Mit dieser Anwendung k\u00f6nnen Sie auf einfache Weise Fahrzeugdaten technischer und wirtschaftlicher Art erfassen, sowie wichtige Termine wie T\u00dcV\/ASU, Inspektionen, Abl\u00e4ufe von Vertr\u00e4gen, etc. sicher \u00fcberwachen. Eine Aufgabenzuweisung und die Speicherung einer Historie erfolgen automatisch. Die [&hellip;]<\/p>\n","protected":false},"author":1,"featured_media":0,"parent":0,"menu_order":0,"comment_status":"closed","ping_status":"closed","template":"","meta":{"footnotes":""},"class_list":["post-4205","page","type-page","status-publish","hentry"],"_links":{"self":[{"href":"https:\/\/l-net.net\/index.php\/wp-json\/wp\/v2\/pages\/4205","targetHints":{"allow":["GET"]}}],"collection":[{"href":"https:\/\/l-net.net\/index.php\/wp-json\/wp\/v2\/pages"}],"about":[{"href":"https:\/\/l-net.net\/index.php\/wp-json\/wp\/v2\/types\/page"}],"author":[{"embeddable":true,"href":"https:\/\/l-net.net\/index.php\/wp-json\/wp\/v2\/users\/1"}],"replies":[{"embeddable":true,"href":"https:\/\/l-net.net\/index.php\/wp-json\/wp\/v2\/comments?post=4205"}],"version-history":[{"count":66,"href":"https:\/\/l-net.net\/index.php\/wp-json\/wp\/v2\/pages\/4205\/revisions"}],"predecessor-version":[{"id":5270,"href":"https:\/\/l-net.net\/index.php\/wp-json\/wp\/v2\/pages\/4205\/revisions\/5270"}],"wp:attachment":[{"href":"https:\/\/l-net.net\/index.php\/wp-json\/wp\/v2\/media?parent=4205"}],"curies":[{"name":"wp","href":"https:\/\/api.w.org\/{rel}","templated":true}]}}