{"id":380,"date":"2014-06-18T09:27:30","date_gmt":"2014-06-18T07:27:30","guid":{"rendered":"http:\/\/l-netwbn.bplaced.net\/wordpress\/?page_id=380"},"modified":"2020-08-17T13:17:31","modified_gmt":"2020-08-17T11:17:31","slug":"stellenangebot1","status":"publish","type":"page","link":"https:\/\/l-net.net\/index.php\/stellenangebot1\/","title":{"rendered":"<span style=\"font-family:Arial\">L-Net Stellenangebot \/ Notes Domino<\/span>"},"content":{"rendered":"<p><a class=\"neues\"><b>Notes-Administrator\/in gesucht<\/b><\/a><\/p>\n<div id=\"neuesProduct3\" style=\"display: block;\">\n<p>Zur Verst\u00e4rkung unseres Teams in Wiesbaden suchen wir zum n\u00e4chstm\u00f6glichen Zeitpunkt eine\/n erfahrenen Notes Administrator\/in.<\/p>\n<p><b>Ihre Aufgaben<\/b><\/p>\n<p>\u2022 Installation, Betrieb und Wartung von Notes Domino-Servern (Version 8.5 &#8211; 11)<br \/>\n\u2022 L\u00f6sung von Notes Clientproblemen (Version 8.5 &#8211; 11)<br \/>\n\u2022 Punktuell Unterst\u00fctzung bei der Realisierung von Softwareapplikationen<\/p>\n<p><b>Ihr Profil<\/b><\/p>\n<p>\u2022 Sehr gute Kenntnisse im Bereich der Notes\/Domino-Administration<br \/>\n\u2022 Berufserfahrung im Notes\/Domino-Umfeld<br \/>\n\u2022 Grundkenntnisse in der Entwicklung von Notes-Anwendungen<br \/>\n\u2022 Sichere Beherrschung der deutschen Sprache und gutes Englisch<\/p>\n<p><b>Wir bieten Ihnen<\/b><\/p>\n<p>\u2022 Ein offenes, vertrauensvolles Arbeitsumfeld<br \/>\n\u2022 Vielseitige und anspruchsvolle Aufgaben<br \/>\n\u2022 Viel Freiraum bei der Steuerung Ihrer Projekte<br \/>\n\u2022 Eine leistungs- und aufgabengerechte Entlohnung<\/p>\n<p id=\"text\"><b>Das Unternehmen<\/b><\/p>\n<p style=\"text-align: justify;\">Seit \u00fcber zwanzig Jahren betreut L-Net seine Kunden erfolgreich bei allen Themen rund um Notes\/Domino. Administration und Support sowie die kundenindividuelle Entwicklung von Anwendungen sind unsere Schwerpunkte, erg\u00e4nzt um den Vertrieb von Standardprodukten.<\/p>\n<p style=\"text-align: justify;\">Wir freuen uns auf Ihre Bewerbung, vorzugsweise per E-Mail an <em>info@L-Net.net<\/em>. F\u00fcr Fragen stehen wir Ihnen gerne unter der Telefonnummer 0611-84108-80 zur Verf\u00fcgung.<\/p>\n<p>&nbsp;<\/p>\n<p><font size=\"1\">Berufserfahrung in HCL Notes Domino<\/p>\n<p><\/font><\/div>\n","protected":false},"excerpt":{"rendered":"<p>Notes-Administrator\/in gesucht Zur Verst\u00e4rkung unseres Teams in Wiesbaden suchen wir zum n\u00e4chstm\u00f6glichen Zeitpunkt eine\/n erfahrenen Notes Administrator\/in. Ihre Aufgaben \u2022 Installation, Betrieb und Wartung von Notes Domino-Servern (Version 8.5 &#8211; 11) \u2022 L\u00f6sung von Notes Clientproblemen (Version 8.5 &#8211; 11) \u2022 Punktuell Unterst\u00fctzung bei der Realisierung von Softwareapplikationen Ihr Profil \u2022 Sehr gute Kenntnisse im [&hellip;]<\/p>\n","protected":false},"author":1,"featured_media":0,"parent":0,"menu_order":0,"comment_status":"closed","ping_status":"open","template":"","meta":{"footnotes":""},"class_list":["post-380","page","type-page","status-publish","hentry"],"_links":{"self":[{"href":"https:\/\/l-net.net\/index.php\/wp-json\/wp\/v2\/pages\/380","targetHints":{"allow":["GET"]}}],"collection":[{"href":"https:\/\/l-net.net\/index.php\/wp-json\/wp\/v2\/pages"}],"about":[{"href":"https:\/\/l-net.net\/index.php\/wp-json\/wp\/v2\/types\/page"}],"author":[{"embeddable":true,"href":"https:\/\/l-net.net\/index.php\/wp-json\/wp\/v2\/users\/1"}],"replies":[{"embeddable":true,"href":"https:\/\/l-net.net\/index.php\/wp-json\/wp\/v2\/comments?post=380"}],"version-history":[{"count":18,"href":"https:\/\/l-net.net\/index.php\/wp-json\/wp\/v2\/pages\/380\/revisions"}],"predecessor-version":[{"id":5268,"href":"https:\/\/l-net.net\/index.php\/wp-json\/wp\/v2\/pages\/380\/revisions\/5268"}],"wp:attachment":[{"href":"https:\/\/l-net.net\/index.php\/wp-json\/wp\/v2\/media?parent=380"}],"curies":[{"name":"wp","href":"https:\/\/api.w.org\/{rel}","templated":true}]}}