{"id":3700,"date":"2015-08-18T16:05:18","date_gmt":"2015-08-18T14:05:18","guid":{"rendered":"http:\/\/l-net.net\/?page_id=3700"},"modified":"2023-03-03T12:38:12","modified_gmt":"2023-03-03T10:38:12","slug":"lotus-notes-bei-l-net","status":"publish","type":"page","link":"https:\/\/l-net.net\/index.php\/lotus-notes-bei-l-net\/","title":{"rendered":"<span style=\"font-family: Arial;\">HCL Notes Domino bei L-Net<\/span>"},"content":{"rendered":"<pre><span style=\"color: #339966;\"><a title=\"\" href=\"https:\/\/l-net.net\/\"><span style=\"color: #339966;\"><span style=\"font-family: 'Arial'; font-size: 0.82em;\">Home<\/span><\/span><\/a><span style=\"font-family: 'Arial'; font-size: 0.82em;\"> \u00bb <span style=\"color: #000000;\">Lotus Notes  <\/span> \n<\/span><\/span><\/pre>\n<p>&nbsp;<\/p>\n<h2><span style=\"font-family: Arial;\">Die Welt von HCL Notes Domino<\/span><\/h2>\n<p>Die M\u00f6glichkeiten von HCL Notes Domino gehen weit \u00fcber E-Mail und Kalender hinaus.<\/p>\n<p>Mit der Kommunikationsplattform von HCL optimieren Sie auf intelligente Weise die Zusammenarbeit Ihres Personals, Kunden und Partner. Ob am Arbeitsplatz, im Homeoffice oder auf mobilen Ger\u00e4ten \u2013 Ihre Mitarbeiter haben einen zentralen Zugriff auf alle Gesch\u00e4ftsanwendungen und werden sofort mit aktuellen Informationen versorgt. Dies erlaubt Ihnen ihre Arbeit schnell und effizient zu erledigen.<br \/>\nDabei k\u00f6nnen Notes-Anwender heute neben den vorhandenen Standardfunktionalit\u00e4ten individuelle, exakt an Ihren Anforderungen orientierte L\u00f6sungen nutzen und auf eine Vielzahl von fertigen L\u00f6sungen z.B. in den Bereichen Vertrieb, Personal, Organisation, Projektmanagement oder Einkauf zur\u00fcckgreifen.<\/p>\n<hr \/>\n<h2><span style=\"font-family: Arial;\">L-Net &#8211; HCL Notes Domino Expertenteam<br \/>\n<\/span><\/h2>\n<p><span style=\"font-family: Arial;\"> Die Marktf\u00fchrende HCL Notes Domino \u2013 Kompetenz von L-Net Informationssysteme GmbH beruht auf langj\u00e4hrigen Projekterfahrungen mit allen L\u00f6sungen der Notes-Produktfamilie. Nutzen Sie unser Know-How und die Potenziale von HCL Notes Domino zu nachhaltigen Kostensenkungen und Effizienzsteigerungen in Ihrem Unternehmen. Ob es sich um Internet, Intranet, Extranet, Portale, Workflow-Systeme, Dokumenten-\/Wissensmanagement, CRM, Integration mit anderen Systemen oder Ihre eigenen, individuellen Ziele handelt, erf\u00fcllt L-Net Ihre Anspr\u00fcche, unabh\u00e4ngig von Unternehmensform und -gr\u00f6\u00dfe.<\/span><\/p>\n<h3><span style=\"font-family: Arial;\">Unsere Produkte auf Basis von HCL Notes Domino<\/span><\/h3>\n<p>Wir bieten Ihnen bew\u00e4hrte und leistungsstarke <span style=\"color: #339966;\"><a title=\"zu L-Net Produkten\" href=\"https:\/\/l-net.net\/index.php\/l-net-produkte-fuer-lotus-notes\/\"><span style=\"color: #339966;\">L\u00f6sungen<\/span><\/a><\/span>. <span class=\"description\"><span style=\"font-family: Arial;\">Unsere Produktphilosophie: klare Funktionalit\u00e4ten, einfache Bedienung und kurze Amortisationsdauern. <a href=\"https:\/\/l-net.net\/wp-content\/uploads\/2015\/08\/L-Net_Wiesbaden_L-Net-Produkte1.jpg\"><img loading=\"lazy\" decoding=\"async\" class=\"alignright wp-image-3717 size-full\" title=\"L-Net Wiesbaden Produkte auf Basis von HCL Notes Domino\" src=\"https:\/\/l-net.net\/wp-content\/uploads\/2015\/08\/L-Net_Wiesbaden_L-Net-Produkte1.jpg\" alt=\"L-Net Wiesbaden Produkte auf Basis von HCL Notes Domino\" width=\"330\" height=\"222\" srcset=\"https:\/\/l-net.net\/wp-content\/uploads\/2015\/08\/L-Net_Wiesbaden_L-Net-Produkte1.jpg 330w, https:\/\/l-net.net\/wp-content\/uploads\/2015\/08\/L-Net_Wiesbaden_L-Net-Produkte1-300x201.jpg 300w\" sizes=\"auto, (max-width: 330px) 100vw, 330px\" \/><\/a><\/span><\/span><\/p>\n<ul>\n<li><span style=\"color: #008000;\"><a title=\"Personalmanagementsystem f\u00fcr HCL Notes Domino\" href=\"https:\/\/l-net.net\/index.php\/personalverwaltung-fuer-notes\/\"><span style=\"color: #008000;\">Personalmanagement<\/span><\/a><\/span><\/li>\n<li><a title=\"Urlaubsverwaltung f\u00fcr HCL Notes Domino\" href=\"https:\/\/l-net.net\/index.php\/urlaubsverwaltung-fuer-notes\/\"><span style=\"color: #008000;\">Urlaubsverwaltung<\/span><\/a><\/li>\n<li><a title=\"L-Net Bewerberverwaltung f\u00fcr HCL Notes Domino\" href=\"https:\/\/l-net.net\/index.php\/bewerberverwaltung-fuer-notes\/\"><span style=\"color: #008000;\">Bewerberverwaltung<\/span><\/a><\/li>\n<li><a title=\"Seminarverwaltung f\u00fcr HCL Notes Domino\" href=\"https:\/\/l-net.net\/index.php\/seminarverwaltung-fuer-notes\/\"><span style=\"color: #008000;\">Seminarverwaltung<\/span><\/a><\/li>\n<li><a title=\"User Helpdesk f\u00fcr HCL Notes Domino\" href=\"https:\/\/l-net.net\/index.php\/helpdesk\/\"><span style=\"color: #008000;\">User HelpDesk<\/span><\/a><\/li>\n<li><a title=\"Fuhrparkverwaltung f\u00fcr HCL Notes Domino\" href=\"https:\/\/l-net.net\/index.php\/fuhrparkverwaltung\/\"><span style=\"color: #008000;\">Fuhrparkverwaltung<\/span><\/a><\/li>\n<\/ul>\n<p><span style=\"font-family: Arial;\">Durch unsere langj\u00e4hrige Erfahrung als Hersteller von Standardprodukten und Individualsoftware unter HCL Notes Domino sind wir mit schneller Reaktion auf spezielle Anforderungsw\u00fcnsche bestens vertraut.<\/span><\/p>\n<div>&nbsp;<\/div>\n<p><span style=\"font-family: Arial;\">L-Net ber\u00e4t Sie z.B.:<br \/>\n\u2022 wo Ihnen der Einsatz von HCL Notes Domino einen echten Mehrwert generiert<br \/>\n\u2022 warum eine individuelle L\u00f6sung besser und sogar kosteng\u00fcnstiger sein kann<br \/>\n\u2022 wann und wie Sie auf eine neue Notes-Version migrieren sollten<\/span><\/p>\n<p><span style=\"font-family: Arial;\">Die Lizenzierung der L-Net Produkte erfolgt gestaffelt nach der Anzahl der User. Zus\u00e4tzlich zu den einmaligen Lizenzkosten bieten wir unseren Kunden eine Subscription an. Damit ist es m\u00f6glich, innerhalb eines Jahres die neuste Version des betreffenden Produktes einzusetzen. Eine Investition, die sich lohnt, denn so profitieren Sie von allen Weiterentwicklungen, die wir kontinuierlich an unseren L\u00f6sungen vornehmen.<\/span><\/p>\n<p>Nutzen Sie die intelligente Technologie. Wir unterst\u00fctzen Sie dabei.<\/p>\n<h3><span style=\"font-family: Arial;\">Unsere Dienstleistungen rund um HCL Notes Domino<br \/>\n<\/span><\/h3>\n<p>Verlassen Sie sich auf unsere langj\u00e4hrigen und nachweisbaren Erfahrungen in HCL Notes Domino Umgebungen.<\/p>\n<p>Wir haben uns auf HCL Notes Domino spezialisiert. Von professioneller Beratung, Strategieentwicklung, Implementierung, Service und Support zur kontinuierlichen Optimierung Ihrer Gesch\u00e4ftsprozesse \u2013 wir erarbeiten f\u00fcr Sie bew\u00e4hrte und ganz auf Ihr Unternehmen angepasste L\u00f6sungen. Hierbei nutzen wir die vielf\u00e4ltigen Vorteile von HCL Notes Domino, um Ihr Gesch\u00e4ft noch effizienter, noch wirksamer und noch sicherer zu machen.<\/p>\n<p>Folgende <span style=\"color: #339966;\"><a title=\"L-Net IT-Dienstleistungen f\u00fcr HCL Notes Domino\" href=\"https:\/\/l-net.net\/index.php\/lotus-notes-dienstleistungen\/\"><span style=\"color: #339966;\">Service-Leistungen<\/span><\/a><\/span> haben wir f\u00fcr Sie im Gep\u00e4ck:<a href=\"https:\/\/l-net.net\/wp-content\/uploads\/2015\/08\/L-Net_Wiesbaden-IT-Dienstleistungen1.jpg\"><img loading=\"lazy\" decoding=\"async\" class=\"alignright wp-image-3760\" title=\"L-Net bietet viele Dienstleistungen f\u00fcr HCL Notes Domino\" src=\"https:\/\/l-net.net\/wp-content\/uploads\/2015\/08\/L-Net_Wiesbaden-IT-Dienstleistungen1.jpg\" alt=\"Breite Palette von Dienstleistungen im Bereich HCL Notes Domino\" width=\"329\" height=\"219\"\/><\/a><\/p>\n<ul>\n<li><a title=\"Administration HCL Notes Domino\" href=\"https:\/\/l-net.net\/index.php\/administration\/\"><span style=\"color: #008000;\">Administration<\/span><\/a><\/li>\n<li><a title=\"Support\" href=\"https:\/\/l-net.net\/index.php\/support\/\"><span style=\"color: #008000;\">Support<\/span><\/a><\/li>\n<li><a title=\"Softwareentwicklung HCL Notes Domino\" href=\"https:\/\/l-net.net\/index.php\/softwareentwicklung\/\"><span style=\"color: #008000;\">Softwareentwicklung<\/span><\/a><\/li>\n<li><a title=\"Beratung HCL Notes Domino\" href=\"https:\/\/l-net.net\/index.php\/beratung\/\"><span style=\"color: #008000;\">Beratung<\/span><\/a><\/li>\n<li><a title=\"Projektplanung HCL Notes Domino\" href=\"https:\/\/l-net.net\/index.php\/projektplanung\/\"><span style=\"color: #008000;\">Projektplanung<\/span><\/a><\/li>\n<li><a title=\"Schulungen HCL Notes Domino\" href=\"https:\/\/l-net.net\/index.php\/schulungen\/\"><span style=\"color: #008000;\">Schulungen<\/span><\/a><\/li>\n<li><a title=\"Migration HCL Notes Domino\" href=\"https:\/\/l-net.net\/index.php\/migration-von-notesdomino-nach-outlookexchange\/\"><span style=\"color: #008000;\">Migration<\/span><\/a><\/li>\n<\/ul>\n<p>&nbsp;<\/p>\n<p><span style=\"font-family: Arial;\">Als HCL Partner mit den entsprechenden Zertifizierungen stehen wir Ihnen kompetent zur Seite.<\/span><\/p>\n","protected":false},"excerpt":{"rendered":"<p>Home \u00bb Lotus Notes &nbsp; Die Welt von HCL Notes Domino Die M\u00f6glichkeiten von HCL Notes Domino gehen weit \u00fcber E-Mail und Kalender hinaus. Mit der Kommunikationsplattform von HCL optimieren Sie auf intelligente Weise die Zusammenarbeit Ihres Personals, Kunden und Partner. Ob am Arbeitsplatz, im Homeoffice oder auf mobilen Ger\u00e4ten \u2013 Ihre Mitarbeiter haben einen [&hellip;]<\/p>\n","protected":false},"author":1,"featured_media":0,"parent":0,"menu_order":0,"comment_status":"closed","ping_status":"closed","template":"","meta":{"footnotes":""},"class_list":["post-3700","page","type-page","status-publish","hentry"],"_links":{"self":[{"href":"https:\/\/l-net.net\/index.php\/wp-json\/wp\/v2\/pages\/3700","targetHints":{"allow":["GET"]}}],"collection":[{"href":"https:\/\/l-net.net\/index.php\/wp-json\/wp\/v2\/pages"}],"about":[{"href":"https:\/\/l-net.net\/index.php\/wp-json\/wp\/v2\/types\/page"}],"author":[{"embeddable":true,"href":"https:\/\/l-net.net\/index.php\/wp-json\/wp\/v2\/users\/1"}],"replies":[{"embeddable":true,"href":"https:\/\/l-net.net\/index.php\/wp-json\/wp\/v2\/comments?post=3700"}],"version-history":[{"count":43,"href":"https:\/\/l-net.net\/index.php\/wp-json\/wp\/v2\/pages\/3700\/revisions"}],"predecessor-version":[{"id":5866,"href":"https:\/\/l-net.net\/index.php\/wp-json\/wp\/v2\/pages\/3700\/revisions\/5866"}],"wp:attachment":[{"href":"https:\/\/l-net.net\/index.php\/wp-json\/wp\/v2\/media?parent=3700"}],"curies":[{"name":"wp","href":"https:\/\/api.w.org\/{rel}","templated":true}]}}