{"id":313,"date":"2014-06-17T15:00:59","date_gmt":"2014-06-17T13:00:59","guid":{"rendered":"http:\/\/l-netwbn.bplaced.net\/wordpress\/?page_id=313"},"modified":"2020-09-08T16:44:06","modified_gmt":"2020-09-08T14:44:06","slug":"anreise","status":"publish","type":"page","link":"https:\/\/l-net.net\/index.php\/anreise\/","title":{"rendered":"<span style=\"font-family:Arial\">Anreise<\/span>"},"content":{"rendered":"<pre><span style=\"font-family: 'Arial'; font-size: 0.82em;\"><span style=\"color: #339966;\"><a title=\"Home\" href=\"https:\/\/l-net.net\/\"><span style=\"color: #339966;\">Home<\/span><\/a><\/span> \u00bb <span style=\"color: #339966;\"><a title=\"Anfahrtdetails\" href=\"https:\/\/l-net.net\/index.php\/anfahrt\/\"><span style=\"color: #339966;\">Kontakt<\/span><\/a><\/span> \u00bb <span style=\"color: #000000;\">Anreise<\/span><\/span><\/pre>\n<p>&nbsp;<\/p>\n<p><span style=\"font-family: Arial;\">Sie m\u00f6chten uns besuchen? Hier erfahren Sie alles Notwendige f\u00fcr Ihre Anfahrt.<\/span><\/p>\n<p><a href=\"https:\/\/l-net.net\/wp-content\/uploads\/2014\/08\/L-Net-Wiesbaden-Anfahrt.png\"><img loading=\"lazy\" decoding=\"async\" class=\"alignleft wp-image-3762 size-full\" title=\"L-Net Wiesbaden Anfahrt\" src=\"https:\/\/l-net.net\/wp-content\/uploads\/2014\/08\/L-Net-Wiesbaden-Anfahrt.png\" alt=\"L-Net Wiesbaden Anfahrt\" width=\"65\" height=\"65\"\/><\/a>Die Route wird Ihnen von <em>here&nbsp;<\/em>in einem neuen Fenster angezeigt:<br \/>\n<!-- EO bodyContent_Description --><br \/>\n<span style=\"font-family: 'Arial'; color: #008000;\"><a href=\"https:\/\/wego.here.com\/directions\/drive\/Memhardstra%C3%9Fe-2,-10178-Berlin,-Deutschland:52.52420,13.41110\/Taunusstra%C3%9Fe-75,-65183-Wiesbaden,-Deutschland:loc-dmVyc2lvbj0xO3RpdGxlPVRhdW51c3N0cmElQzMlOUZlKzc1O2xhbmc9ZGU7bGF0PTUwLjA5MDI0MDQ3ODUxNTYyNTtsb249OC4yMzc4OTAyNDM1MzAyNzM7c3RyZWV0PVRhdW51c3N0cmElQzMlOUZlO2hvdXNlPTc1O2NpdHk9V2llc2JhZGVuO3Bvc3RhbENvZGU9NjUxODM7Y291bnRyeT1ERVU7ZGlzdHJpY3Q9V2llc2JhZGVuO3N0YXRlPUhlc3Nlbjtjb3VudHk9V2llc2JhZGVuO2NhdGVnb3J5SWQ9YnVpbGRpbmc7c291cmNlU3lzdGVtPWludGVybmFsO25sYXQ9NTAuMDkwMTYwMzY5ODczMDU7bmxvbj04LjIzNzc3MDA4MDU2NjQwNjtwZHNDYXRlZ29yeUlkPTkwMC05MzAwLTAwMDA?avoid=carHOV&amp;map=51.30658,10.83226,8,normal\" target=\"_blank\" rel=\"noopener noreferrer\"><span style=\"font-family: 'Arial'; color: #008000;\">Routenplanung mit <em><strong>here<\/strong><\/em><\/span><\/a><\/span><\/p>\n<p>&nbsp;<\/p>\n<p><span style=\"font-family: Arial;\">Wir w\u00fcnschen Ihnen eine gute und angenehme Anreise.<\/span><\/p>\n<p>&nbsp;<\/p>\n<p>&nbsp;<\/p>\n<p>&nbsp;<\/p>\n<p>&nbsp;<\/p>\n","protected":false},"excerpt":{"rendered":"<p>Home \u00bb Kontakt \u00bb Anreise &nbsp; Sie m\u00f6chten uns besuchen? Hier erfahren Sie alles Notwendige f\u00fcr Ihre Anfahrt. Die Route wird Ihnen von here&nbsp;in einem neuen Fenster angezeigt: Routenplanung mit here &nbsp; Wir w\u00fcnschen Ihnen eine gute und angenehme Anreise. &nbsp; &nbsp; &nbsp; &nbsp;<\/p>\n","protected":false},"author":1,"featured_media":0,"parent":0,"menu_order":0,"comment_status":"closed","ping_status":"open","template":"","meta":{"footnotes":""},"class_list":["post-313","page","type-page","status-publish","hentry"],"_links":{"self":[{"href":"https:\/\/l-net.net\/index.php\/wp-json\/wp\/v2\/pages\/313","targetHints":{"allow":["GET"]}}],"collection":[{"href":"https:\/\/l-net.net\/index.php\/wp-json\/wp\/v2\/pages"}],"about":[{"href":"https:\/\/l-net.net\/index.php\/wp-json\/wp\/v2\/types\/page"}],"author":[{"embeddable":true,"href":"https:\/\/l-net.net\/index.php\/wp-json\/wp\/v2\/users\/1"}],"replies":[{"embeddable":true,"href":"https:\/\/l-net.net\/index.php\/wp-json\/wp\/v2\/comments?post=313"}],"version-history":[{"count":59,"href":"https:\/\/l-net.net\/index.php\/wp-json\/wp\/v2\/pages\/313\/revisions"}],"predecessor-version":[{"id":5306,"href":"https:\/\/l-net.net\/index.php\/wp-json\/wp\/v2\/pages\/313\/revisions\/5306"}],"wp:attachment":[{"href":"https:\/\/l-net.net\/index.php\/wp-json\/wp\/v2\/media?parent=313"}],"curies":[{"name":"wp","href":"https:\/\/api.w.org\/{rel}","templated":true}]}}