{"id":301,"date":"2014-06-17T15:00:14","date_gmt":"2014-06-17T13:00:14","guid":{"rendered":"http:\/\/l-netwbn.bplaced.net\/wordpress\/?page_id=301"},"modified":"2020-06-17T15:36:03","modified_gmt":"2020-06-17T13:36:03","slug":"beispielprojekte","status":"publish","type":"page","link":"https:\/\/l-net.net\/index.php\/beispielprojekte\/","title":{"rendered":"<span style=\"font-family:Arial\">Beispielprojekte Notes Domino<\/span>"},"content":{"rendered":"<pre><span style=\"font-family: 'Arial'; font-size: 0.82em;\"><span style=\"color: #339966;\"> <a title=\"Home\" href=\"https:\/\/l-net.net\/wordpress\/\"><span style=\"color: #339966;\">Home <\/span><\/a><\/span>\u00bb <span style=\"color: #339966;\"><a title=\"Referenzen Notes Domino\" href=\"https:\/\/l-net.net\/index.php\/referenzen\/\"><span style=\"color: #339966;\">Referenzen <\/span><\/a><\/span>\u00bb <span style=\"color: #000000;\">Beispielprojekte Notes Domino                           <\/span><\/span><\/pre>\n<p>&nbsp;<\/p>\n<p><span style=\"font-family: 'Arial';\"> F\u00fcr jede Herausforderung finden wir die richtige L\u00f6sung. Welche Leistungen wir anbieten und wie wir diese umsetzen, zeigen beispielhaft die nachfolgenden Projekte, die wir gemeinsam mit unseren Kunden erfolgreich durchgef\u00fchrt haben:<\/span><\/p>\n<ul>\n<li>\n<h3><strong><span style=\"font-family: Arial; font-size: 0.85em;\">Planungstool innerhalb der Anwendung L-Net Fuhrparkverwaltung<\/span><\/strong><\/h3>\n<\/li>\n<\/ul>\n<p><span style=\"font-family: Arial;\">F\u00fcr einen Autohersteller in S\u00fcddeutschland haben wir ein Verwaltungsprogramm f\u00fcr den Bestand von Kraftfahrzeugen zur technischen Aufbereitung, Veredelung und Vertrieb erstellt. Kalenderdarstellungen und Diagramme f\u00fcr den Jahres\u00fcberblick helfen, um einzelne Verarbeitungsprozesse sowie Stationen des Vertriebs und Verkaufs planerisch abzubilden. Integriert ist eine komfortable Suchmaske mit Speicherung der Suche und Suchprofilen. \u00dcber eine steuerbare Berechtigungsmatrix werden Zugriffsrechte konfiguriert.<\/span><\/p>\n<ul>\n<li>\n<h3><strong><span style=\"font-family: Arial; font-size: 0.85em;\">Customer Relationship Management-Anwendung<\/span><\/strong><\/h3>\n<\/li>\n<\/ul>\n<p><span style=\"font-family: Arial;\">F\u00fcr ein internationales Industrieunternehmen mit Sitz in Bayern wurde von L-Net ein umfangreiches CRM-System bereitgestellt. Die Anwendung dient u.a. zur Adressverwaltung und Korrespondenz mit Kundenkontakten. Zudem werden Produkte, Vertr\u00e4ge, Wettbewerbsinformationen und Absatzpotentiale abgebildet. Auch Workflow-Komponenten f\u00fcr die Reiseplanung und Besuchsvorbereitungen sind integriert. Weitere Merkmale sind zahlreiche Schnittstellen zu Navision, zu einer Messe-App und die Zweisprachigkeit deutsch \u2013 englisch.<br \/>\n<\/span><\/p>\n<ul>\n<li>\n<h3><strong><span style=\"font-family: Arial; font-size: 0.85em;\">Zeiterfassung innerhalb der Anwendung L-Net Urlaub<\/span><\/strong><\/h3>\n<\/li>\n<\/ul>\n<p><span style=\"font-family: Arial;\">Zeitwirtschaft ist aus dem modernen Gesch\u00e4ftsbetrieb heutzutage kaum noch wegzudenken. F\u00fcr die Gew\u00e4hrleistung einer exakten Entlohnung des Personals werden  geeignete L\u00f6sungen zur Erfassung und Verarbeitung der betrieblichen Arbeitszeiten gebraucht.<\/span><\/p>\n<p><span style=\"font-family: Arial;\">F\u00fcr ein Unternehmen im Bereich der \u00f6ffentlichen Medien haben wir eine Zeiterfassung innerhalb der Anwendung L-Net Urlaub erstellt, um die Verwaltung von Arbeits- und Fehlzeiten einfacher und effizienter zu gestalten. In dem von uns angefertigten System werden nicht nur die Komm- und Gehzeiten erfasst, sondern auch die Reisezeiten, Pausen, Feiertage und tarifliche Besonderheiten werden ber\u00fccksichtigt. Korrekturfunktionen erm\u00f6glichen eine einfache Richtigstellung von Fehleingaben. Weitere Leistungsmerkmale unseres Zeiterfassungssystems sind Eskalationsmechanismen mit automatischem Mailversand und die Soll-Ist-Zeiten Analyse. Durch die Generierung von konfigurierbaren Workflows bietet die Anwendung au\u00dferdem die M\u00f6glichkeit, Beantragungs- und Genehmigungsabl\u00e4ufe rund um die Komm- und Gehzeiten effizient und papierlos zu organisieren. Weiterhin beinhaltet die L\u00f6sung Schnittstellen von und zu SAP.<\/span><\/p>\n<ul>\n<li>\n<h3><strong><span style=\"font-family: 'Arial'; font-size: 0.85em;\">  Planung und Roll Out einer kompletten Kommunikationsstruktur<\/span><\/strong><\/h3>\n<\/li>\n<\/ul>\n<p><span style=\"font-family: Arial;\">F\u00fcr einen weltweit t\u00e4tigen Ausstatter von Fachb\u00fcchern f\u00fcr Universit\u00e4ten haben wir eine komplette Kommunikationsstruktur auf Basis von IBM Notes\/Domino erstellt. Der Zugriff der Clients erfolgt \u00fcber Linux\/NCs auf Windows Terminal Server. Neben einer hohen Ausfallsicherheit ist bei diesem Kunden besonders die Kommunikation zum bestehenden Gro\u00dfrechnersystem entscheidend, da hier\u00fcber die Fakturierung abgewickelt wird. Es gelang bei diesem Projekt, die Client\/Server Welt der Kommunikation mit der Welt der nachgelagerten, automatisierten Verarbeitung \u00fcbergangslos zu verschmelzen.<\/span><\/p>\n<ul>\n<li>\n<h3><strong><span style=\"font-family: 'Arial'; font-size: 0.85em;\"> Migration von IBM\/Lotus Domino Umgebungen<\/span><\/strong><\/h3>\n<\/li>\n<\/ul>\n<p><span style=\"font-family: Arial;\">Wir f\u00fchren und begleiten unsere Kunden seit der Version Lotus Notes 3 bei den anstehenden Migrationen. Bei jeder Migration legen wir besonderen Wert auf ein hohes Ma\u00df an Vorplanung, Dokumentation und Kommunikation mit unseren Kunden. Im Idealfall wird die komplette Migration in auf einer geklonten Umgebung in einem Testlabor vorweggenommen, anschlie\u00dfend analysiert und angepasst. Dies ist Voraussetzung f\u00fcr eine reibungslose Migration des Produktivsystems. Neben dem reinen Releasewechsel sind im Vorfeld oft vom Kunden speziell angepasste Strukturen auf die neue IBM Notes Version umzustellen.<\/span><\/p>\n<ul>\n<li>\n<h3> <strong><span style=\"font-family: 'Arial'; font-size: 0.85em;\"> Einbindung einer Fremdfirma in die Kommunikationsstruktur<\/span><\/strong><\/h3>\n<\/li>\n<\/ul>\n<p><span style=\"font-family: Arial;\">L-Net hat f\u00fcr einen japanischen Weltkonzern ein Unternehmen in England in die hiesige Kommunikationsstruktur integriert. Dabei wurden die Clients in England so umgestellt, dass sie in einem \u00dcbergangsprozess von Servern in England auf das Cluster im Rhein-Main Gebiet umgeschaltet wurden.<\/span><\/p>\n<ul>\n<li>\n<h3><strong><span style=\"font-family: 'Arial'; font-size: 0.85em;\"> Schulungen von Administratoren<\/span><\/strong><\/h3>\n<\/li>\n<\/ul>\n<p><span style=\"font-family: Arial;\">L-Net f\u00fchrt seit Jahren Schulungen f\u00fcr Administratoren durch. Neben den Standardseminaren bieten wir spezielle Workshops an, bei denen der Seminarinhalt speziell an den Kunden angepasst wird. Zudem bieten wir Seminare zur Vorbereitung auf IBM Notes\/Domino Zertifizierungen an.<\/span><\/p>\n<ul>\n<li>\n<h3><strong><span style=\"font-family: 'Arial'; font-size: 0.85em;\"> 2nd Level Support<\/span><\/strong><\/h3>\n<\/li>\n<\/ul>\n<p><span style=\"font-family: Arial;\">Seit Jahren unterst\u00fctzen wir im Rhein-Main Gebiet einen japanischen Weltkonzern mit dem 2nd Level Support f\u00fcr die IBM\/Lotus Cluster. Bei schwierigen Problemen helfen wir sofort telefonisch oder per Einsatz vor Ort. Au\u00dferdem \u00fcbernehmen wir f\u00fcr diesen Kunden die Urlaubsvertretungen seiner Administratoren.<\/span><\/p>\n","protected":false},"excerpt":{"rendered":"<p>Home \u00bb Referenzen \u00bb Beispielprojekte Notes Domino &nbsp; F\u00fcr jede Herausforderung finden wir die richtige L\u00f6sung. Welche Leistungen wir anbieten und wie wir diese umsetzen, zeigen beispielhaft die nachfolgenden Projekte, die wir gemeinsam mit unseren Kunden erfolgreich durchgef\u00fchrt haben: Planungstool innerhalb der Anwendung L-Net Fuhrparkverwaltung F\u00fcr einen Autohersteller in S\u00fcddeutschland haben wir ein Verwaltungsprogramm f\u00fcr [&hellip;]<\/p>\n","protected":false},"author":1,"featured_media":0,"parent":0,"menu_order":0,"comment_status":"closed","ping_status":"open","template":"","meta":{"footnotes":""},"class_list":["post-301","page","type-page","status-publish","hentry"],"_links":{"self":[{"href":"https:\/\/l-net.net\/index.php\/wp-json\/wp\/v2\/pages\/301","targetHints":{"allow":["GET"]}}],"collection":[{"href":"https:\/\/l-net.net\/index.php\/wp-json\/wp\/v2\/pages"}],"about":[{"href":"https:\/\/l-net.net\/index.php\/wp-json\/wp\/v2\/types\/page"}],"author":[{"embeddable":true,"href":"https:\/\/l-net.net\/index.php\/wp-json\/wp\/v2\/users\/1"}],"replies":[{"embeddable":true,"href":"https:\/\/l-net.net\/index.php\/wp-json\/wp\/v2\/comments?post=301"}],"version-history":[{"count":66,"href":"https:\/\/l-net.net\/index.php\/wp-json\/wp\/v2\/pages\/301\/revisions"}],"predecessor-version":[{"id":5103,"href":"https:\/\/l-net.net\/index.php\/wp-json\/wp\/v2\/pages\/301\/revisions\/5103"}],"wp:attachment":[{"href":"https:\/\/l-net.net\/index.php\/wp-json\/wp\/v2\/media?parent=301"}],"curies":[{"name":"wp","href":"https:\/\/api.w.org\/{rel}","templated":true}]}}