{"id":281,"date":"2014-06-17T14:57:25","date_gmt":"2014-06-17T12:57:25","guid":{"rendered":"http:\/\/l-netwbn.bplaced.net\/wordpress\/?page_id=281"},"modified":"2020-06-25T14:13:45","modified_gmt":"2020-06-25T12:13:45","slug":"seminarverwaltung-fuer-notes","status":"publish","type":"page","link":"https:\/\/l-net.net\/index.php\/seminarverwaltung-fuer-notes\/","title":{"rendered":"<span style=\"font-family:Arial\">Seminarverwaltung f\u00fcr HCL Notes Domino<\/span>"},"content":{"rendered":"<pre><span style=\"font-family: 'Arial'; font-size: 0.8em;\"><span style=\"color: #339966;\"><a title=\"Home\" href=\"https:\/\/l-net.net\/\"><span style=\"color: #339966;\">Home<\/span><\/a> <\/span>\u00bb <a title=\"HCL Notes Domino bei L-Net\" href=\"https:\/\/l-net.net\/index.php\/lotus-notes-bei-l-net\/\"><span style=\"color: #339966;\">HCL Notes Domino<\/span><\/a> \u00bb <a title=\"L-Net Produkte auf Basis Notes Domino \" href=\"https:\/\/l-net.net\/index.php\/l-net-produkte-fuer-notes\/\"><span style=\"color: #339966;\">L-Net Produkte<\/span><\/a> <\/span><span style=\"font-family: Arial; font-size: 0.82em;\"> \u00bb <span style=\"color: #000000;\">Seminarverwaltung<\/span><\/span><\/pre>\n<p>&nbsp;<\/p>\n<h2><span style=\"color: #000000; font-family: 'Arial';\">L-Net Seminarverwaltung<a href=\"https:\/\/l-net.net\/wp-content\/uploads\/2014\/06\/L-Net-Wiesbaden-Seminatverwaltung-Lotus-Notes.jpg\"><img loading=\"lazy\" decoding=\"async\" class=\"alignright wp-image-3821 size-full\" title=\"HCL Notes_L-Net Seminar: Referent und Teilnehmer eines Seminars \" src=\"https:\/\/l-net.net\/wp-content\/uploads\/2014\/06\/L-Net-Wiesbaden-Seminatverwaltung-Lotus-Notes.jpg\" alt=\"HCL Notes_L-Net Seminar: Referent und Teilnehmer eines Seminars \" width=\"200\" height=\"133\" \/><\/a><\/span><\/h2>\n<p><strong><span style=\"color: #000000; font-family: 'Arial';\">Seminarverwaltung mit Seminarangeboten, Beantragung, Reservierung und Auswertung auf Basis von HCL Notes Domino<\/span><\/strong><\/p>\n<p style=\"font: bold 13pt\/normal Arial; font-size-adjust: none; font-stretch: normal;\"><!-- EO bodyContent_Description --><\/p>\n<p><span style=\"color: #000000; font-family: 'Arial';\">Die Qualifikation Ihrer Mitarbeiter\/innen ist ma\u00dfgeblich f\u00fcr den Erfolg Ihres Unternehmens.<\/span><\/p>\n<p><span style=\"color: #000000; font-family: 'Arial';\">Dabei verk\u00fcrzt sich die Aktualit\u00e4t des Wissens immer mehr. Eine kontinuierliche Weiterbildung ist somit oft unerl\u00e4sslich. In Zeiten knapper Budgets gilt es deshalb, die vorhandenen Mittel gezielt einzusetzen.<\/span><br \/>\n<span style=\"color: #000000; font-family: 'Arial';\">Die L-Net Seminarverwaltung auf Basis von HCL Notes unterst\u00fctzt Sie dabei, diesen Aufgaben gerecht zu werden und die Kosten im Griff zu behalten.<\/span><\/p>\n<div>&nbsp;<\/div>\n<hr \/>\n<div>&nbsp;<\/div>\n<h3><span style=\"font-family: 'Arial'; color: #000000;\">L-Net Seminare Highlights<\/span><\/h3>\n<div id=\"e1266\" class=\"ZMSGraphic\" style=\"float: right;\"><\/div>\n<ul>\n<li>Seminarplanung, Vorschl\u00e4ge<\/li>\n<li>Kursempfehlungen<\/li>\n<li>Seminarbeantragung und -genehmigung<a href=\"https:\/\/l-net.net\/wp-content\/uploads\/2017\/05\/L-Net-Seminarverwaltung-Seminaruebersicht1.png\"><img loading=\"lazy\" decoding=\"async\" class=\"alignright wp-image-3251\" title=\"HCL Notes_L-Net Seminare: Ansicht alle angebotene Seminare\" src=\"https:\/\/l-net.net\/wp-content\/uploads\/2017\/05\/L-Net-Seminarverwaltung-Seminaruebersicht-Vorschau.png\" alt=\"HCL Notes L-Net Seminars, Ansicht Seminaretermine\" width=\"230\" height=\"42\" \/><\/a><\/li>\n<li>Erstellen von Seminarvorlagen<\/li>\n<li>Thematische Zuordnung der Seminarvorlagen in Gruppen<\/li>\n<li>Erstellen von konkreten Seminarangeboten<\/li>\n<li>Definition von Zielgruppen f\u00fcr bestimmte Seminare<\/li>\n<li>Einladung von Dozenten<\/li>\n<li>automatisches Anlegen von Wartelisten bei \u00dcberbuchung<\/li>\n<li>Erinnerungsfunktion kurz vor Seminarbeginn<a href=\"https:\/\/l-net.net\/wp-content\/uploads\/2017\/05\/L-Net-Seminarverwaltung-Seminartermin.png\"><img loading=\"lazy\" decoding=\"async\" class=\"alignright wp-image-3252\" title=\"HCL Notes_L-Net Seminar: Seminardaten zum Kurs &quot;Notes-Entwicklung&quot;\" src=\"https:\/\/l-net.net\/wp-content\/uploads\/2017\/05\/L-Net-Seminarverwaltung-Seminartermin-Vorschau.png\" alt=\"HCL Notes L-Net Seminare, Seminardaten zum Kurs &quot;Notes-Entwicklung&quot;\" width=\"180\" height=\"153\" \/><\/a><\/li>\n<li>Wiedervorlagefunktionen<\/li>\n<li>Auswahl von Hotels, Anzeige Zimmerbuchung<\/li>\n<li>Hinterlegung von erworbenen Qualifikationen durch den Seminarbesuch<\/li>\n<li>Seminarbeurteilung<\/li>\n<li>Ausdruck von Zertifikaten<\/li>\n<li>Kosten\u00fcbersichten nach Jahr, Abteilung und Kostenstelle<\/li>\n<li>Anzeige der Seminare im pers\u00f6nlichen Kalender mit Aktualisierungsfunktion<a href=\"https:\/\/l-net.net\/wp-content\/uploads\/2014\/06\/L-Net-Seminarverwaltung-Seminarangebot.png\"><img loading=\"lazy\" decoding=\"async\" class=\"alignright wp-image-3253\" title=\"HCL Notes_ L-Net Seminar: Belegeung eines Semniars\" src=\"https:\/\/l-net.net\/wp-content\/uploads\/2014\/06\/L-Net-Seminarverwaltung-Seminarangebot-300x142.png\" alt=\"HCL Notes L-Net Seminare, Belegung eines Seminars\" width=\"184\" height=\"87\" srcset=\"https:\/\/l-net.net\/wp-content\/uploads\/2014\/06\/L-Net-Seminarverwaltung-Seminarangebot-300x142.png 300w, https:\/\/l-net.net\/wp-content\/uploads\/2014\/06\/L-Net-Seminarverwaltung-Seminarangebot.png 439w\" sizes=\"auto, (max-width: 184px) 100vw, 184px\" \/><\/a><\/li>\n<li>\u00dcbersichtsmatrix aller Seminare und Pflichttermine pro Teilnehmer<\/li>\n<li>Auswertungen \u00fcber Excel-Export, \u00dcbersicht Seminarauslastungen<\/li>\n<li>Teilnehmerlisten f\u00fcr den Ausdruck<\/li>\n<\/ul>\n<div>&nbsp;<\/div>\n<div>&nbsp;<\/div>\n","protected":false},"excerpt":{"rendered":"<p>Home \u00bb HCL Notes Domino \u00bb L-Net Produkte \u00bb Seminarverwaltung &nbsp; L-Net Seminarverwaltung Seminarverwaltung mit Seminarangeboten, Beantragung, Reservierung und Auswertung auf Basis von HCL Notes Domino Die Qualifikation Ihrer Mitarbeiter\/innen ist ma\u00dfgeblich f\u00fcr den Erfolg Ihres Unternehmens. Dabei verk\u00fcrzt sich die Aktualit\u00e4t des Wissens immer mehr. Eine kontinuierliche Weiterbildung ist somit oft unerl\u00e4sslich. In Zeiten [&hellip;]<\/p>\n","protected":false},"author":1,"featured_media":0,"parent":0,"menu_order":0,"comment_status":"closed","ping_status":"open","template":"","meta":{"footnotes":""},"class_list":["post-281","page","type-page","status-publish","hentry"],"_links":{"self":[{"href":"https:\/\/l-net.net\/index.php\/wp-json\/wp\/v2\/pages\/281","targetHints":{"allow":["GET"]}}],"collection":[{"href":"https:\/\/l-net.net\/index.php\/wp-json\/wp\/v2\/pages"}],"about":[{"href":"https:\/\/l-net.net\/index.php\/wp-json\/wp\/v2\/types\/page"}],"author":[{"embeddable":true,"href":"https:\/\/l-net.net\/index.php\/wp-json\/wp\/v2\/users\/1"}],"replies":[{"embeddable":true,"href":"https:\/\/l-net.net\/index.php\/wp-json\/wp\/v2\/comments?post=281"}],"version-history":[{"count":135,"href":"https:\/\/l-net.net\/index.php\/wp-json\/wp\/v2\/pages\/281\/revisions"}],"predecessor-version":[{"id":5141,"href":"https:\/\/l-net.net\/index.php\/wp-json\/wp\/v2\/pages\/281\/revisions\/5141"}],"wp:attachment":[{"href":"https:\/\/l-net.net\/index.php\/wp-json\/wp\/v2\/media?parent=281"}],"curies":[{"name":"wp","href":"https:\/\/api.w.org\/{rel}","templated":true}]}}