{"id":269,"date":"2014-06-17T14:56:36","date_gmt":"2014-06-17T12:56:36","guid":{"rendered":"http:\/\/l-netwbn.bplaced.net\/wordpress\/?page_id=269"},"modified":"2020-07-06T13:51:50","modified_gmt":"2020-07-06T11:51:50","slug":"l-net-produkte-fuer-hcl-notes","status":"publish","type":"page","link":"https:\/\/l-net.net\/index.php\/l-net-produkte-fuer-hcl-notes\/","title":{"rendered":"<span style=\"font-family:Arial\">L-Net Produkte f\u00fcr Notes Domino<\/span>"},"content":{"rendered":"<pre><span style=\"color: #339966;\"><span style=\"font-family: 'Arial'; font-size: 0.82em;\"><a title=\"Home\" href=\"https:\/\/l-net.net\/\"><span style=\"color: #339966;\">Home <\/span><\/a><\/span><\/span><span style=\"font-family: 'Arial'; font-size: 0.82em;\">\u00bb <span style=\"color: #339966;\"><a title=\"Notes Domino bei L-Net\" href=\"https:\/\/l-net.net\/index.php\/lotus-notes-bei-l-net\/\"><span style=\"color: #339966;\">HCL Notes Domino<\/span><\/a><\/span> \u00bb <\/span><span style=\"color: #000000;\"><span style=\"font-family: 'Arial'; font-size: 0.82em;\">L-Net Produkte<\/span><\/span><\/pre>\n<p>&nbsp;<\/p>\n<p><span class=\"description\"><span style=\"font-family: Arial;\">Wir bieten Ihnen bew\u00e4hrte und leistungsstarke L\u00f6sungen.<\/span> <a href=\"https:\/\/l-net.net\/wp-content\/uploads\/2015\/08\/L-Net_Wiesbaden_L-Net-Produkte1.jpg\"><img loading=\"lazy\" decoding=\"async\" class=\"alignright wp-image-3717 size-medium\" title=\"L-Net Wiesbaden L-Net Produkte auf Basis von Notes Domino\" src=\"https:\/\/l-net.net\/wp-content\/uploads\/2015\/08\/L-Net_Wiesbaden_L-Net-Produkte1-300x201.jpg\" alt=\"L-Net Produkte auf Basis von Notes Domino\" width=\"300\" height=\"201\" srcset=\"https:\/\/l-net.net\/wp-content\/uploads\/2015\/08\/L-Net_Wiesbaden_L-Net-Produkte1-300x201.jpg 300w, https:\/\/l-net.net\/wp-content\/uploads\/2015\/08\/L-Net_Wiesbaden_L-Net-Produkte1.jpg 330w\" sizes=\"auto, (max-width: 300px) 100vw, 300px\" \/><\/a><!-- EO bodyContent_Description --> <!-- EO bodyContent_PagePre --><br \/>\n<span> Unsere Produktphilosophie: klare Funktionalit\u00e4ten, einfache Bedienung und kurze Amortisationsdauern.<\/span><\/span><br \/>\n&nbsp;<br \/>\n<span style=\"font-family: Arial;\">Unsere L\u00f6sungen f\u00fcr Sie &#8211; auf Basis von HCL Notes Domino:<\/span><\/p>\n<table style=\"height: 380px;\" width=\"696\">\n<tbody>\n<tr>\n<td><strong><span style=\"font-family: Arial;\">Personal<\/span><\/strong><\/td>\n<\/tr>\n<tr>\n<td><span style=\"font-family: Arial;\"><a title=\"Personalmanagementsystem f\u00fcr Lotus Notes\" href=\"https:\/\/l-net.net\/index.php\/personalverwaltung-fuer-notes\/\"><span style=\"color: #008000;\"><span style=\"color: #008000;\"><b>Personalmanagement<\/b><\/span><\/span><\/a><\/span><\/td>\n<td><span style=\"font-family: Arial;\">Personalakte, -gespr\u00e4che, -entwicklung und Korrespondenz<\/span><\/td>\n<\/tr>\n<tr>\n<td><span style=\"font-family: Arial;\"><a title=\"Urlaubsverwaltung f\u00fcr Lotus Notes\" href=\"https:\/\/l-net.net\/index.php\/urlaubsverwaltung-fuer-notes\/\"><span style=\"color: #008000;\"><span style=\"color: #008000;\"><b>Urlaubsverwaltung<\/b><\/span><\/span><\/a><\/span><\/td>\n<td><span style=\"font-family: Arial;\">Urlaubsplanung und Abwesenheitsmanagement<\/span><\/td>\n<\/tr>\n<tr>\n<td><span style=\"font-family: Arial;\"><a title=\"Bewerberverwaltung f\u00fcr Lotus Notes\" href=\"https:\/\/l-net.net\/index.php\/bewerberverwaltung-fuer-notes\/\"><span style=\"color: #008000;\"><span style=\"color: #008000;\"><b>Bewerberverwaltung<\/b><\/span><\/span><\/a><\/span><\/td>\n<td><span style=\"font-family: Arial;\">Ausschreibung, Bewerbungseingang, Auswahl und Einstellung<\/span><\/td>\n<\/tr>\n<tr>\n<td><span style=\"font-family: Arial;\"><a title=\"Seminarverwaltung f\u00fcr Lotus Notes\" href=\"https:\/\/l-net.net\/index.php\/seminarverwaltung-fuer-notes\/\"><span style=\"color: #008000;\"><span style=\"color: #008000;\"><b>Seminarverwaltung<\/b><\/span><\/span><\/a><\/span><\/td>\n<td><span style=\"font-family: Arial;\">Seminarangebote, Beantragung, Reservierung und Auswertung<\/span><\/td>\n<\/tr>\n<tr>\n<\/tr>\n<tr>\n<td>&nbsp;<\/td>\n<\/tr>\n<td><strong><span style=\"font-family: Arial;\">Organisation<\/span><\/strong><\/td>\n<tr>\n<td><span style=\"font-family: Arial;\"><a title=\"User Helpdesk f\u00fcr Lotus Notes\" href=\"https:\/\/l-net.net\/index.php\/helpdesk-fuer-notes\/\"><span style=\"color: #008000;\"><span style=\"color: #008000;\"><b>User HelpDesk<\/b><\/span><\/span><\/a><\/span><\/td>\n<td><span style=\"font-family: Arial;\">Supportanfragen, L\u00f6sungsbibliothek und Inventarisierung<\/span><\/td>\n<\/tr>\n<tr>\n<td><span style=\"font-family: Arial;\"><a title=\"Fuhrparkverwaltung f\u00fcr Lotus Notes\" href=\"https:\/\/l-net.net\/index.php\/fuhrparkverwaltung-fuer-notes\/\"><span style=\"color: #008000;\"><span style=\"color: #008000;\"><b>Fuhrparkverwaltung<\/b><\/span><\/span><\/a><\/span><\/td>\n<td><span style=\"font-family: Arial;\">Bestandsverwaltung, Ausleihfunktion, Wartung und Inspektionen<\/span><\/td>\n<\/tr>\n<\/tbody>\n<\/table>\n<p><!-- BO bodyContentZMSCustom_layouttable --><\/p>\n","protected":false},"excerpt":{"rendered":"<p>Home \u00bb HCL Notes Domino \u00bb L-Net Produkte &nbsp; Wir bieten Ihnen bew\u00e4hrte und leistungsstarke L\u00f6sungen. Unsere Produktphilosophie: klare Funktionalit\u00e4ten, einfache Bedienung und kurze Amortisationsdauern. &nbsp; Unsere L\u00f6sungen f\u00fcr Sie &#8211; auf Basis von HCL Notes Domino: Personal Personalmanagement Personalakte, -gespr\u00e4che, -entwicklung und Korrespondenz Urlaubsverwaltung Urlaubsplanung und Abwesenheitsmanagement Bewerberverwaltung Ausschreibung, Bewerbungseingang, Auswahl und Einstellung Seminarverwaltung [&hellip;]<\/p>\n","protected":false},"author":1,"featured_media":0,"parent":0,"menu_order":0,"comment_status":"closed","ping_status":"closed","template":"","meta":{"footnotes":""},"class_list":["post-269","page","type-page","status-publish","hentry"],"_links":{"self":[{"href":"https:\/\/l-net.net\/index.php\/wp-json\/wp\/v2\/pages\/269","targetHints":{"allow":["GET"]}}],"collection":[{"href":"https:\/\/l-net.net\/index.php\/wp-json\/wp\/v2\/pages"}],"about":[{"href":"https:\/\/l-net.net\/index.php\/wp-json\/wp\/v2\/types\/page"}],"author":[{"embeddable":true,"href":"https:\/\/l-net.net\/index.php\/wp-json\/wp\/v2\/users\/1"}],"replies":[{"embeddable":true,"href":"https:\/\/l-net.net\/index.php\/wp-json\/wp\/v2\/comments?post=269"}],"version-history":[{"count":134,"href":"https:\/\/l-net.net\/index.php\/wp-json\/wp\/v2\/pages\/269\/revisions"}],"predecessor-version":[{"id":5864,"href":"https:\/\/l-net.net\/index.php\/wp-json\/wp\/v2\/pages\/269\/revisions\/5864"}],"wp:attachment":[{"href":"https:\/\/l-net.net\/index.php\/wp-json\/wp\/v2\/media?parent=269"}],"curies":[{"name":"wp","href":"https:\/\/api.w.org\/{rel}","templated":true}]}}