{"id":2658,"date":"2014-12-30T14:27:33","date_gmt":"2014-12-30T12:27:33","guid":{"rendered":"http:\/\/l-net.net\/?page_id=2658"},"modified":"2020-01-28T10:58:24","modified_gmt":"2020-01-28T08:58:24","slug":"visualisieren-von-arbeitsprozessen-im-web","status":"publish","type":"page","link":"https:\/\/l-net.net\/index.php\/visualisieren-von-arbeitsprozessen-im-web\/","title":{"rendered":"<span style=\"font-family:Arial\">Visualisierung von Arbeitsprozessen <\/span>"},"content":{"rendered":"<pre><span style=\"font-family: 'Arial'; font-size: 0.82em;\"><span style=\"color: #339966;\"><a title=\"Home\" href=\"https:\/\/l-net.net\/\"><span style=\"color: #339966;\">Home<\/span><\/a><\/span> \u00bb<a title=\"HCL Notes Domino\" href=\"https:\/\/l-net.net\/?page_id=2910\"><span style=\"color: #339966;\"> HCL Notes Domino<\/span> <\/a>\u00bb <span style=\"color: #339966;\"><a title=\"Aktuelles\" href=\"https:\/\/l-net.net\/?page_id=319\"><span style=\"color: #339966;\">Aktuelles<\/span><\/a><\/span> \u00bb <span style=\"color: #008000;\"><span style=\"color: #000000;\">Visualisierung von Arbeitsprozessen<\/span> <\/span><\/span><\/pre>\n<p>&nbsp;<\/p>\n<h2>\n<span style=\"font-family:Arial\">Visualisierung von HCL Notes Domino Anwendungen<\/span><\/h2>\n<p><span style=\"font-family: Arial;\"><a href=\"https:\/\/l-net.net\/wp-content\/uploads\/2017\/05\/L-Net_Kanbanboard1.png\"><img loading=\"lazy\" decoding=\"async\" class=\"alignleft wp-image-2905 size-medium\" title=\"L-Net Kanbanboard zur Visualisierung von HCL Notes Domino Anwendungen\" src=\"https:\/\/l-net.net\/wp-content\/uploads\/2014\/12\/L-Net_Kanbanboard-300x156.png\" alt=\"L-Net Kanbanboard zur Visualisierung von HCL Notes Domino-Anwendungen\" width=\"300\" height=\"156\" srcset=\"https:\/\/l-net.net\/wp-content\/uploads\/2014\/12\/L-Net_Kanbanboard-300x156.png 300w, https:\/\/l-net.net\/wp-content\/uploads\/2014\/12\/L-Net_Kanbanboard.png 980w\" sizes=\"auto, (max-width: 300px) 100vw, 300px\" \/><\/a>F\u00fcr die Vereinfachung von Arbeitsabl\u00e4ufen bieten wir allen HCL Notes Domino Anwendern eine elegante M\u00f6glichkeit, Arbeitsprozesse zu visualisieren und deren Fortschritt zu verfolgen. In Anlehnung an das japanische Kanban-Board lassen sich mit unserer L\u00f6sung Projekte, Aufgaben und vieles mehr im Webbrowser abbilden und durch die Drag &amp; Drop-Funktion steuern. Der komplette Workflow ist von \u00fcberall einsehbar und koordinierbar. Alle Ver\u00e4nderungen werden direkt in die Notes-Datenbank zur\u00fcckgespielt.<\/span><\/p>\n<p><a href=\"https:\/\/l-net.net\/wp-content\/uploads\/2014\/12\/L-Net-Dientsleistungen_Visualisierung-von-Arbeitsabl\u00e4ufen_KanbanBoard.png\"><br \/>\n<\/a><span style=\"font-family: Arial;\">Flexibilit\u00e4t ist einer der wichtigsten Merkmale unserer L\u00f6sung. Wir erweitern Ihre bestehende Anwendung um diese beeindruckende Funktion.<\/span><br \/>\n&nbsp;<br \/>\n<strong><span style=\"font-family: Arial;\">Highlights<\/span><\/strong><\/p>\n<ul>\n<li>Visualisierung der Vorg\u00e4nge als bunte \u201eHaftnotizen&#8220; auf einem Kanban-\u00e4hnlichen Board<\/li>\n<li>Als eigenst\u00e4ndiges Produkt oder f\u00fcr vorhandene Notes-Anwendungen<a href=\"https:\/\/l-net.net\/wp-content\/uploads\/2014\/12\/L-Net-Dienstleistungen_Visualisierung_Kanban_Board_Neuer-Vorgang1.png\"><img loading=\"lazy\" decoding=\"async\" class=\"alignright wp-image-2705\" title=\"L-Net Dienstleistungen f\u00fcr HCL Notes Domino Visualisierung von Arbeitsprozessen - Neuer Vorgang\" src=\"https:\/\/l-net.net\/wp-content\/uploads\/2014\/12\/L-Net-Dienstleistungen_Visualisierung_Kanban_Board_Neuer-Vorgang1-150x150.png\" alt=\"L-Net Dienstleistungen_Visualisierung_Kanban_Board_Neuer Vorgang\" width=\"90\" height=\"71\" \/><\/a><\/li>\n<li>Farbliche Darstellung der Kategorien<\/li>\n<li>Steuerung der Prozesse via Maus<\/li>\n<li>Freie Bezeichnung der Status<\/li>\n<li>Arbeitsfortschrittsbalken<a href=\"https:\/\/l-net.net\/wp-content\/uploads\/2014\/12\/L-Net-Diensleistungen_Visualiesrung_Kanban_Board_Vorgang-bearbeiten.png\"><img loading=\"lazy\" decoding=\"async\" class=\"alignright wp-image-2678\" title=\"L-Net Dienstleistungen f\u00fcr HCL Notes Domino Visualisierung von Arbeitsprozessen - Vorgang bearbeiten\" src=\"https:\/\/l-net.net\/wp-content\/uploads\/2014\/12\/L-Net-Diensleistungen_Visualiesrung_Kanban_Board_Vorgang-bearbeiten-174x300.png\" alt=\"L-Net Dienstleistungen f\u00fcr HCL Notes Domino Visualisierung von Arbeitsprozessen - Vorgang bearbeiten\" width=\"64\" height=\"110\" srcset=\"https:\/\/l-net.net\/wp-content\/uploads\/2014\/12\/L-Net-Diensleistungen_Visualiesrung_Kanban_Board_Vorgang-bearbeiten-174x300.png 174w, https:\/\/l-net.net\/wp-content\/uploads\/2014\/12\/L-Net-Diensleistungen_Visualiesrung_Kanban_Board_Vorgang-bearbeiten.png 463w\" sizes=\"auto, (max-width: 64px) 100vw, 64px\" \/><\/a><\/li>\n<li>Laufende Vorgangsnummern<\/li>\n<li>Einstellen der maximalen Anzahl von Eintr\u00e4gen pro Status<\/li>\n<li>Terminmanagement mit F\u00e4lligkeitsdatum und Priorisierung<\/li>\n<li>Flexibles Erzeugen von Spalten und neuen Vorg\u00e4ngen<\/li>\n<li>Filterfunktion<\/li>\n<li>Hinzuf\u00fcgen von Anh\u00e4ngen und Kommentaren<\/li>\n<li>Zuweisung von Aufgaben an Teammitglieder<a href=\"https:\/\/l-net.net\/wp-content\/uploads\/2014\/12\/L-Net-Kanban-Visualisierung-Status.png\"><img loading=\"lazy\" decoding=\"async\" class=\"alignright wp-image-2743\" title=\"L-Net Dienstleistungen f\u00fcr HCL Notes Domino Visualisierung von Arbeitsprozessen - Status\" src=\"https:\/\/l-net.net\/wp-content\/uploads\/2014\/12\/L-Net-Kanban-Visualisierung-Status-150x150.png\" alt=\"L-Net Dienstleistungen f\u00fcr HCL Notes Domino Visualisierung von Arbeitsprozessen - Neuer VorgangStatus\" width=\"90\" height=\"50\" srcset=\"https:\/\/l-net.net\/wp-content\/uploads\/2014\/12\/L-Net-Kanban-Visualisierung-Status-300x167.png 300w, https:\/\/l-net.net\/wp-content\/uploads\/2014\/12\/L-Net-Kanban-Visualisierung-Status.png 688w\" sizes=\"auto, (max-width: 90px) 100vw, 90px\" \/><\/a><\/li>\n<li>Sortierm\u00f6glichkeit (z.B. nach F\u00e4lligkeitsdatum, Verantwortlichem, Titel)<\/li>\n<\/ul>\n<p>&nbsp;<\/p>\n","protected":false},"excerpt":{"rendered":"<p>Home \u00bb HCL Notes Domino \u00bb Aktuelles \u00bb Visualisierung von Arbeitsprozessen &nbsp; Visualisierung von HCL Notes Domino Anwendungen F\u00fcr die Vereinfachung von Arbeitsabl\u00e4ufen bieten wir allen HCL Notes Domino Anwendern eine elegante M\u00f6glichkeit, Arbeitsprozesse zu visualisieren und deren Fortschritt zu verfolgen. In Anlehnung an das japanische Kanban-Board lassen sich mit unserer L\u00f6sung Projekte, Aufgaben und [&hellip;]<\/p>\n","protected":false},"author":1,"featured_media":0,"parent":0,"menu_order":0,"comment_status":"closed","ping_status":"closed","template":"","meta":{"footnotes":""},"class_list":["post-2658","page","type-page","status-publish","hentry"],"_links":{"self":[{"href":"https:\/\/l-net.net\/index.php\/wp-json\/wp\/v2\/pages\/2658","targetHints":{"allow":["GET"]}}],"collection":[{"href":"https:\/\/l-net.net\/index.php\/wp-json\/wp\/v2\/pages"}],"about":[{"href":"https:\/\/l-net.net\/index.php\/wp-json\/wp\/v2\/types\/page"}],"author":[{"embeddable":true,"href":"https:\/\/l-net.net\/index.php\/wp-json\/wp\/v2\/users\/1"}],"replies":[{"embeddable":true,"href":"https:\/\/l-net.net\/index.php\/wp-json\/wp\/v2\/comments?post=2658"}],"version-history":[{"count":75,"href":"https:\/\/l-net.net\/index.php\/wp-json\/wp\/v2\/pages\/2658\/revisions"}],"predecessor-version":[{"id":5049,"href":"https:\/\/l-net.net\/index.php\/wp-json\/wp\/v2\/pages\/2658\/revisions\/5049"}],"wp:attachment":[{"href":"https:\/\/l-net.net\/index.php\/wp-json\/wp\/v2\/media?parent=2658"}],"curies":[{"name":"wp","href":"https:\/\/api.w.org\/{rel}","templated":true}]}}