{"id":261,"date":"2014-06-17T14:34:59","date_gmt":"2014-06-17T12:34:59","guid":{"rendered":"http:\/\/l-netwbn.bplaced.net\/wordpress\/?page_id=261"},"modified":"2023-03-03T14:06:35","modified_gmt":"2023-03-03T12:06:35","slug":"lizenzen","status":"publish","type":"page","link":"https:\/\/l-net.net\/index.php\/lizenzen\/","title":{"rendered":"<span style=\"font-family:Arial\">Lizenzen<\/span>"},"content":{"rendered":"<pre><span style=\"font-family: 'Arial'; font-size: 0.82em;\"><span style=\"color: #339966;\"><a title=\"Home\" href=\"https:\/\/l-net.net\/\"><span style=\"color: #339966;\"> Home<\/span><\/a><\/span> \u00bb <a title=\"Lotus Notes bei L-Net\" href=\"https:\/\/l-net.net\/index.php\/lotus-notes-bei-l-net\/\"><span style=\"color: #339966;\">Lotus Notes<\/span> <\/a>\u00bb <span style=\"color: #339966;\"> <a title=\"L-Net IT-Dienstleistungen f\u00fcr Lotus Notes\" href=\"https:\/\/l-net.net\/index.php\/lotus-notes-dienstleistungen\/\"><span style=\"color: #339966;\">Dienstleistungen <\/span><\/a><\/span><\/span><span style=\"font-family: 'Arial'; font-size: 0.82em;\">\u00bb <span style=\"color: #000000;\">Lizenzen<\/span><\/span><\/pre>\n<p>&nbsp;<br \/>\n<span style=\"font-family: Arial;\">Optimieren Sie&nbsp;Ihren Lizenzbestand!<\/span><\/p>\n<h2><span style=\"font-family: Arial; color: #000000;\">HCL \/ Microsoft \/ sonstige<\/span><\/h2>\n<p><span style=\"font-family: Arial;\">Hersteller bieten verschiedenste Lizenzprogramme an. Neben der Auswahl des richtigen Lizenzmodells (z.B. in Abh\u00e4ngigkeit von der Unternehmensgr\u00f6\u00dfe) k\u00f6nnen angebotene Software-Bundles zu deutlichen Kosteneinsparungen f\u00fchren.<\/span><\/p>\n<p>Neben HCL und Microsoft f\u00fchren wir in unserem Portfolio&nbsp;auch viele&nbsp;andere Hersteller, z.B. aus dem Bereich Sicherheit. Wir beraten Sie in lizenzrechtlichen Fragen und helfen Ihnen, die f\u00fcr Ihr Unternehmen g\u00fcnstigsten Lizenzen und Maintenancen zu erwerben.<\/p>\n<p>&nbsp;<\/p>\n<h2><span style=\"font-family: Arial; color: #000000;\">L-Net Produkte<\/span><\/h2>\n<p><span style=\"font-family: Arial;\">Die Lizenzierung der L-Net Produkte erfolgt zumeist gestaffelt nach der Anzahl der User.<\/span><\/p>\n<p>Zus\u00e4tzlich zum einmaligen Lizenzpreis bieten wir unseren Kunden eine Subscription an. Die Subscription erm\u00f6glicht es Ihnen, innerhalb eines Jahres die aktuellste Version des betreffenden Produktes einzusetzen. Eine lohnende Investition, denn so profitieren Sie von allen Weiterentwicklungen, die wir kontinuierlich an unseren L\u00f6sungen vornehmen.<\/p>\n","protected":false},"excerpt":{"rendered":"<p>Home \u00bb Lotus Notes \u00bb Dienstleistungen \u00bb Lizenzen &nbsp; Optimieren Sie&nbsp;Ihren Lizenzbestand! HCL \/ Microsoft \/ sonstige Hersteller bieten verschiedenste Lizenzprogramme an. Neben der Auswahl des richtigen Lizenzmodells (z.B. in Abh\u00e4ngigkeit von der Unternehmensgr\u00f6\u00dfe) k\u00f6nnen angebotene Software-Bundles zu deutlichen Kosteneinsparungen f\u00fchren. Neben HCL und Microsoft f\u00fchren wir in unserem Portfolio&nbsp;auch viele&nbsp;andere Hersteller, z.B. aus dem [&hellip;]<\/p>\n","protected":false},"author":1,"featured_media":0,"parent":0,"menu_order":0,"comment_status":"closed","ping_status":"open","template":"","meta":{"footnotes":""},"class_list":["post-261","page","type-page","status-publish","hentry"],"_links":{"self":[{"href":"https:\/\/l-net.net\/index.php\/wp-json\/wp\/v2\/pages\/261","targetHints":{"allow":["GET"]}}],"collection":[{"href":"https:\/\/l-net.net\/index.php\/wp-json\/wp\/v2\/pages"}],"about":[{"href":"https:\/\/l-net.net\/index.php\/wp-json\/wp\/v2\/types\/page"}],"author":[{"embeddable":true,"href":"https:\/\/l-net.net\/index.php\/wp-json\/wp\/v2\/users\/1"}],"replies":[{"embeddable":true,"href":"https:\/\/l-net.net\/index.php\/wp-json\/wp\/v2\/comments?post=261"}],"version-history":[{"count":27,"href":"https:\/\/l-net.net\/index.php\/wp-json\/wp\/v2\/pages\/261\/revisions"}],"predecessor-version":[{"id":5872,"href":"https:\/\/l-net.net\/index.php\/wp-json\/wp\/v2\/pages\/261\/revisions\/5872"}],"wp:attachment":[{"href":"https:\/\/l-net.net\/index.php\/wp-json\/wp\/v2\/media?parent=261"}],"curies":[{"name":"wp","href":"https:\/\/api.w.org\/{rel}","templated":true}]}}