{"id":253,"date":"2014-06-17T14:34:36","date_gmt":"2014-06-17T12:34:36","guid":{"rendered":"http:\/\/l-netwbn.bplaced.net\/wordpress\/?page_id=253"},"modified":"2020-06-17T16:37:09","modified_gmt":"2020-06-17T14:37:09","slug":"support","status":"publish","type":"page","link":"https:\/\/l-net.net\/index.php\/support\/","title":{"rendered":"<span style=\"font-family:Arial\">Support<\/span>"},"content":{"rendered":"<pre><span style=\"font-family: 'Arial'; font-size: 0.82em;\"><span style=\"color: #339966;\"> <a title=\"Home\" href=\"https:\/\/l-net.net\/\"><span style=\"color: #339966;\">Home<\/span><\/a> <\/span>\u00bb <a title=\"Notes Domino bei L-Net\" href=\"https:\/\/l-net.net\/index.php\/lotus-notes-bei-l-net\/\"><span style=\"color: #339966;\">Notes Domino<\/span><\/a> \u00bb <span style=\"color: #339966;\"><a title=\"Notes Domino Dienstleistungen\" href=\"https:\/\/l-net.net\/index.php\/lotus-notes-dienstleistungen\/\"><span style=\"color: #339966;\">Dienstleistungen <\/span><\/a><\/span>\u00bb<span style=\"color: #000000;\"> Support\n<\/span><\/span><\/pre>\n<p>&nbsp;<br \/>\n<span style=\"font-family: Arial;\">Wenn jede Minute z\u00e4hlt, ist eine schnelle und flexible Unterst\u00fctzung ohne lange Kommunikationswege von gro\u00dfer Bedeutung. L-Net bietet Ihnen ein breites Spektrum an Support-Leistungen, die auf Ihre speziellen Anforderungen hin zugeschnitten sind.<\/span><\/p>\n<p><span style=\"font-family: Arial;\">Wir sichern eine unkomplizierte Komplettbetreuung Ihrer Notes Domino-Umgebung, damit ein effizienter Betrieb des Systems gew\u00e4hrleistet ist und Sie entspannt arbeiten k\u00f6nnen.<\/span><a href=\"https:\/\/l-net.net\/wp-content\/uploads\/2014\/06\/L-Net_Wiesbaden_Support.jpg\"><img loading=\"lazy\" decoding=\"async\" class=\"alignright wp-image-3183 size-full\" title=\"Support Operator\/in wartet auf Ihren Anruf\" src=\"https:\/\/l-net.net\/wp-content\/uploads\/2014\/06\/L-Net_Wiesbaden_Support.jpg\" alt=\"Support Operator\/in wartet auf Ihren Anruf\" width=\"200\" height=\"152\" \/><\/a><\/p>\n<p>&nbsp;<\/p>\n<p>&nbsp;<\/p>\n<p><strong><span style=\"font-family: Arial;\">Fragen Sie bei uns an &#8211; Tel. 0611 841 08 80<\/span><\/strong><br \/>\n&nbsp;<\/p>\n<pre><!-- BO bodyContentZMSCustom_layouttable --><\/pre>\n<table class=\"layouttable\" border=\"0\" cellspacing=\"0\" cellpadding=\"3\">\n<tbody>\n<tr><!-- BO bodyContentZMSCustom_layouttableitem --><\/p>\n<td style=\"background-color: #eeeeee;\" valign=\"middle\">\n<p id=\"cell999\"><b><span style=\"font-family: Arial;\">Supportart<\/span><\/b><\/p>\n<\/td>\n<p><!-- EO bodyContentZMSCustom_layouttableitem --> <!-- BO bodyContentZMSCustom_layouttableitem --><\/p>\n<td style=\"background-color: #eeeeee;\" valign=\"middle\">\n<p id=\"cell1001\"><b><span style=\"font-family: Arial;\">Beschreibung<\/span><\/b><\/p>\n<\/td>\n<p><!-- EO bodyContentZMSCustom_layouttableitem --><\/tr>\n<tr><!-- BO bodyContentZMSCustom_layouttableitem --><\/p>\n<td style=\"background-color: #ffffff;\" valign=\"middle\"><\/td>\n<p><!-- EO bodyContentZMSCustom_layouttableitem --> <!-- BO bodyContentZMSCustom_layouttableitem --><\/p>\n<td style=\"background-color: #ffffff;\" valign=\"middle\"><\/td>\n<p><!-- EO bodyContentZMSCustom_layouttableitem --><\/tr>\n<tr><!-- BO bodyContentZMSCustom_layouttableitem --><\/p>\n<td style=\"background-color: #eeeeee;\" valign=\"middle\">\n<p style=\"text-align: left;\"><b><span style=\"font-family: Arial;\">Hotline<\/span><\/b><\/p>\n<\/td>\n<p><!-- EO bodyContentZMSCustom_layouttableitem --> <!-- BO bodyContentZMSCustom_layouttableitem --><\/p>\n<td style=\"background-color: #ffffff;\" valign=\"middle\"><span style=\"font-family: Arial;\">Sie l\u00f6sen Ihre Probleme selbst und erhalten punktuell unsere Unterst\u00fctzung per Telefon.<\/span><\/td>\n<p><!-- EO bodyContentZMSCustom_layouttableitem --><\/tr>\n<tr><!-- BO bodyContentZMSCustom_layouttableitem --><\/p>\n<td style=\"background-color: #ffffff;\" valign=\"middle\"><\/td>\n<p><!-- EO bodyContentZMSCustom_layouttableitem --> <!-- BO bodyContentZMSCustom_layouttableitem --><\/p>\n<td style=\"background-color: #ffffff;\" valign=\"middle\"><\/td>\n<p><!-- EO bodyContentZMSCustom_layouttableitem --><\/tr>\n<tr><!-- BO bodyContentZMSCustom_layouttableitem --><\/p>\n<td style=\"background-color: #eeeeee;\" valign=\"middle\">\n<p id=\"cell1011\"><b><span style=\"font-family: Arial;\">Installationssupport<\/span><\/b><\/p>\n<\/td>\n<p><!-- EO bodyContentZMSCustom_layouttableitem --> <!-- BO bodyContentZMSCustom_layouttableitem --><\/p>\n<td style=\"background-color: #ffffff;\" valign=\"middle\">\n<p id=\"cell1013\"><span style=\"font-family: Arial;\">Wir unterst\u00fctzen Sie bei der Installation und Inbetriebnahme unserer Standardprodukte.<\/span><\/p>\n<\/td>\n<p><!-- EO bodyContentZMSCustom_layouttableitem --><\/tr>\n<tr><!-- BO bodyContentZMSCustom_layouttableitem --><\/p>\n<td style=\"background-color: #ffffff;\" valign=\"middle\"><\/td>\n<p><!-- EO bodyContentZMSCustom_layouttableitem --> <!-- BO bodyContentZMSCustom_layouttableitem --><\/p>\n<td style=\"background-color: #ffffff;\" valign=\"middle\"><\/td>\n<p><!-- EO bodyContentZMSCustom_layouttableitem --><\/tr>\n<tr><!-- BO bodyContentZMSCustom_layouttableitem --><\/p>\n<td style=\"background-color: #eeeeee;\" valign=\"middle\">\n<p id=\"cell1017\"><b><span style=\"font-family: Arial;\">Technischer Support vor Ort<\/span><\/b>\n<\/p>\n<\/td>\n<p><!-- EO bodyContentZMSCustom_layouttableitem --> <!-- BO bodyContentZMSCustom_layouttableitem --><\/p>\n<td style=\"background-color: #ffffff;\" valign=\"middle\">\n<p id=\"cell1019\"><span style=\"font-family: Arial;\">Unsere geschulten Mitarbeiter unterst\u00fctzen Sie bei Ihren technischen Problemstellungen vor Ort.<\/span><\/p>\n<\/td>\n<\/tr>\n<\/tbody>\n<\/table>\n","protected":false},"excerpt":{"rendered":"<p>Home \u00bb Notes Domino \u00bb Dienstleistungen \u00bb Support &nbsp; Wenn jede Minute z\u00e4hlt, ist eine schnelle und flexible Unterst\u00fctzung ohne lange Kommunikationswege von gro\u00dfer Bedeutung. L-Net bietet Ihnen ein breites Spektrum an Support-Leistungen, die auf Ihre speziellen Anforderungen hin zugeschnitten sind. Wir sichern eine unkomplizierte Komplettbetreuung Ihrer Notes Domino-Umgebung, damit ein effizienter Betrieb des Systems [&hellip;]<\/p>\n","protected":false},"author":1,"featured_media":0,"parent":0,"menu_order":0,"comment_status":"closed","ping_status":"open","template":"","meta":{"footnotes":""},"class_list":["post-253","page","type-page","status-publish","hentry"],"_links":{"self":[{"href":"https:\/\/l-net.net\/index.php\/wp-json\/wp\/v2\/pages\/253","targetHints":{"allow":["GET"]}}],"collection":[{"href":"https:\/\/l-net.net\/index.php\/wp-json\/wp\/v2\/pages"}],"about":[{"href":"https:\/\/l-net.net\/index.php\/wp-json\/wp\/v2\/types\/page"}],"author":[{"embeddable":true,"href":"https:\/\/l-net.net\/index.php\/wp-json\/wp\/v2\/users\/1"}],"replies":[{"embeddable":true,"href":"https:\/\/l-net.net\/index.php\/wp-json\/wp\/v2\/comments?post=253"}],"version-history":[{"count":52,"href":"https:\/\/l-net.net\/index.php\/wp-json\/wp\/v2\/pages\/253\/revisions"}],"predecessor-version":[{"id":5108,"href":"https:\/\/l-net.net\/index.php\/wp-json\/wp\/v2\/pages\/253\/revisions\/5108"}],"wp:attachment":[{"href":"https:\/\/l-net.net\/index.php\/wp-json\/wp\/v2\/media?parent=253"}],"curies":[{"name":"wp","href":"https:\/\/api.w.org\/{rel}","templated":true}]}}