{"id":249,"date":"2014-06-17T14:34:27","date_gmt":"2014-06-17T12:34:27","guid":{"rendered":"http:\/\/l-netwbn.bplaced.net\/wordpress\/?page_id=249"},"modified":"2020-06-17T16:28:25","modified_gmt":"2020-06-17T14:28:25","slug":"administration","status":"publish","type":"page","link":"https:\/\/l-net.net\/index.php\/administration\/","title":{"rendered":"<span style=\"font-family:Arial\">Administration<\/span>"},"content":{"rendered":"<pre><span style=\"font-family: 'Arial'; font-size: 0.82em;\"> <span style=\"color: #339966;\"><a title=\"Home\" href=\"https:\/\/l-net.net\/\"><span style=\"color: #339966;\">Home<\/span><\/a><\/span> \u00bb<a title=\"Notes Domino bei L-Net\" href=\"https:\/\/l-net.net\/index.php\/lotus-notes-bei-l-net\/\"><span style=\"color: #339966;\"> Notes Domino<\/span><\/a> \u00bb <span style=\"color: #339966;\"><a title=\"Dienstleistungen\" href=\"https:\/\/l-net.net\/index.php\/lotus-notes-dienstleistungen\/\"><span style=\"color: #339966;\">Dienstleistungen<\/span><\/a><\/span> \u00bb<span style=\"color: #000000;\"> Administration<\/span><\/span><\/pre>\n<p>&nbsp;<br \/>\n<span style=\"font-family: Arial;\">Eine kompetente Administration ist der Grundpfeiler f\u00fcr ein fehlerfrei laufendes System. Wir administrieren Ihr Notes-Domino-System durch praxiserfahrene L-Net Mitarbeiter vor Ort, durch Fernwartung oder telefonischen Support. Dar\u00fcber hinaus helfen wir Ihnen bei der Aus- und Weiterbildung Ihrer eigenen Administratoren.<\/span><\/p>\n<table style=\"height: 193px;\" width=\"682\">\n<tbody>\n<tr>\n<td><strong><span style=\"font-family: Arial;\">Vor Ort<\/span><\/strong><\/td>\n<td><span style=\"font-family: Arial; font-size: 0.85em; color: #000000;\">L-Net stellt Ihnen praxiserfahrene Administratoren f\u00fcr die Wartung oder den Neuaufbau Ihres IT-Systems zur Verf\u00fcgung. Durch intensive Vorgespr\u00e4che und Vorplanung w\u00e4hlen wir einen f\u00fcr Ihre Bed\u00fcrfnisse ideal geeigneten Mitarbeiter aus.<\/span><\/td>\n<\/tr>\n<tr>\n<td><strong><span style=\"font-family: Arial;\">Fernwartung<\/span><\/strong><\/td>\n<td><span style=\"font-family: Arial; font-size: 0.85em; color: #000000;\">Wir administrieren Ihr System mit Hilfe von bew\u00e4hrten und sicheren Fernwartungsinstrumenten (VPN, spezielle Tools). Dadurch k\u00f6nnen wir im Problemfall sofort eingreifen oder auch routinem\u00e4\u00dfige Wartungsarbeiten durchf\u00fchren. Nach Absprache setzen wir auch automatisierte Tools ein, die Ihr System \u00fcberwachen und Ihnen sowie auch L-Net im Fehlerfall sofort eine Mitteilung senden k\u00f6nnen.<\/span><\/td>\n<\/tr>\n<tr>\n<td><strong><span style=\"font-family: Arial;\">Beratung Planung<\/span><\/strong><\/td>\n<td><span style=\"font-family: Arial; font-size: 0.85em; color: #000000;\">Sie m\u00f6chten Ihr System ver\u00e4ndern? Fragen Sie uns, ob der Nutzen gegen\u00fcber dem Aufwand gerechtfertigt ist. Auf Wunsch erstellen wir Ihnen eine komplette Vorplanung inkl. detailliertem Projektplan.<\/span><\/td>\n<\/tr>\n<\/tbody>\n<\/table>\n","protected":false},"excerpt":{"rendered":"<p>Home \u00bb Notes Domino \u00bb Dienstleistungen \u00bb Administration &nbsp; Eine kompetente Administration ist der Grundpfeiler f\u00fcr ein fehlerfrei laufendes System. Wir administrieren Ihr Notes-Domino-System durch praxiserfahrene L-Net Mitarbeiter vor Ort, durch Fernwartung oder telefonischen Support. Dar\u00fcber hinaus helfen wir Ihnen bei der Aus- und Weiterbildung Ihrer eigenen Administratoren. Vor Ort L-Net stellt Ihnen praxiserfahrene Administratoren [&hellip;]<\/p>\n","protected":false},"author":1,"featured_media":0,"parent":0,"menu_order":0,"comment_status":"closed","ping_status":"open","template":"","meta":{"footnotes":""},"class_list":["post-249","page","type-page","status-publish","hentry"],"_links":{"self":[{"href":"https:\/\/l-net.net\/index.php\/wp-json\/wp\/v2\/pages\/249","targetHints":{"allow":["GET"]}}],"collection":[{"href":"https:\/\/l-net.net\/index.php\/wp-json\/wp\/v2\/pages"}],"about":[{"href":"https:\/\/l-net.net\/index.php\/wp-json\/wp\/v2\/types\/page"}],"author":[{"embeddable":true,"href":"https:\/\/l-net.net\/index.php\/wp-json\/wp\/v2\/users\/1"}],"replies":[{"embeddable":true,"href":"https:\/\/l-net.net\/index.php\/wp-json\/wp\/v2\/comments?post=249"}],"version-history":[{"count":42,"href":"https:\/\/l-net.net\/index.php\/wp-json\/wp\/v2\/pages\/249\/revisions"}],"predecessor-version":[{"id":5107,"href":"https:\/\/l-net.net\/index.php\/wp-json\/wp\/v2\/pages\/249\/revisions\/5107"}],"wp:attachment":[{"href":"https:\/\/l-net.net\/index.php\/wp-json\/wp\/v2\/media?parent=249"}],"curies":[{"name":"wp","href":"https:\/\/api.w.org\/{rel}","templated":true}]}}