{"id":237,"date":"2014-06-17T14:33:35","date_gmt":"2014-06-17T12:33:35","guid":{"rendered":"http:\/\/l-netwbn.bplaced.net\/wordpress\/?page_id=237"},"modified":"2020-06-17T15:29:30","modified_gmt":"2020-06-17T13:29:30","slug":"beratung","status":"publish","type":"page","link":"https:\/\/l-net.net\/index.php\/beratung\/","title":{"rendered":"<span style=\"font-family:Arial\">Beratung<\/span>"},"content":{"rendered":"<pre><span style=\"font-family: 'Arial'; font-size: 0.82em;\"><span style=\"color: #339966;\"><a title=\"Home\" href=\"https:\/\/l-net.net\/\"><span style=\"color: #339966;\"> Home<\/span><\/a><\/span> \u00bb <a title=\"Lotus Notes bei L-Net\" href=\"https:\/\/l-net.net\/index.php\/lotus-notes-bei-l-net\/\"><span style=\"color: #339966;\">HCL Notes Domino<\/span> <\/a>\u00bb <span style=\"color: #339966;\"> <a title=\"L-Net IT-Dienstleistungen f\u00fcr HCL Notes\" href=\"https:\/\/l-net.net\/index.php\/lotus-notes-dienstleistungen\/\"><span style=\"color: #339966;\">Dienstleistungen <\/span><\/a><\/span>\u00bb <span style=\"color: #000000;\">Beratung \n<\/span><\/span><\/pre>\n<p>&nbsp;<br \/>\n<span style=\"font-family: Arial;\">Eine gute Beratung spart Zeit und Geld. <a href=\"https:\/\/l-net.net\/wp-content\/uploads\/2014\/06\/L-Net_Wiesbaden_Beratung_Lotus-Notes.jpg\"><img loading=\"lazy\" decoding=\"async\" class=\"alignleft wp-image-3170 size-full\" title=\"Lotus Notes Experte ber\u00e4t Mitarbeiter\" src=\"https:\/\/l-net.net\/wp-content\/uploads\/2014\/06\/L-Net_Wiesbaden_Beratung_Lotus-Notes.jpg\" alt=\"Lotus Notes Experte ber\u00e4t Mitarbeiter\" width=\"300\" height=\"200\" \/><\/a><br \/>\nDeshalb nimmt die individuelle Beratung bei L-Net einen breiten und bedeutenden Raum ein. Wir bieten Ihnen eine zuverl\u00e4ssige und kompetente Fachberatung auf vielen Gebieten, die ganzheitlich in Ihrem Interesse gedacht ist.<br \/>\n&nbsp;<br \/>\nOb Gesch\u00e4ftsprozesse, Technologie oder Infrastruktur, aufgrund unserer langj\u00e4hrigen Erfahrung beraten wir Sie professionell und objektiv bei der Konzeption und Umsetzung der richtigen Strategie.<br \/>\n&nbsp;<br \/>\nWir analysieren Optimierungspotential (Situationsanalyse und gemeinsame Zielformulierung) und Risiken. Dann sprechen wir Ihnen eine Empfehlung aus, welche Soft- und Hardwarel\u00f6sungen am besten f\u00fcr Ihr Unternehmen geeignet sind &#8211; im Sinne Ihres gew\u00fcnschten Endresultats.<br \/>\n&nbsp;<br \/>\nVertrauen Sie einer Unterst\u00fctzung aus professioneller Hand!<\/span><\/p>\n<p><a title=\"Beratung Notes Domino\" href=\"https:\/\/l-net.net\/index.php\/beratung-hcl-notes-domino\/\"><span style=\"font-family: Arial; color: #008000;\">Beratung Notes Domino<\/span><\/a><\/p>\n","protected":false},"excerpt":{"rendered":"<p>Home \u00bb HCL Notes Domino \u00bb Dienstleistungen \u00bb Beratung &nbsp; Eine gute Beratung spart Zeit und Geld. Deshalb nimmt die individuelle Beratung bei L-Net einen breiten und bedeutenden Raum ein. Wir bieten Ihnen eine zuverl\u00e4ssige und kompetente Fachberatung auf vielen Gebieten, die ganzheitlich in Ihrem Interesse gedacht ist. &nbsp; Ob Gesch\u00e4ftsprozesse, Technologie oder Infrastruktur, aufgrund [&hellip;]<\/p>\n","protected":false},"author":1,"featured_media":0,"parent":0,"menu_order":0,"comment_status":"closed","ping_status":"open","template":"","meta":{"footnotes":""},"class_list":["post-237","page","type-page","status-publish","hentry"],"_links":{"self":[{"href":"https:\/\/l-net.net\/index.php\/wp-json\/wp\/v2\/pages\/237","targetHints":{"allow":["GET"]}}],"collection":[{"href":"https:\/\/l-net.net\/index.php\/wp-json\/wp\/v2\/pages"}],"about":[{"href":"https:\/\/l-net.net\/index.php\/wp-json\/wp\/v2\/types\/page"}],"author":[{"embeddable":true,"href":"https:\/\/l-net.net\/index.php\/wp-json\/wp\/v2\/users\/1"}],"replies":[{"embeddable":true,"href":"https:\/\/l-net.net\/index.php\/wp-json\/wp\/v2\/comments?post=237"}],"version-history":[{"count":67,"href":"https:\/\/l-net.net\/index.php\/wp-json\/wp\/v2\/pages\/237\/revisions"}],"predecessor-version":[{"id":5102,"href":"https:\/\/l-net.net\/index.php\/wp-json\/wp\/v2\/pages\/237\/revisions\/5102"}],"wp:attachment":[{"href":"https:\/\/l-net.net\/index.php\/wp-json\/wp\/v2\/media?parent=237"}],"curies":[{"name":"wp","href":"https:\/\/api.w.org\/{rel}","templated":true}]}}