{"id":222,"date":"2014-06-17T14:06:01","date_gmt":"2014-06-17T12:06:01","guid":{"rendered":"http:\/\/l-netwbn.bplaced.net\/wordpress\/?page_id=222"},"modified":"2020-03-09T16:05:18","modified_gmt":"2020-03-09T14:05:18","slug":"l-net-philosophie","status":"publish","type":"page","link":"https:\/\/l-net.net\/index.php\/l-net-philosophie\/","title":{"rendered":"<span style=\"font-family:Arial\">Philosophie von L-Net<\/span>"},"content":{"rendered":"<pre><span style=\"font-family: 'Arial'; font-size: 0.82em;\"><span style=\"color: #339966;\"> <a title=\"Home\" href=\"https:\/\/l-net.net\/\"><span style=\"color: #339966;\">Home <\/span><\/a><\/span>\u00bb <span style=\"color: #339966;\"><a title=\"Unternehmen\" href=\"https:\/\/l-net.net\/index.php\/l-net-unternehmen\/\"><span style=\"color: #339966;\">Unternehmen<\/span><\/a><\/span> \u00bb<span style=\"color: #000000;\"> Philosophie<\/span><\/span><\/pre>\n<p>&nbsp;<\/p>\n<h3><span style=\"text-decoration: underline;\"><span style=\"font-family: Arial;\">Unternehmensziel<\/span><\/span><\/h3>\n<p><span style=\"font-family: 'Arial'; font-style: italic;\"> \u201eWer nicht wei\u00df, wo er hin will, darf sich nicht wundern, wenn er woanders ankommt.&#8220;<\/span><br \/>\n<span style=\"font-family: Arial;\">(Mark Twain)<\/span><\/p>\n<p><span style=\"font-family: Arial;\">Wir wissen was wir wollen!<\/span><\/p>\n<p><span style=\"font-family: Arial;\">Wir wollen Ihr langfristiger HCL Notes Domino und IT-Partner sein, der Sie zuverl\u00e4ssig und kompetent begleitet. Ihr Erfolg definiert unseren. Unser oberstes Ziel ist daher, Sie bei der Optimierung Ihrer Gesch\u00e4ftsprozesse zu unterst\u00fctzen.<\/span><\/p>\n<h3><span style=\"text-decoration: underline;\"><span style=\"font-family: Arial;\">Kundenorientierung<\/span><\/span><\/h3>\n<p><span style=\"font-family: Arial;\">Seit \u00fcber 20 Jahren stehen Sie &#8211; der Kunde &#8211; im Fokus unseres Handelns. Unsere s\u00e4mtlichen Aktivit\u00e4ten sind darauf ausgerichtet, Ihnen zum Erfolg zu verhelfen.<\/span><\/p>\n<p><span style=\"font-family: Arial;\">Immer dann, wenn:<\/span><\/p>\n<ul>\n<li>intelligente, innovative und individuelle L\u00f6sungen<\/li>\n<li>schnelle und \u201eunb\u00fcrokratische\u201c Reaktionen<\/li>\n<li>flexible und zuverl\u00e4ssige Ansprechpartner<\/li>\n<\/ul>\n<p><span style=\"font-family: Arial;\">gefragt werden, sind wir f\u00fcr Sie da.<\/span><\/p>\n<p><span style=\"font-family: Arial;\">Die Kundenzufriedenheit wird bei uns gro\u00df geschrieben: Wir setzen auf eine partnerschaftliche, vertrauensvolle und dauerhaft erfolgreiche Zusammenarbeit.<br \/>\nGetreu unserem Motto: \u201eGemeinsam Ziele erreichen\u201c.<\/span><\/p>\n<h3><span style=\"text-decoration: underline;\"><span style=\"font-family: Arial;\">Mitarbeiter\/innen<\/span><\/span><\/h3>\n<p><span style=\"font-family: Arial;\">Es gibt viele Gr\u00fcnde, um mit L-Net Kontakt aufzunehmen: einer ist unser kompetentes und freundliches Personal.<br \/>\nOptimale Ergebnisse lassen sich nur in einem Team von qualifizierten Mitarbeitern und Mitarbeiterinnen erzielen, die aktiv und vertrauensvoll gemeinsam \u201ean einem Strang ziehen&#8220;. Unsere zuverl\u00e4ssigen Fachkr\u00e4fte stehen Ihnen jederzeit zur Verf\u00fcgung. Mit ihrem Engagement und guten Ideen sorgen sie f\u00fcr Ihren Erfolg.<\/span><\/p>\n<h3><span style=\"text-decoration: underline;\"><span style=\"font-family: Arial;\">Kommunikation<\/span><\/span><\/h3>\n<p><span style=\"font-family: Arial;\">Aktive und offene Kommunikation stellt die Grundlage f\u00fcr gute Beziehungen dar. Wir pflegen deshalb eine transparente Informationspolitik, die sowohl intern als auch extern gilt.<br \/>\nIhr Vorteil: Sie finden immer schnell den richtigen Ansprechpartner, der Sie zuverl\u00e4ssig und individuell beraten und betreuen wird. Egal ob in Sachen Notes Domino, Webseiten-Optimierung oder anderen IT-Themen. Ehrlichkeit, Wertsch\u00e4tzung und Vertrauen &#8211; das sind Werte, die uns dabei wichtig sind.<\/span><\/p>\n<h3><span style=\"text-decoration: underline;\"><span style=\"font-family: Arial;\">Innovation<\/span><\/span><\/h3>\n<p><span style=\"font-family: Arial;\">Die Entwicklungszyklen in der Informationstechnologie sind die raschesten aller Branchen. Um dem Fortschritt gerecht zu werden, ist permanente Einarbeitung bzw. Weiterbildung der Mitarbeiter in neue Techniken und Technologien ein Muss. Denn nur Innovation sichert langfristig unseren Anspruch, qualitativ hochwertige Dienstleistungen und Produkte anzubieten. Neue und zukunftsorientierte L\u00f6sungen k\u00f6nnen Sie stets von uns erwarten.<\/span><\/p>\n<p>&nbsp;<\/p>\n<p>&nbsp;<\/p>\n","protected":false},"excerpt":{"rendered":"<p>Home \u00bb Unternehmen \u00bb Philosophie &nbsp; Unternehmensziel \u201eWer nicht wei\u00df, wo er hin will, darf sich nicht wundern, wenn er woanders ankommt.&#8220; (Mark Twain) Wir wissen was wir wollen! Wir wollen Ihr langfristiger HCL Notes Domino und IT-Partner sein, der Sie zuverl\u00e4ssig und kompetent begleitet. Ihr Erfolg definiert unseren. Unser oberstes Ziel ist daher, Sie [&hellip;]<\/p>\n","protected":false},"author":1,"featured_media":0,"parent":0,"menu_order":0,"comment_status":"closed","ping_status":"open","template":"","meta":{"footnotes":""},"class_list":["post-222","page","type-page","status-publish","hentry"],"_links":{"self":[{"href":"https:\/\/l-net.net\/index.php\/wp-json\/wp\/v2\/pages\/222","targetHints":{"allow":["GET"]}}],"collection":[{"href":"https:\/\/l-net.net\/index.php\/wp-json\/wp\/v2\/pages"}],"about":[{"href":"https:\/\/l-net.net\/index.php\/wp-json\/wp\/v2\/types\/page"}],"author":[{"embeddable":true,"href":"https:\/\/l-net.net\/index.php\/wp-json\/wp\/v2\/users\/1"}],"replies":[{"embeddable":true,"href":"https:\/\/l-net.net\/index.php\/wp-json\/wp\/v2\/comments?post=222"}],"version-history":[{"count":62,"href":"https:\/\/l-net.net\/index.php\/wp-json\/wp\/v2\/pages\/222\/revisions"}],"predecessor-version":[{"id":5074,"href":"https:\/\/l-net.net\/index.php\/wp-json\/wp\/v2\/pages\/222\/revisions\/5074"}],"wp:attachment":[{"href":"https:\/\/l-net.net\/index.php\/wp-json\/wp\/v2\/media?parent=222"}],"curies":[{"name":"wp","href":"https:\/\/api.w.org\/{rel}","templated":true}]}}