{"id":212,"date":"2014-06-17T13:57:17","date_gmt":"2014-06-17T11:57:17","guid":{"rendered":"http:\/\/l-netwbn.bplaced.net\/wordpress\/?page_id=212"},"modified":"2019-11-29T16:13:23","modified_gmt":"2019-11-29T14:13:23","slug":"l-net-partner","status":"publish","type":"page","link":"https:\/\/l-net.net\/index.php\/l-net-partner\/","title":{"rendered":"<span style=\"font-family:Arial\">Partner<\/span>"},"content":{"rendered":"<pre><span style=\"font-family: 'Arial'; font-size: 0.82em;\"> <span style=\"color: #339966;\"><a title=\"Home\" href=\"https:\/\/l-net.net\/\"><span style=\"color: #339966;\">Home<\/span><\/a><\/span> \u00bb <span style=\"color: #339966;\"><a title=\"Unternehmen\" href=\"https:\/\/l-net.net\/index.php\/l-net-unternehmen\/\"><span style=\"color: #339966;\">Unternehmen<\/span><\/a><\/span> \u00bb <span style=\"color: #000000;\">Partner                               <\/span><\/span><\/pre>\n<p>&nbsp;<br \/>\n<span style=\"font-family: Arial;\">Als langj\u00e4hriger ehemals IBM (jetzt HCL-Partner) und Microsoft-Partner sind wir in den Bereichen:<\/span><\/p>\n<ul>\n<li>Daten- und Informationsmanagement<\/li>\n<li>Kommunikations- und Gesch\u00e4ftsanwendungen<\/li>\n<li>Portale und elektronisches Teamwork<\/li>\n<li>eCommerce<\/li>\n<li>Integration von Gesch\u00e4ftsprozessen<a title=\"HCL Business Partner\" href=\"https:\/\/www.hcltech.com\/de\" target=\"_blank\"><img loading=\"lazy\" decoding=\"async\" class=\"alignright wp-image-213\" src=\"https:\/\/l-net.net\/wp-content\/uploads\/2017\/05\/HCL-Partner-Logo.png\" alt=\"\" width=\"312\" height=\"128\" \/><\/a><\/li>\n<\/ul>\n<p id=\"e641\"><span style=\"font-family: Arial;\">Ihr kompetenter Ansprechpartner.<\/span><\/p>\n<p><span style=\"font-family: Arial;\">Gerne zeigen wir Ihnen die f\u00fcr Sie nutzbringenden M\u00f6glichkeiten auf.<\/span><br \/>\n&nbsp;<br \/>\n&nbsp;<br \/>\n&nbsp;<\/p>\n","protected":false},"excerpt":{"rendered":"<p>Home \u00bb Unternehmen \u00bb Partner &nbsp; Als langj\u00e4hriger ehemals IBM (jetzt HCL-Partner) und Microsoft-Partner sind wir in den Bereichen: Daten- und Informationsmanagement Kommunikations- und Gesch\u00e4ftsanwendungen Portale und elektronisches Teamwork eCommerce Integration von Gesch\u00e4ftsprozessen Ihr kompetenter Ansprechpartner. Gerne zeigen wir Ihnen die f\u00fcr Sie nutzbringenden M\u00f6glichkeiten auf. &nbsp; &nbsp; &nbsp;<\/p>\n","protected":false},"author":1,"featured_media":0,"parent":0,"menu_order":0,"comment_status":"closed","ping_status":"open","template":"","meta":{"footnotes":""},"class_list":["post-212","page","type-page","status-publish","hentry"],"_links":{"self":[{"href":"https:\/\/l-net.net\/index.php\/wp-json\/wp\/v2\/pages\/212","targetHints":{"allow":["GET"]}}],"collection":[{"href":"https:\/\/l-net.net\/index.php\/wp-json\/wp\/v2\/pages"}],"about":[{"href":"https:\/\/l-net.net\/index.php\/wp-json\/wp\/v2\/types\/page"}],"author":[{"embeddable":true,"href":"https:\/\/l-net.net\/index.php\/wp-json\/wp\/v2\/users\/1"}],"replies":[{"embeddable":true,"href":"https:\/\/l-net.net\/index.php\/wp-json\/wp\/v2\/comments?post=212"}],"version-history":[{"count":44,"href":"https:\/\/l-net.net\/index.php\/wp-json\/wp\/v2\/pages\/212\/revisions"}],"predecessor-version":[{"id":4970,"href":"https:\/\/l-net.net\/index.php\/wp-json\/wp\/v2\/pages\/212\/revisions\/4970"}],"wp:attachment":[{"href":"https:\/\/l-net.net\/index.php\/wp-json\/wp\/v2\/media?parent=212"}],"curies":[{"name":"wp","href":"https:\/\/api.w.org\/{rel}","templated":true}]}}