{"id":1023,"date":"2014-06-27T09:53:11","date_gmt":"2014-06-27T07:53:11","guid":{"rendered":"http:\/\/l-netwbn.bplaced.net\/wordpress\/?page_id=1023"},"modified":"2020-06-17T15:48:55","modified_gmt":"2020-06-17T13:48:55","slug":"lotus-notes-softwareentwicklung","status":"publish","type":"page","link":"https:\/\/l-net.net\/index.php\/lotus-notes-softwareentwicklung\/","title":{"rendered":"<span style=\"font-family:Arial\">Notes Domino Softwareentwicklung<\/span>"},"content":{"rendered":"<pre><span style=\"font-family: 'Arial'; font-size: 0.82em;\"> <span style=\"color: #339966;\"><a title=\"Home\" href=\"https:\/\/l-net.net\/\"><span style=\"color: #339966;\">Home<\/span><\/a><\/span> \u00bb <span style=\"color: #339966;\"><a title=\"Notes Domino bei L-Net\" href=\"https:\/\/l-net.net\/index.php\/lotus-notes-bei-l-net\/\"><span style=\"color: #339966;\">Notes Domino<\/span><\/a><\/span> \u00bb<span style=\"color: #339966;\"> <a title=\"Dienstleistungen\" href=\"https:\/\/l-net.net\/index.php\/lotus-notes-dienstleistungen\/\"><span style=\"color: #339966;\">Dienstleistungen <\/span><\/a><\/span>\u00bb <span style=\"color: #339966;\"><a title=\"Lotus Notes Softwareentwicklung\" href=\"https:\/\/l-net.net\/index.php\/lotus-notes-softwareentwicklung\/\"><span style=\"color: #339966;\">Softwareentwicklung<\/span><\/a><\/span> \u00bb <span style=\"color: #000000;\">HCL Notes Domino<\/span><\/span><\/pre>\n<p>&nbsp;<br \/>\n<span style=\"font-family: Arial;\">HCL Notes Domino bietet Ihnen aufgrund der M\u00f6glichkeiten zum Rapid Application Development und der systeminternen Funktionalit\u00e4ten einen idealen Zugang zu Ihrer Individualsoftware.<br \/>\nNutzen Sie unser Know-How und die Potenziale von Notes Domino zu nachhaltigen Kostensenkungen und zur Effizienzsteigerung in Ihrem Unternehmen.<\/p>\n<div>&nbsp;<\/div>\n<p>Ob es sich um<\/span><\/p>\n<ul>\n<li>Internet, Intranet, Extranet, Portale<\/li>\n<li>Workflow-Systeme<\/li>\n<li>Dokumenten-\/Wissensmanagement<\/li>\n<li>Archivierungsl\u00f6sungen<\/li>\n<li>Content-Management<\/li>\n<li>CRM<\/li>\n<li>Schnittstellen<\/li>\n<li>Integration mit anderen Systemen<\/li>\n<\/ul>\n<div>&nbsp;<\/div>\n<p><span style=\"font-family: Arial;\">oder Ihre eigenen, individuellen Ziele handelt, erf\u00fcllt L-Net Ihre Anspr\u00fcche, unabh\u00e4ngig von Unternehmensform und -gr\u00f6\u00dfe.<\/span><\/p>\n<p><span style=\"font-family: Arial;\">M\u00f6chten Sie, dass Ihre Notes-Anwendungen auch mit einem Web-Browser bedient werden k\u00f6nnen, um z.B. Ihrem Au\u00dfendienst den Zugriff auf alle relevanten Informationen von unterwegs zu erm\u00f6glichen?<br \/>\nKundenspezifisch entwickelte Software bildet nur noch selten eine reine &#8222;Stand-alone&#8220;-L\u00f6sung. Aufgrund der zusammenwachsenden Infrastrukturen wird eine Integration von und zu bestehender Individual- und Standardsoftware immer wichtiger.<\/span><\/p>\n<p><span style=\"font-family: Arial;\">Durch unsere langj\u00e4hrige Erfahrung als Hersteller von Standardprodukten und Individualsoftware unter HCL Notes Domino sind wir mit schneller Reaktion auf spezielle Anforderungsw\u00fcnsche bestens vertraut.<br \/>\nAls HCL Partner mit den entsprechenden Zertifizierungen (ehemals IBM), stehen wir Ihnen kompetent zur Seite.<\/span><\/p>\n<div>&nbsp;<\/div>\n","protected":false},"excerpt":{"rendered":"<p>Home \u00bb Notes Domino \u00bb Dienstleistungen \u00bb Softwareentwicklung \u00bb HCL Notes Domino &nbsp; HCL Notes Domino bietet Ihnen aufgrund der M\u00f6glichkeiten zum Rapid Application Development und der systeminternen Funktionalit\u00e4ten einen idealen Zugang zu Ihrer Individualsoftware. Nutzen Sie unser Know-How und die Potenziale von Notes Domino zu nachhaltigen Kostensenkungen und zur Effizienzsteigerung in Ihrem Unternehmen. &nbsp; [&hellip;]<\/p>\n","protected":false},"author":1,"featured_media":0,"parent":0,"menu_order":0,"comment_status":"closed","ping_status":"open","template":"","meta":{"footnotes":""},"class_list":["post-1023","page","type-page","status-publish","hentry"],"_links":{"self":[{"href":"https:\/\/l-net.net\/index.php\/wp-json\/wp\/v2\/pages\/1023","targetHints":{"allow":["GET"]}}],"collection":[{"href":"https:\/\/l-net.net\/index.php\/wp-json\/wp\/v2\/pages"}],"about":[{"href":"https:\/\/l-net.net\/index.php\/wp-json\/wp\/v2\/types\/page"}],"author":[{"embeddable":true,"href":"https:\/\/l-net.net\/index.php\/wp-json\/wp\/v2\/users\/1"}],"replies":[{"embeddable":true,"href":"https:\/\/l-net.net\/index.php\/wp-json\/wp\/v2\/comments?post=1023"}],"version-history":[{"count":40,"href":"https:\/\/l-net.net\/index.php\/wp-json\/wp\/v2\/pages\/1023\/revisions"}],"predecessor-version":[{"id":5105,"href":"https:\/\/l-net.net\/index.php\/wp-json\/wp\/v2\/pages\/1023\/revisions\/5105"}],"wp:attachment":[{"href":"https:\/\/l-net.net\/index.php\/wp-json\/wp\/v2\/media?parent=1023"}],"curies":[{"name":"wp","href":"https:\/\/api.w.org\/{rel}","templated":true}]}}