{"id":1018,"date":"2014-06-27T09:52:01","date_gmt":"2014-06-27T07:52:01","guid":{"rendered":"http:\/\/l-netwbn.bplaced.net\/wordpress\/?page_id=1018"},"modified":"2020-06-25T16:38:14","modified_gmt":"2020-06-25T14:38:14","slug":"mobile-applikationen","status":"publish","type":"page","link":"https:\/\/l-net.net\/index.php\/mobile-applikationen\/","title":{"rendered":"<span style=\"font-family:Arial\">Mobile Applikationen<\/span>"},"content":{"rendered":"<pre><span style=\"font-family: 'Arial'; font-size: 0.82em;\"><span style=\"color: #339966;\"><a title=\"Home\" href=\"https:\/\/l-net.net\/\"><span style=\"color: #339966;\">Home<\/span><\/a><\/span> \u00bb <span style=\"color: #339966;\"><a title=\"Notes Domino bei L-Net\" href=\"https:\/\/l-net.net\/index.php\/lotus-notes-bei-l-net\/\"><span style=\"color: #339966;\">Notes Domnino<\/span><\/a><\/span> \u00bb<span style=\"color: #339966;\"> <a title=\"Dienstleistungen\" href=\"https:\/\/l-net.net\/index.php\/lotus-notes-dienstleistungen\/\"><span style=\"color: #339966;\">Dienstleistungen <\/span><\/a><\/span>\u00bb <span style=\"color: #339966;\"><a title=\"Lotus Notes Softwareentwicklung\" href=\"https:\/\/l-net.net\/index.php\/lotus-notes-softwareentwicklung\/\"><span style=\"color: #339966;\">Softwareentwicklung<\/span><\/a><\/span><\/span><span style=\"font-family: 'Arial'; font-size: 0.82em;\"> \u00bb <span style=\"color: #000000;\">Mobile Applikationen<\/span><\/span><\/pre>\n<p>&nbsp;<\/p>\n<h2><span style=\"font-family: Arial;\">Mobile Applikationen und Notes Domino<\/span><\/h2>\n<p><span style=\"font-family: Arial;\">Mobile L\u00f6sungen werden immer wichtiger. Wir unterst\u00fctzen Sie bei der Neuentwicklung oder der Portierung bestehender Systeme. Die Vielfalt der Endger\u00e4te nimmt in Unternehmen immer mehr zu. Bei der Unterst\u00fctzung der Endger\u00e4te ber\u00fccksichtigen wir nicht nur die unterschiedlichsten Ein- und Ausgabem\u00f6glichkeiten, sondern auch die jeweils eingesetzten Betriebssysteme.<\/span><\/p>\n<p>In einer Vielzahl von Projekten mit mobilen Ger\u00e4ten konnten wir unser Wissen erfolgreich einsetzen und erweitern. Dabei kommen die Anfragen aus den unterschiedlichsten Bereichen und Branchen. Unter anderem haben wir f\u00fcr einen weltweit t\u00e4tigen Technologiekonzern eine Steuerungs- und Diagnosesoftware f\u00fcr Produktionsanlagen der Automobilindustrie auf Basis von Windows CE f\u00fcr den Einsatz mobiler Endger\u00e4te entwickelt.<\/p>\n<p><a href=\"https:\/\/l-net.net\/wp-content\/uploads\/2017\/05\/Tablet1.png\"><img decoding=\"async\" class=\"alignleft size-full\" title=\"L-Net Wiesbaden, Softwareentwicklung, Mobile Anwendungen - Tablet\" src=\"https:\/\/l-net.net\/wp-content\/uploads\/2017\/05\/Tablet1.png\" alt=\"L-Net Wiesbaden, Softwareentwicklung, Mobile Anwendungen - Tablet\" \/><\/a><span style=\"font-family: Arial;\">Wir freuen uns, wenn Sie Kontakt mit uns aufnehmen und wir mit Ihnen Ihre individuellen Anforderungen und Ziele besprechen k\u00f6nnen.<\/span><br \/>\n<a href=\"https:\/\/l-net.net\/wp-content\/uploads\/2017\/05\/Smartphone1.png\"><img decoding=\"async\" class=\"alignleft size-full\" title=\"L-Net Wiesbaden Softwareentwicklung, Mobile Anwendungen - Smartphone\" src=\"https:\/\/l-net.net\/wp-content\/uploads\/2017\/05\/Smartphone1.png\" alt=\"L-Net Wiesbaden, Softwareentwicklung, Mobile Anwendungen - Smartphone\" \/><\/a><br \/>\n<a href=\"https:\/\/l-net.net\/wp-content\/uploads\/2017\/05\/Laptop1.png\"><img decoding=\"async\" class=\"alignleft size-full\" title=\"L-Net Wiesbaden, Softwareentwicklung, Mobile Anwendungen - Laptop\" src=\"https:\/\/l-net.net\/wp-content\/uploads\/2017\/05\/Laptop1.png\" alt=\"L-Net Wiesbaden, Softwareentwicklung, Mobile Anwendungen - Laptop\" \/><\/a><br \/>\n&nbsp;<\/p>\n","protected":false},"excerpt":{"rendered":"<p>Home \u00bb Notes Domnino \u00bb Dienstleistungen \u00bb Softwareentwicklung \u00bb Mobile Applikationen &nbsp; Mobile Applikationen und Notes Domino Mobile L\u00f6sungen werden immer wichtiger. Wir unterst\u00fctzen Sie bei der Neuentwicklung oder der Portierung bestehender Systeme. Die Vielfalt der Endger\u00e4te nimmt in Unternehmen immer mehr zu. Bei der Unterst\u00fctzung der Endger\u00e4te ber\u00fccksichtigen wir nicht nur die unterschiedlichsten Ein- [&hellip;]<\/p>\n","protected":false},"author":1,"featured_media":0,"parent":0,"menu_order":0,"comment_status":"closed","ping_status":"open","template":"","meta":{"footnotes":""},"class_list":["post-1018","page","type-page","status-publish","hentry"],"_links":{"self":[{"href":"https:\/\/l-net.net\/index.php\/wp-json\/wp\/v2\/pages\/1018","targetHints":{"allow":["GET"]}}],"collection":[{"href":"https:\/\/l-net.net\/index.php\/wp-json\/wp\/v2\/pages"}],"about":[{"href":"https:\/\/l-net.net\/index.php\/wp-json\/wp\/v2\/types\/page"}],"author":[{"embeddable":true,"href":"https:\/\/l-net.net\/index.php\/wp-json\/wp\/v2\/users\/1"}],"replies":[{"embeddable":true,"href":"https:\/\/l-net.net\/index.php\/wp-json\/wp\/v2\/comments?post=1018"}],"version-history":[{"count":52,"href":"https:\/\/l-net.net\/index.php\/wp-json\/wp\/v2\/pages\/1018\/revisions"}],"predecessor-version":[{"id":5163,"href":"https:\/\/l-net.net\/index.php\/wp-json\/wp\/v2\/pages\/1018\/revisions\/5163"}],"wp:attachment":[{"href":"https:\/\/l-net.net\/index.php\/wp-json\/wp\/v2\/media?parent=1018"}],"curies":[{"name":"wp","href":"https:\/\/api.w.org\/{rel}","templated":true}]}}