{"id":1008,"date":"2014-06-27T09:49:01","date_gmt":"2014-06-27T07:49:01","guid":{"rendered":"http:\/\/l-netwbn.bplaced.net\/wordpress\/?page_id=1008"},"modified":"2020-01-27T17:57:30","modified_gmt":"2020-01-27T15:57:30","slug":"web-applikationen","status":"publish","type":"page","link":"https:\/\/l-net.net\/index.php\/web-applikationen\/","title":{"rendered":"<span style=\"font-family:Arial\">Web-Applikationen auf Basis von HCL Notes Domino<\/span>"},"content":{"rendered":"<pre><span style=\"font-family: 'Arial'; font-size: 0.82em;\"><span style=\"color: #339966;\"><a title=\"Home\" href=\"https:\/\/l-net.net\/\"><span style=\"color: #339966;\">Home<\/span><\/a><\/span> \u00bb <span style=\"color: #339966;\"><a title=\"Lotus Notes bei L-Net\" href=\"https:\/\/l-net.net\/index.php\/lotus-notes-bei-l-net\/\"><span style=\"color: #339966;\">Lotus Notes<\/span><\/a><\/span> \u00bb<span style=\"color: #339966;\"> <a title=\"Dienstleistungen\" href=\"https:\/\/l-net.net\/index.php\/lotus-notes-dienstleistungen\/\"><span style=\"color: #339966;\">Dienstleistungen <\/span><\/a><\/span>\u00bb <span style=\"color: #339966;\"><a title=\"Lotus Notes Softwareentwicklung\" href=\"https:\/\/l-net.net\/index.php\/lotus-notes-softwareentwicklung\/\"><span style=\"color: #339966;\">Softwareentwicklung<\/span><\/a><\/span><\/span><span style=\"font-family: 'Arial'; font-size: 0.82em;\">\u00bb<span style=\"color: #000000;\"> Web-Applikationen<\/span><\/span><\/pre>\n<p>&nbsp;<\/p>\n<h5><span style=\"font-family: Arial;\">Unsere erfahrenen Entwickler erstellen Web-Anwendungen &#8211; individuell auf Ihre Bed\u00fcrfnisse zugeschnitten.<\/span><\/h5>\n<table style=\"height: 231px;\" width=\"691\">\n<tbody>\n<tr>\n<td><strong><span style=\"font-family: Arial;\">Internet<\/span><\/strong><\/td>\n<td><span style=\"font-family: 'Arial'; font-size: 0.85em;\"> Sie ben\u00f6tigen Internetanwendungen mit dynamischem und sicherem Zugriff auf Ihre Unternehmensdaten aus nahezu beliebigen Systemen? Dabei entf\u00e4llt die aufw\u00e4ndige Content-Pflege weitestgehend, da die Daten in Echtzeit aus Ihren Datenbanksystemen ausgelesen, zusammengef\u00fchrt und im Browser (z.B. in Tabellen oder Charts) dargestellt werden. Sobald Daten aktualisiert werden, sind diese automatisch auch im Internet aktuell.<\/span><\/td>\n<\/tr>\n<tr>\n<td><strong><span style=\"font-family: Arial;\">Extranet<\/span><\/strong><\/td>\n<td><span style=\"font-family: 'Arial'; font-size: 0.85em;\"> Sie ben\u00f6tigen einen gesch\u00fctzten und sicheren Zugriff f\u00fcr Ihre Kunden und\/oder Mitarbeiter auf Ihre Unternehmensdaten und -programme? Hierbei spielen insbesondere die individuellen Rechte der Portal-Benutzer eine wesentliche Rolle, um die Zugriffsrechte auf Daten und Anwendungen zu steuern. Daher richten wir unser besonderes Augenmerk auf ein H\u00f6chstma\u00df an Sicherheit auf unterschiedlichsten Ebenen.<\/span><\/td>\n<\/tr>\n<tr>\n<td><strong><span style=\"font-family: Arial;\">Intranet<\/span><\/strong><\/td>\n<td><span style=\"font-family: 'Arial'; font-size: 0.85em;\"> Sie beabsichtigen, das Wirrwar an Einzelanwendungen durch Einf\u00fchrung eines Portals abzul\u00f6sen? Dann ben\u00f6tigen Sie einen zentralen Einstiegspunkt f\u00fcr Ihre Mitarbeiter auf Ihre Daten und -programme im Unternehmensnetzwerk. Wie beim Extranet ist hier ein H\u00f6chstma\u00df an Sicherheit erforderlich.<\/span><\/td>\n<\/tr>\n<\/tbody>\n<\/table>\n<p><span style=\"font-family: Arial;\">F\u00fcr jeden Einsatzbereich ist bei der Erstellung von individuellen Web-Applikationen auch die Thematik der Endger\u00e4te (PC, PDA, Handy, u. a.) und Browser(-versionen) zu ber\u00fccksichtigen.<\/span><\/p>\n<p>Bei der Auswahl der einzusetzenden Systeme richten wir uns nach Ihrer vorhandenen Umgebung oder beraten Sie gerne neutral, nach Ihren Anforderungen.<\/p>\n<table style=\"height: 184px;\" width=\"500\">\n<tbody>\n<tr>\n<td><strong>Systeme<\/strong><\/td>\n<td width=\"300\">\n<h3>Domino (Lotus Notes)<\/h3>\n<\/td>\n<td><\/td>\n<\/tr>\n<tr>\n<td><strong>Portale<\/strong><\/td>\n<td width=\"230\">\u00a0<span style=\"font-family: Arial; font-size: 0.85em;\">Integration in andere Portale<\/span><\/td>\n<td><\/td>\n<\/tr>\n<tr>\n<td><strong>Web Application Server<\/strong><\/td>\n<td width=\"230\">\u00a0<span style=\"font-family: 'Arial'; font-size: 0.85em;\">Domino (oder Integration in andere)<\/span><\/td>\n<td><\/td>\n<\/tr>\n<tr>\n<td><strong>Programmierung<\/strong><\/td>\n<td width=\"229\">\u00a0<span style=\"font-family: 'Arial'; font-size: 0.85em;\">Domino Developer, Lotus Expeditor<\/span><\/td>\n<td><\/td>\n<\/tr>\n<\/tbody>\n<\/table>\n","protected":false},"excerpt":{"rendered":"<p>Home \u00bb Lotus Notes \u00bb Dienstleistungen \u00bb Softwareentwicklung\u00bb Web-Applikationen &nbsp; Unsere erfahrenen Entwickler erstellen Web-Anwendungen &#8211; individuell auf Ihre Bed\u00fcrfnisse zugeschnitten. Internet Sie ben\u00f6tigen Internetanwendungen mit dynamischem und sicherem Zugriff auf Ihre Unternehmensdaten aus nahezu beliebigen Systemen? Dabei entf\u00e4llt die aufw\u00e4ndige Content-Pflege weitestgehend, da die Daten in Echtzeit aus Ihren Datenbanksystemen ausgelesen, zusammengef\u00fchrt und im [&hellip;]<\/p>\n","protected":false},"author":1,"featured_media":0,"parent":0,"menu_order":0,"comment_status":"closed","ping_status":"open","template":"","meta":{"footnotes":""},"class_list":["post-1008","page","type-page","status-publish","hentry"],"_links":{"self":[{"href":"https:\/\/l-net.net\/index.php\/wp-json\/wp\/v2\/pages\/1008","targetHints":{"allow":["GET"]}}],"collection":[{"href":"https:\/\/l-net.net\/index.php\/wp-json\/wp\/v2\/pages"}],"about":[{"href":"https:\/\/l-net.net\/index.php\/wp-json\/wp\/v2\/types\/page"}],"author":[{"embeddable":true,"href":"https:\/\/l-net.net\/index.php\/wp-json\/wp\/v2\/users\/1"}],"replies":[{"embeddable":true,"href":"https:\/\/l-net.net\/index.php\/wp-json\/wp\/v2\/comments?post=1008"}],"version-history":[{"count":51,"href":"https:\/\/l-net.net\/index.php\/wp-json\/wp\/v2\/pages\/1008\/revisions"}],"predecessor-version":[{"id":5040,"href":"https:\/\/l-net.net\/index.php\/wp-json\/wp\/v2\/pages\/1008\/revisions\/5040"}],"wp:attachment":[{"href":"https:\/\/l-net.net\/index.php\/wp-json\/wp\/v2\/media?parent=1008"}],"curies":[{"name":"wp","href":"https:\/\/api.w.org\/{rel}","templated":true}]}}